{"id":1063,"date":"2021-11-16T18:07:15","date_gmt":"2021-11-16T17:07:15","guid":{"rendered":"https:\/\/www.acgl.fr\/?page_id=1063"},"modified":"2026-04-08T17:45:12","modified_gmt":"2026-04-08T15:45:12","slug":"acionsecole","status":"publish","type":"page","link":"https:\/\/www.acgl.fr\/index.php\/acionsecole\/","title":{"rendered":"F-Avions \u00e9cole de 120 cv"},"content":{"rendered":"<div class=\"vce-row-container\"><div class=\"vce-row vce-element--has-background vce-row--col-gap-20 vce-row-no-paddings vce-row-equal-height vce-row-content--top\" data-vce-full-width=\"true\" data-vce-stretch-content=\"true\" id=\"el-0f12ba39\" data-vce-do-apply=\"all el-0f12ba39\"><div class=\"vce-content-background-container\"><div class=\"vce-asset-parallax-container vce-visible-all-only\" data-vce-assets-parallax=\".vce-asset-parallax\" data-vce-assets-parallax-reverse=\"false\"><div class=\"vce-asset-parallax\" style=\"top: -30vh; bottom: -30vh; transform: translateY(8.16304vh);\"><div class=\"vce-asset-background-simple-container vce-visible-all-only vce-asset-background-simple--style-cover vce-asset-background-simple--position-center-top\"><div class=\"vce-asset-background-simple\">\n              <div class=\"vce-asset-background-simple-item vcv-lozad\" data-background-image=\"http:\/\/dev.acgl.fr\/wp-content\/uploads\/2021\/11\/IMG_3211-scaled.jpg\"><\/div>\n              <noscript>\n                <div class=\"vce-asset-background-simple-item\" style=\"background-image: url(http:\/\/dev.acgl.fr\/wp-content\/uploads\/2021\/11\/IMG_3211-scaled.jpg)\"><\/div>\n              <\/noscript>\n            <\/div><\/div><\/div><\/div><\/div><div class=\"vce-row-content\" data-vce-element-content=\"true\"><div class=\"vce-col vce-col--md-15p vce-col--xs-1 vce-col--xs-last vce-col--xs-first vce-col--sm-last vce-col--sm-first vce-col--md-first vce-col--lg-first vce-col--xl-first\" id=\"el-fa3e33e9\"><div class=\"vce-col-inner\" data-vce-do-apply=\"border margin background  el-fa3e33e9\"><div class=\"vce-col-content\" data-vce-element-content=\"true\" data-vce-do-apply=\"padding el-fa3e33e9\"><div class=\"vcv-row-control-wrapper\"><\/div><\/div><\/div><\/div><div class=\"vce-col vce-col--md-auto vce-col--xs-1 vce-col--xs-last vce-col--xs-first vce-col--sm-last vce-col--sm-first\" id=\"el-840779eb\"><div class=\"vce-col-inner\" data-vce-do-apply=\"border margin background  el-840779eb\"><div class=\"vce-content-background-container\"><\/div><div class=\"vce-col-content\" data-vce-element-content=\"true\" data-vce-do-apply=\"padding el-840779eb\"><div class=\"vce-text-block\"><div class=\"vce-text-block-wrapper vce\" id=\"el-231f2a6b\" data-vce-do-apply=\"all el-231f2a6b\"><div><p><noscript><\/p>\n<style>.vce-row-container .vcv-lozad {display: none}<\/style>\n<p><\/noscript><noscript><link rel='stylesheet' href='http:\/\/dev.acgl.fr\/wp-content\/themes\/blocksy\/static\/bundle\/no-scripts.min.css' type='text\/css' \/><\/noscript><\/p><\/div><div><h2>Avions Ecole - DR400 de 120ch<\/h2><h2><img loading=\"lazy\" decoding=\"async\" class=\"wp-image-1172 size-full alignright\" src=\"https:\/\/www.acgl.fr\/wp-content\/uploads\/2021\/11\/F-GYKB-01-.jpg\" alt=\"\" width=\"175\" height=\"110\"><\/h2><p><strong>F-GGQD<\/strong> et <strong>F-GDYX<\/strong><\/p><p>De construction fran\u00e7aise (usine \u00e0 Dijon) le Robin DR400 est l\u2019appareil id\u00e9al pour toute formation initiale. Fiable, d\u00e9monstratif, l\u00e9ger et maniable, le DR400 est l\u2019un des avions les plus utilis\u00e9s dans les a\u00e9roclub et \u00e9coles de pilotage.<\/p><p>Depuis plusieurs d\u00e9cennies des milliers de pilotes professionnels ont fait leurs \u00ab premi\u00e8res armes \u00bb sur un Robin. Avionique analogique. &nbsp;Moteur Lycoming 120ch. &nbsp;3 passagers. 200km\/h. 4heures d\u2019autonomie (1).<\/p><p><span style=\"font-size: 8pt;\">(1) <em>Toutes les donn\u00e9es relatives \u00e0 la capacit\u00e9 d\u2019emport, \u00e0 la vitesse, \u00e0 l\u2019autonomie, \u2026 sont indicatives. Elles sont en effet largement d\u00e9pendantes de multiples facteurs tels que les conditions m\u00e9t\u00e9orologiques, les altitudes, la temp\u00e9rature, les \u00ab&nbsp;strat\u00e9gies&nbsp;\u00bb de vol, etc. <\/em><\/span><\/p><\/div><\/div><\/div><div class=\"vce-image-gallery vce-image-gallery--gap-10 vce-image-gallery--columns-2 vce-image-gallery--border-rounded\" data-photoswipe-gallery=\"46b16360\"><div class=\"vce-image-gallery-wrapper vce\" id=\"el-46b16360\" data-vce-do-apply=\"all el-46b16360\"><div class=\"vce-image-gallery-list\"><div class=\"vce-image-gallery-item\" data-photoswipe-item=\"photoswipe-46b16360\"><figure class=\"vce-image-gallery-item-inner-wrapper\"><a href=\"http:\/\/dev.acgl.fr\/wp-content\/uploads\/2021\/11\/F-GYKB-03.jpg\" data-photoswipe-image=\"46b16360\" data-photoswipe-index=\"0\" class=\"vce-image-gallery-item-inner\" data-pswp-uid=\"1\"><img decoding=\"async\" class=\"vce-image-gallery-img\" src=\"http:\/\/dev.acgl.fr\/wp-content\/uploads\/2021\/11\/F-GYKB-03-1024x576.jpg\" alt=\"\" title=\"F-GYKB-03\"><\/a><\/figure><\/div><div class=\"vce-image-gallery-item\" data-photoswipe-item=\"photoswipe-46b16360\"><figure class=\"vce-image-gallery-item-inner-wrapper\"><a href=\"http:\/\/dev.acgl.fr\/wp-content\/uploads\/2021\/12\/F-GGQD-01-scaled.jpg\" data-photoswipe-image=\"46b16360\" data-photoswipe-index=\"1\" class=\"vce-image-gallery-item-inner\" data-pswp-uid=\"2\"><img decoding=\"async\" class=\"vce-image-gallery-img\" src=\"http:\/\/dev.acgl.fr\/wp-content\/uploads\/2021\/12\/F-GGQD-01-1024x683.jpg\" alt=\"\" title=\"F-GGQD-01\"><\/a><\/figure><\/div><\/div><\/div><\/div><\/div><\/div><\/div><div class=\"vce-col vce-col--md-15p vce-col--xs-1 vce-col--xs-last vce-col--xs-first vce-col--sm-last vce-col--sm-first vce-col--md-last vce-col--lg-last vce-col--xl-last\" id=\"el-08a4c7ff\"><div class=\"vce-col-inner\" data-vce-do-apply=\"border margin background  el-08a4c7ff\"><div class=\"vce-col-content\" data-vce-element-content=\"true\" data-vce-do-apply=\"padding el-08a4c7ff\"><div class=\"vcv-row-control-wrapper\"><\/div><\/div><\/div><\/div><\/div><\/div><\/div>","protected":false},"excerpt":{"rendered":"<p>Avions Ecole &#8211; DR400 de 120chF-GGQD et F-GDYXDe construction fran\u00e7aise (usine \u00e0 Dijon) le Robin DR400 est l\u2019appareil id\u00e9al pour toute formation initiale. Fiable, d\u00e9monstratif, l\u00e9ger et maniable, le DR400 est l\u2019un des avions les plus utilis\u00e9s dans les a\u00e9roclub et \u00e9coles de pilotage.Depuis plusieurs d\u00e9cennies des milliers de pilotes professionnels ont fait leurs \u00ab [&hellip;]<\/p>\n","protected":false},"author":1,"featured_media":0,"parent":0,"menu_order":0,"comment_status":"closed","ping_status":"closed","template":"","meta":{"qubely_global_settings":"","qubely_interactions":"","_monsterinsights_skip_tracking":false,"_monsterinsights_sitenote_active":false,"_monsterinsights_sitenote_note":"","_monsterinsights_sitenote_category":0,"footnotes":""},"class_list":["post-1063","page","type-page","status-publish","hentry"],"blocksy_meta":{"styles_descriptor":{"styles":{"desktop":"","tablet":"","mobile":""},"google_fonts":[],"version":6}},"yoast_head":"<!-- This site is optimized with the Yoast SEO plugin v27.5 - https:\/\/yoast.com\/product\/yoast-seo-wordpress\/ -->\n<title>F-Avions \u00e9cole de 120 cv - A\u00e9ro-Club du Grand Lyon<\/title>\n<meta name=\"robots\" content=\"index, follow, max-snippet:-1, max-image-preview:large, max-video-preview:-1\" \/>\n<link rel=\"canonical\" href=\"https:\/\/www.acgl.fr\/index.php\/acionsecole\/\" \/>\n<meta property=\"og:locale\" content=\"fr_FR\" \/>\n<meta property=\"og:type\" content=\"article\" \/>\n<meta property=\"og:title\" content=\"F-Avions \u00e9cole de 120 cv - A\u00e9ro-Club du Grand Lyon\" \/>\n<meta property=\"og:description\" content=\"Avions Ecole - DR400 de 120chF-GGQD et F-GDYXDe construction fran\u00e7aise (usine \u00e0 Dijon) le Robin DR400 est l\u2019appareil id\u00e9al pour toute formation initiale. Fiable, d\u00e9monstratif, l\u00e9ger et maniable, le DR400 est l\u2019un des avions les plus utilis\u00e9s dans les a\u00e9roclub et \u00e9coles de pilotage.Depuis plusieurs d\u00e9cennies des milliers de pilotes professionnels ont fait leurs \u00ab [&hellip;]\" \/>\n<meta property=\"og:url\" content=\"https:\/\/www.acgl.fr\/index.php\/acionsecole\/\" \/>\n<meta property=\"og:site_name\" content=\"A\u00e9ro-Club du Grand Lyon\" \/>\n<meta property=\"article:publisher\" content=\"https:\/\/www.facebook.com\/AeroClubduGrandLyon\/\" \/>\n<meta property=\"article:modified_time\" content=\"2026-04-08T15:45:12+00:00\" \/>\n<meta property=\"og:image\" content=\"http:\/\/dev.acgl.fr\/wp-content\/uploads\/2021\/11\/F-GYKB-03-1024x576.jpg\" \/>\n<meta name=\"twitter:card\" content=\"summary_large_image\" \/>\n<meta name=\"twitter:label1\" content=\"Dur\u00e9e de lecture estim\u00e9e\" \/>\n\t<meta name=\"twitter:data1\" content=\"2 minutes\" \/>\n<script type=\"application\/ld+json\" class=\"yoast-schema-graph\">{\"@context\":\"https:\\\/\\\/schema.org\",\"@graph\":[{\"@type\":\"WebPage\",\"@id\":\"https:\\\/\\\/www.acgl.fr\\\/index.php\\\/acionsecole\\\/\",\"url\":\"https:\\\/\\\/www.acgl.fr\\\/index.php\\\/acionsecole\\\/\",\"name\":\"F-Avions \u00e9cole de 120 cv - A\u00e9ro-Club du Grand Lyon\",\"isPartOf\":{\"@id\":\"https:\\\/\\\/www.acgl.fr\\\/#website\"},\"primaryImageOfPage\":{\"@id\":\"https:\\\/\\\/www.acgl.fr\\\/index.php\\\/acionsecole\\\/#primaryimage\"},\"image\":{\"@id\":\"https:\\\/\\\/www.acgl.fr\\\/index.php\\\/acionsecole\\\/#primaryimage\"},\"thumbnailUrl\":\"http:\\\/\\\/dev.acgl.fr\\\/wp-content\\\/uploads\\\/2021\\\/11\\\/F-GYKB-03-1024x576.jpg\",\"datePublished\":\"2021-11-16T17:07:15+00:00\",\"dateModified\":\"2026-04-08T15:45:12+00:00\",\"breadcrumb\":{\"@id\":\"https:\\\/\\\/www.acgl.fr\\\/index.php\\\/acionsecole\\\/#breadcrumb\"},\"inLanguage\":\"fr-FR\",\"potentialAction\":[{\"@type\":\"ReadAction\",\"target\":[\"https:\\\/\\\/www.acgl.fr\\\/index.php\\\/acionsecole\\\/\"]}]},{\"@type\":\"ImageObject\",\"inLanguage\":\"fr-FR\",\"@id\":\"https:\\\/\\\/www.acgl.fr\\\/index.php\\\/acionsecole\\\/#primaryimage\",\"url\":\"http:\\\/\\\/dev.acgl.fr\\\/wp-content\\\/uploads\\\/2021\\\/11\\\/F-GYKB-03-1024x576.jpg\",\"contentUrl\":\"http:\\\/\\\/dev.acgl.fr\\\/wp-content\\\/uploads\\\/2021\\\/11\\\/F-GYKB-03-1024x576.jpg\"},{\"@type\":\"BreadcrumbList\",\"@id\":\"https:\\\/\\\/www.acgl.fr\\\/index.php\\\/acionsecole\\\/#breadcrumb\",\"itemListElement\":[{\"@type\":\"ListItem\",\"position\":1,\"name\":\"Accueil\",\"item\":\"https:\\\/\\\/www.acgl.fr\\\/\"},{\"@type\":\"ListItem\",\"position\":2,\"name\":\"F-Avions \u00e9cole de 120 cv\"}]},{\"@type\":\"WebSite\",\"@id\":\"https:\\\/\\\/www.acgl.fr\\\/#website\",\"url\":\"https:\\\/\\\/www.acgl.fr\\\/\",\"name\":\"A\u00e9ro-Club du Grand Lyon\",\"description\":\"l&#039;A\u00e9roclub qui vous aide \u00e0 concr\u00e9tiser vos r\u00eaves\",\"publisher\":{\"@id\":\"https:\\\/\\\/www.acgl.fr\\\/#organization\"},\"potentialAction\":[{\"@type\":\"SearchAction\",\"target\":{\"@type\":\"EntryPoint\",\"urlTemplate\":\"https:\\\/\\\/www.acgl.fr\\\/?s={search_term_string}\"},\"query-input\":{\"@type\":\"PropertyValueSpecification\",\"valueRequired\":true,\"valueName\":\"search_term_string\"}}],\"inLanguage\":\"fr-FR\"},{\"@type\":\"Organization\",\"@id\":\"https:\\\/\\\/www.acgl.fr\\\/#organization\",\"name\":\"A\u00e9roclub du Grand Lyon\",\"url\":\"https:\\\/\\\/www.acgl.fr\\\/\",\"logo\":{\"@type\":\"ImageObject\",\"inLanguage\":\"fr-FR\",\"@id\":\"https:\\\/\\\/www.acgl.fr\\\/#\\\/schema\\\/logo\\\/image\\\/\",\"url\":\"https:\\\/\\\/www.acgl.fr\\\/wp-content\\\/uploads\\\/2021\\\/10\\\/AGCL_logo_190.png\",\"contentUrl\":\"https:\\\/\\\/www.acgl.fr\\\/wp-content\\\/uploads\\\/2021\\\/10\\\/AGCL_logo_190.png\",\"width\":190,\"height\":190,\"caption\":\"A\u00e9roclub du Grand Lyon\"},\"image\":{\"@id\":\"https:\\\/\\\/www.acgl.fr\\\/#\\\/schema\\\/logo\\\/image\\\/\"},\"sameAs\":[\"https:\\\/\\\/www.facebook.com\\\/AeroClubduGrandLyon\\\/\",\"https:\\\/\\\/www.instagram.com\\\/aeroclub_acgl\\\/\",\"https:\\\/\\\/www.youtube.com\\\/channel\\\/UCDYm_MaF1IlbRxICQXUDYmw\"]}]}<\/script>\n<!-- \/ Yoast SEO plugin. -->","yoast_head_json":{"title":"F-Avions \u00e9cole de 120 cv - A\u00e9ro-Club du Grand Lyon","robots":{"index":"index","follow":"follow","max-snippet":"max-snippet:-1","max-image-preview":"max-image-preview:large","max-video-preview":"max-video-preview:-1"},"canonical":"https:\/\/www.acgl.fr\/index.php\/acionsecole\/","og_locale":"fr_FR","og_type":"article","og_title":"F-Avions \u00e9cole de 120 cv - A\u00e9ro-Club du Grand Lyon","og_description":"Avions Ecole - DR400 de 120chF-GGQD et F-GDYXDe construction fran\u00e7aise (usine \u00e0 Dijon) le Robin DR400 est l\u2019appareil id\u00e9al pour toute formation initiale. Fiable, d\u00e9monstratif, l\u00e9ger et maniable, le DR400 est l\u2019un des avions les plus utilis\u00e9s dans les a\u00e9roclub et \u00e9coles de pilotage.Depuis plusieurs d\u00e9cennies des milliers de pilotes professionnels ont fait leurs \u00ab [&hellip;]","og_url":"https:\/\/www.acgl.fr\/index.php\/acionsecole\/","og_site_name":"A\u00e9ro-Club du Grand Lyon","article_publisher":"https:\/\/www.facebook.com\/AeroClubduGrandLyon\/","article_modified_time":"2026-04-08T15:45:12+00:00","og_image":[{"url":"http:\/\/dev.acgl.fr\/wp-content\/uploads\/2021\/11\/F-GYKB-03-1024x576.jpg","type":"","width":"","height":""}],"twitter_card":"summary_large_image","twitter_misc":{"Dur\u00e9e de lecture estim\u00e9e":"2 minutes"},"schema":{"@context":"https:\/\/schema.org","@graph":[{"@type":"WebPage","@id":"https:\/\/www.acgl.fr\/index.php\/acionsecole\/","url":"https:\/\/www.acgl.fr\/index.php\/acionsecole\/","name":"F-Avions \u00e9cole de 120 cv - A\u00e9ro-Club du Grand Lyon","isPartOf":{"@id":"https:\/\/www.acgl.fr\/#website"},"primaryImageOfPage":{"@id":"https:\/\/www.acgl.fr\/index.php\/acionsecole\/#primaryimage"},"image":{"@id":"https:\/\/www.acgl.fr\/index.php\/acionsecole\/#primaryimage"},"thumbnailUrl":"http:\/\/dev.acgl.fr\/wp-content\/uploads\/2021\/11\/F-GYKB-03-1024x576.jpg","datePublished":"2021-11-16T17:07:15+00:00","dateModified":"2026-04-08T15:45:12+00:00","breadcrumb":{"@id":"https:\/\/www.acgl.fr\/index.php\/acionsecole\/#breadcrumb"},"inLanguage":"fr-FR","potentialAction":[{"@type":"ReadAction","target":["https:\/\/www.acgl.fr\/index.php\/acionsecole\/"]}]},{"@type":"ImageObject","inLanguage":"fr-FR","@id":"https:\/\/www.acgl.fr\/index.php\/acionsecole\/#primaryimage","url":"http:\/\/dev.acgl.fr\/wp-content\/uploads\/2021\/11\/F-GYKB-03-1024x576.jpg","contentUrl":"http:\/\/dev.acgl.fr\/wp-content\/uploads\/2021\/11\/F-GYKB-03-1024x576.jpg"},{"@type":"BreadcrumbList","@id":"https:\/\/www.acgl.fr\/index.php\/acionsecole\/#breadcrumb","itemListElement":[{"@type":"ListItem","position":1,"name":"Accueil","item":"https:\/\/www.acgl.fr\/"},{"@type":"ListItem","position":2,"name":"F-Avions \u00e9cole de 120 cv"}]},{"@type":"WebSite","@id":"https:\/\/www.acgl.fr\/#website","url":"https:\/\/www.acgl.fr\/","name":"A\u00e9ro-Club du Grand Lyon","description":"l&#039;A\u00e9roclub qui vous aide \u00e0 concr\u00e9tiser vos r\u00eaves","publisher":{"@id":"https:\/\/www.acgl.fr\/#organization"},"potentialAction":[{"@type":"SearchAction","target":{"@type":"EntryPoint","urlTemplate":"https:\/\/www.acgl.fr\/?s={search_term_string}"},"query-input":{"@type":"PropertyValueSpecification","valueRequired":true,"valueName":"search_term_string"}}],"inLanguage":"fr-FR"},{"@type":"Organization","@id":"https:\/\/www.acgl.fr\/#organization","name":"A\u00e9roclub du Grand Lyon","url":"https:\/\/www.acgl.fr\/","logo":{"@type":"ImageObject","inLanguage":"fr-FR","@id":"https:\/\/www.acgl.fr\/#\/schema\/logo\/image\/","url":"https:\/\/www.acgl.fr\/wp-content\/uploads\/2021\/10\/AGCL_logo_190.png","contentUrl":"https:\/\/www.acgl.fr\/wp-content\/uploads\/2021\/10\/AGCL_logo_190.png","width":190,"height":190,"caption":"A\u00e9roclub du Grand Lyon"},"image":{"@id":"https:\/\/www.acgl.fr\/#\/schema\/logo\/image\/"},"sameAs":["https:\/\/www.facebook.com\/AeroClubduGrandLyon\/","https:\/\/www.instagram.com\/aeroclub_acgl\/","https:\/\/www.youtube.com\/channel\/UCDYm_MaF1IlbRxICQXUDYmw"]}]}},"_links":{"self":[{"href":"https:\/\/www.acgl.fr\/index.php\/wp-json\/wp\/v2\/pages\/1063","targetHints":{"allow":["GET"]}}],"collection":[{"href":"https:\/\/www.acgl.fr\/index.php\/wp-json\/wp\/v2\/pages"}],"about":[{"href":"https:\/\/www.acgl.fr\/index.php\/wp-json\/wp\/v2\/types\/page"}],"author":[{"embeddable":true,"href":"https:\/\/www.acgl.fr\/index.php\/wp-json\/wp\/v2\/users\/1"}],"replies":[{"embeddable":true,"href":"https:\/\/www.acgl.fr\/index.php\/wp-json\/wp\/v2\/comments?post=1063"}],"version-history":[{"count":52,"href":"https:\/\/www.acgl.fr\/index.php\/wp-json\/wp\/v2\/pages\/1063\/revisions"}],"predecessor-version":[{"id":2053,"href":"https:\/\/www.acgl.fr\/index.php\/wp-json\/wp\/v2\/pages\/1063\/revisions\/2053"}],"wp:attachment":[{"href":"https:\/\/www.acgl.fr\/index.php\/wp-json\/wp\/v2\/media?parent=1063"}],"curies":[{"name":"wp","href":"https:\/\/api.w.org\/{rel}","templated":true}]}}