{"id":1178,"date":"2021-11-21T23:34:01","date_gmt":"2021-11-21T22:34:01","guid":{"rendered":"https:\/\/www.acgl.fr\/?page_id=1178"},"modified":"2021-12-17T14:40:06","modified_gmt":"2021-12-17T13:40:06","slug":"f-hcfx-2","status":"publish","type":"page","link":"https:\/\/www.acgl.fr\/index.php\/f-hcfx-2\/","title":{"rendered":"F-HCFX"},"content":{"rendered":"<div class=\"vce-row-container\"><div class=\"vce-row vce-element--has-background vce-row--col-gap-20 vce-row-no-paddings vce-row-equal-height vce-row-content--top vcv-state--show-resizer\" data-vce-full-width=\"true\" data-vce-stretch-content=\"true\" id=\"el-69ace04b\" data-vce-do-apply=\"all el-69ace04b\"><div class=\"vce-content-background-container\"><div class=\"vce-asset-parallax-container vce-visible-all-only\" data-vce-assets-parallax=\".vce-asset-parallax\" data-vce-assets-parallax-reverse=\"false\"><div class=\"vce-asset-parallax\" style=\"top: -30vh; bottom: -30vh; transform: translateY(-9.62547vh);\"><div class=\"vce-asset-background-simple-container vce-visible-all-only vce-asset-background-simple--style-cover vce-asset-background-simple--position-center-top\"><div class=\"vce-asset-background-simple\">\n              <div class=\"vce-asset-background-simple-item vcv-lozad\" data-background-image=\"https:\/\/www.acgl.fr\/wp-content\/uploads\/2021\/11\/Fond-Presquile-scaled.jpeg\"><\/div>\n              <noscript>\n                <div class=\"vce-asset-background-simple-item\" style=\"background-image: url(https:\/\/www.acgl.fr\/wp-content\/uploads\/2021\/11\/Fond-Presquile-scaled.jpeg)\"><\/div>\n              <\/noscript>\n            <\/div><\/div><\/div><\/div><\/div><div class=\"vce-row-content\" data-vce-element-content=\"true\"><div class=\"vce-col vce-col--md-15p vce-col--xs-1 vce-col--xs-last vce-col--xs-first vce-col--sm-last vce-col--sm-first vce-col--md-first vce-col--lg-first vce-col--xl-first\" id=\"el-f9d90475\"><div class=\"vce-col-inner\" data-vce-do-apply=\"border margin background  el-f9d90475\"><div class=\"vce-col-content\" data-vce-element-content=\"true\" data-vce-do-apply=\"padding el-f9d90475\"><\/div><\/div><\/div><div class=\"vce-col vce-col--md-auto vce-col--xs-1 vce-col--xs-last vce-col--xs-first vce-col--sm-last vce-col--sm-first\" id=\"el-1781e610\"><div class=\"vce-col-inner\" data-vce-do-apply=\"border margin background  el-1781e610\"><div class=\"vce-content-background-container\"><\/div><div class=\"vce-col-content\" data-vce-element-content=\"true\" data-vce-do-apply=\"padding el-1781e610\"><div class=\"vce-text-block\"><div class=\"vce-text-block-wrapper vce\" id=\"el-3c6bf11d\" data-vce-do-apply=\"all el-3c6bf11d\"><div>&nbsp;<\/div><div><p><noscript><\/p>\n<style>.vce-row-container .vcv-lozad {display: none}<\/style>\n<p><\/noscript><noscript><link rel='stylesheet' href='https:\/\/www.acgl.fr\/wp-content\/themes\/blocksy\/static\/bundle\/no-scripts.min.css' type='text\/css' \/><\/noscript><\/p><\/div><div><h2>F-HCFX - C172 Skyhawk - 180ch<\/h2><h2><img loading=\"lazy\" decoding=\"async\" class=\"wp-image-102 size-full alignright\" src=\"..\/..\/wp-content\/uploads\/2021\/10\/F-HCFX.jpg\" alt=\"\" width=\"175\" height=\"110\"><\/h2><p>De construction am\u00e9ricaine le Cessna 172 est l\u2019appareil le plus produit au monde. Pr\u00e8s de 50&nbsp;000 l\u2019ont \u00e9t\u00e9 \u00e0 ce jour. Equip\u00e9 \u00ab&nbsp;Glass Cockpit&nbsp;\u00bb et Full IFR, le F-HCFX est l\u2019avion permettant la transition vers le vol aux instruments.&nbsp; Sa puissance en fait \u00e9galement l\u2019avion bien adapt\u00e9 aux longs voyages (VFR ou IFR). Avionique num\u00e9rique. Pilote automatique. Moteur Lycomingl &nbsp;180CV. 4 passagers. 220km\/h. 5 heures d\u2019autonomie(1).<\/p><\/div><p><span style=\"font-size: 8pt;\">(1) <em>Toutes les donn\u00e9es relatives \u00e0 la capacit\u00e9 d\u2019emport, \u00e0 la vitesse, \u00e0 l\u2019autonomie, \u2026 sont indicatives. Elles sont en effet largement d\u00e9pendantes de multiples facteurs tels que les conditions m\u00e9t\u00e9orologiques, les altitudes, la temp\u00e9rature, les \u00ab&nbsp;strat\u00e9gies&nbsp;\u00bb de vol, etc.<\/em><\/span><\/p><div><div class=\"ct-drawer-canvas\">&nbsp;<\/div><\/div><\/div><\/div><div class=\"vce-image-gallery vce-image-gallery--gap-10 vce-image-gallery--columns-4 vce-image-gallery--border-rounded\" data-photoswipe-gallery=\"bda6f203\"><div class=\"vce-image-gallery-wrapper vce\" id=\"el-bda6f203\" data-vce-do-apply=\"all el-bda6f203\"><div class=\"vce-image-gallery-list\"><div class=\"vce-image-gallery-item\" data-photoswipe-item=\"photoswipe-bda6f203\"><figure class=\"vce-image-gallery-item-inner-wrapper\"><a href=\"https:\/\/www.acgl.fr\/wp-content\/uploads\/2021\/11\/F-HCFX-01.jpg\" data-photoswipe-image=\"bda6f203\" data-photoswipe-index=\"0\" class=\"vce-image-gallery-item-inner\" data-pswp-uid=\"1\"><img decoding=\"async\" class=\"vce-image-gallery-img\" src=\"https:\/\/www.acgl.fr\/wp-content\/uploads\/2021\/11\/F-HCFX-01.jpg\" alt=\"\" title=\"F-HCFX-01\"><\/a><\/figure><\/div><div class=\"vce-image-gallery-item\" data-photoswipe-item=\"photoswipe-bda6f203\"><figure class=\"vce-image-gallery-item-inner-wrapper\"><a href=\"https:\/\/www.acgl.fr\/wp-content\/uploads\/2021\/11\/F-HCFX-02.jpg\" data-photoswipe-image=\"bda6f203\" data-photoswipe-index=\"1\" class=\"vce-image-gallery-item-inner\" data-pswp-uid=\"2\"><img decoding=\"async\" class=\"vce-image-gallery-img\" src=\"https:\/\/www.acgl.fr\/wp-content\/uploads\/2021\/11\/F-HCFX-02-1024x576.jpg\" alt=\"\" title=\"F-HCFX-02\"><\/a><\/figure><\/div><div class=\"vce-image-gallery-item\" data-photoswipe-item=\"photoswipe-bda6f203\"><figure class=\"vce-image-gallery-item-inner-wrapper\"><a href=\"https:\/\/www.acgl.fr\/wp-content\/uploads\/2021\/11\/F-HCFX-03.jpg\" data-photoswipe-image=\"bda6f203\" data-photoswipe-index=\"2\" class=\"vce-image-gallery-item-inner\" data-pswp-uid=\"3\"><img decoding=\"async\" class=\"vce-image-gallery-img\" src=\"https:\/\/www.acgl.fr\/wp-content\/uploads\/2021\/11\/F-HCFX-03.jpg\" alt=\"\" title=\"F-HCFX-03\"><\/a><\/figure><\/div><div class=\"vce-image-gallery-item\" data-photoswipe-item=\"photoswipe-bda6f203\"><figure class=\"vce-image-gallery-item-inner-wrapper\"><a href=\"https:\/\/www.acgl.fr\/wp-content\/uploads\/2021\/12\/F-HCFX-04-scaled.jpg\" data-photoswipe-image=\"bda6f203\" data-photoswipe-index=\"3\" class=\"vce-image-gallery-item-inner\" data-pswp-uid=\"4\"><img decoding=\"async\" class=\"vce-image-gallery-img\" src=\"https:\/\/www.acgl.fr\/wp-content\/uploads\/2021\/12\/F-HCFX-04-1024x683.jpg\" alt=\"\" title=\"F-HCFX-04\"><\/a><\/figure><\/div><\/div><\/div><\/div><\/div><\/div><\/div><div class=\"vce-col vce-col--md-15p vce-col--xs-1 vce-col--xs-last vce-col--xs-first vce-col--sm-last vce-col--sm-first vce-col--md-last vce-col--lg-last vce-col--xl-last\" id=\"el-c7f7c4a9\"><div class=\"vce-col-inner\" data-vce-do-apply=\"border margin background  el-c7f7c4a9\"><div class=\"vce-col-content\" data-vce-element-content=\"true\" data-vce-do-apply=\"padding el-c7f7c4a9\"><\/div><\/div><\/div><\/div><\/div><\/div>\n","protected":false},"excerpt":{"rendered":"<p>&nbsp; F-HCFX &#8211; C172 Skyhawk &#8211; 180chDe construction am\u00e9ricaine le Cessna 172 est l\u2019appareil le plus produit au monde. Pr\u00e8s de 50&nbsp;000 l\u2019ont \u00e9t\u00e9 \u00e0 ce jour. Equip\u00e9 \u00ab&nbsp;Glass Cockpit&nbsp;\u00bb et Full IFR, le F-HCFX est l\u2019avion permettant la transition vers le vol aux instruments.&nbsp; Sa puissance en fait \u00e9galement l\u2019avion bien adapt\u00e9 aux longs [&hellip;]<\/p>\n","protected":false},"author":1,"featured_media":0,"parent":0,"menu_order":0,"comment_status":"closed","ping_status":"closed","template":"","meta":{"qubely_global_settings":"","qubely_interactions":"","_monsterinsights_skip_tracking":false,"_monsterinsights_sitenote_active":false,"_monsterinsights_sitenote_note":"","_monsterinsights_sitenote_category":0,"footnotes":""},"class_list":["post-1178","page","type-page","status-publish","hentry"],"blocksy_meta":{"styles_descriptor":{"styles":{"desktop":"","tablet":"","mobile":""},"google_fonts":[],"version":6}},"yoast_head":"<!-- This site is optimized with the Yoast SEO plugin v27.4 - https:\/\/yoast.com\/product\/yoast-seo-wordpress\/ -->\n<title>F-HCFX - A\u00e9ro-Club du Grand Lyon<\/title>\n<meta name=\"robots\" content=\"index, follow, max-snippet:-1, max-image-preview:large, max-video-preview:-1\" \/>\n<link rel=\"canonical\" href=\"https:\/\/www.acgl.fr\/index.php\/f-hcfx-2\/\" \/>\n<meta property=\"og:locale\" content=\"fr_FR\" \/>\n<meta property=\"og:type\" content=\"article\" \/>\n<meta property=\"og:title\" content=\"F-HCFX - A\u00e9ro-Club du Grand Lyon\" \/>\n<meta property=\"og:description\" content=\"&nbsp; F-HCFX - C172 Skyhawk - 180chDe construction am\u00e9ricaine le Cessna 172 est l\u2019appareil le plus produit au monde. Pr\u00e8s de 50&nbsp;000 l\u2019ont \u00e9t\u00e9 \u00e0 ce jour. Equip\u00e9 \u00ab&nbsp;Glass Cockpit&nbsp;\u00bb et Full IFR, le F-HCFX est l\u2019avion permettant la transition vers le vol aux instruments.&nbsp; Sa puissance en fait \u00e9galement l\u2019avion bien adapt\u00e9 aux longs [&hellip;]\" \/>\n<meta property=\"og:url\" content=\"https:\/\/www.acgl.fr\/index.php\/f-hcfx-2\/\" \/>\n<meta property=\"og:site_name\" content=\"A\u00e9ro-Club du Grand Lyon\" \/>\n<meta property=\"article:publisher\" content=\"https:\/\/www.facebook.com\/AeroClubduGrandLyon\/\" \/>\n<meta property=\"article:modified_time\" content=\"2021-12-17T13:40:06+00:00\" \/>\n<meta name=\"twitter:card\" content=\"summary_large_image\" \/>\n<meta name=\"twitter:label1\" content=\"Dur\u00e9e de lecture estim\u00e9e\" \/>\n\t<meta name=\"twitter:data1\" content=\"1 minute\" \/>\n<script type=\"application\/ld+json\" class=\"yoast-schema-graph\">{\"@context\":\"https:\\\/\\\/schema.org\",\"@graph\":[{\"@type\":\"WebPage\",\"@id\":\"https:\\\/\\\/www.acgl.fr\\\/index.php\\\/f-hcfx-2\\\/\",\"url\":\"https:\\\/\\\/www.acgl.fr\\\/index.php\\\/f-hcfx-2\\\/\",\"name\":\"F-HCFX - A\u00e9ro-Club du Grand Lyon\",\"isPartOf\":{\"@id\":\"https:\\\/\\\/www.acgl.fr\\\/#website\"},\"datePublished\":\"2021-11-21T22:34:01+00:00\",\"dateModified\":\"2021-12-17T13:40:06+00:00\",\"breadcrumb\":{\"@id\":\"https:\\\/\\\/www.acgl.fr\\\/index.php\\\/f-hcfx-2\\\/#breadcrumb\"},\"inLanguage\":\"fr-FR\",\"potentialAction\":[{\"@type\":\"ReadAction\",\"target\":[\"https:\\\/\\\/www.acgl.fr\\\/index.php\\\/f-hcfx-2\\\/\"]}]},{\"@type\":\"BreadcrumbList\",\"@id\":\"https:\\\/\\\/www.acgl.fr\\\/index.php\\\/f-hcfx-2\\\/#breadcrumb\",\"itemListElement\":[{\"@type\":\"ListItem\",\"position\":1,\"name\":\"Accueil\",\"item\":\"https:\\\/\\\/www.acgl.fr\\\/\"},{\"@type\":\"ListItem\",\"position\":2,\"name\":\"F-HCFX\"}]},{\"@type\":\"WebSite\",\"@id\":\"https:\\\/\\\/www.acgl.fr\\\/#website\",\"url\":\"https:\\\/\\\/www.acgl.fr\\\/\",\"name\":\"A\u00e9ro-Club du Grand Lyon\",\"description\":\"l&#039;A\u00e9roclub qui vous aide \u00e0 concr\u00e9tiser vos r\u00eaves\",\"publisher\":{\"@id\":\"https:\\\/\\\/www.acgl.fr\\\/#organization\"},\"potentialAction\":[{\"@type\":\"SearchAction\",\"target\":{\"@type\":\"EntryPoint\",\"urlTemplate\":\"https:\\\/\\\/www.acgl.fr\\\/?s={search_term_string}\"},\"query-input\":{\"@type\":\"PropertyValueSpecification\",\"valueRequired\":true,\"valueName\":\"search_term_string\"}}],\"inLanguage\":\"fr-FR\"},{\"@type\":\"Organization\",\"@id\":\"https:\\\/\\\/www.acgl.fr\\\/#organization\",\"name\":\"A\u00e9roclub du Grand Lyon\",\"url\":\"https:\\\/\\\/www.acgl.fr\\\/\",\"logo\":{\"@type\":\"ImageObject\",\"inLanguage\":\"fr-FR\",\"@id\":\"https:\\\/\\\/www.acgl.fr\\\/#\\\/schema\\\/logo\\\/image\\\/\",\"url\":\"https:\\\/\\\/www.acgl.fr\\\/wp-content\\\/uploads\\\/2021\\\/10\\\/AGCL_logo_190.png\",\"contentUrl\":\"https:\\\/\\\/www.acgl.fr\\\/wp-content\\\/uploads\\\/2021\\\/10\\\/AGCL_logo_190.png\",\"width\":190,\"height\":190,\"caption\":\"A\u00e9roclub du Grand Lyon\"},\"image\":{\"@id\":\"https:\\\/\\\/www.acgl.fr\\\/#\\\/schema\\\/logo\\\/image\\\/\"},\"sameAs\":[\"https:\\\/\\\/www.facebook.com\\\/AeroClubduGrandLyon\\\/\",\"https:\\\/\\\/www.instagram.com\\\/aeroclub_acgl\\\/\",\"https:\\\/\\\/www.youtube.com\\\/channel\\\/UCDYm_MaF1IlbRxICQXUDYmw\"]}]}<\/script>\n<!-- \/ Yoast SEO plugin. -->","yoast_head_json":{"title":"F-HCFX - A\u00e9ro-Club du Grand Lyon","robots":{"index":"index","follow":"follow","max-snippet":"max-snippet:-1","max-image-preview":"max-image-preview:large","max-video-preview":"max-video-preview:-1"},"canonical":"https:\/\/www.acgl.fr\/index.php\/f-hcfx-2\/","og_locale":"fr_FR","og_type":"article","og_title":"F-HCFX - A\u00e9ro-Club du Grand Lyon","og_description":"&nbsp; F-HCFX - C172 Skyhawk - 180chDe construction am\u00e9ricaine le Cessna 172 est l\u2019appareil le plus produit au monde. Pr\u00e8s de 50&nbsp;000 l\u2019ont \u00e9t\u00e9 \u00e0 ce jour. Equip\u00e9 \u00ab&nbsp;Glass Cockpit&nbsp;\u00bb et Full IFR, le F-HCFX est l\u2019avion permettant la transition vers le vol aux instruments.&nbsp; Sa puissance en fait \u00e9galement l\u2019avion bien adapt\u00e9 aux longs [&hellip;]","og_url":"https:\/\/www.acgl.fr\/index.php\/f-hcfx-2\/","og_site_name":"A\u00e9ro-Club du Grand Lyon","article_publisher":"https:\/\/www.facebook.com\/AeroClubduGrandLyon\/","article_modified_time":"2021-12-17T13:40:06+00:00","twitter_card":"summary_large_image","twitter_misc":{"Dur\u00e9e de lecture estim\u00e9e":"1 minute"},"schema":{"@context":"https:\/\/schema.org","@graph":[{"@type":"WebPage","@id":"https:\/\/www.acgl.fr\/index.php\/f-hcfx-2\/","url":"https:\/\/www.acgl.fr\/index.php\/f-hcfx-2\/","name":"F-HCFX - A\u00e9ro-Club du Grand Lyon","isPartOf":{"@id":"https:\/\/www.acgl.fr\/#website"},"datePublished":"2021-11-21T22:34:01+00:00","dateModified":"2021-12-17T13:40:06+00:00","breadcrumb":{"@id":"https:\/\/www.acgl.fr\/index.php\/f-hcfx-2\/#breadcrumb"},"inLanguage":"fr-FR","potentialAction":[{"@type":"ReadAction","target":["https:\/\/www.acgl.fr\/index.php\/f-hcfx-2\/"]}]},{"@type":"BreadcrumbList","@id":"https:\/\/www.acgl.fr\/index.php\/f-hcfx-2\/#breadcrumb","itemListElement":[{"@type":"ListItem","position":1,"name":"Accueil","item":"https:\/\/www.acgl.fr\/"},{"@type":"ListItem","position":2,"name":"F-HCFX"}]},{"@type":"WebSite","@id":"https:\/\/www.acgl.fr\/#website","url":"https:\/\/www.acgl.fr\/","name":"A\u00e9ro-Club du Grand Lyon","description":"l&#039;A\u00e9roclub qui vous aide \u00e0 concr\u00e9tiser vos r\u00eaves","publisher":{"@id":"https:\/\/www.acgl.fr\/#organization"},"potentialAction":[{"@type":"SearchAction","target":{"@type":"EntryPoint","urlTemplate":"https:\/\/www.acgl.fr\/?s={search_term_string}"},"query-input":{"@type":"PropertyValueSpecification","valueRequired":true,"valueName":"search_term_string"}}],"inLanguage":"fr-FR"},{"@type":"Organization","@id":"https:\/\/www.acgl.fr\/#organization","name":"A\u00e9roclub du Grand Lyon","url":"https:\/\/www.acgl.fr\/","logo":{"@type":"ImageObject","inLanguage":"fr-FR","@id":"https:\/\/www.acgl.fr\/#\/schema\/logo\/image\/","url":"https:\/\/www.acgl.fr\/wp-content\/uploads\/2021\/10\/AGCL_logo_190.png","contentUrl":"https:\/\/www.acgl.fr\/wp-content\/uploads\/2021\/10\/AGCL_logo_190.png","width":190,"height":190,"caption":"A\u00e9roclub du Grand Lyon"},"image":{"@id":"https:\/\/www.acgl.fr\/#\/schema\/logo\/image\/"},"sameAs":["https:\/\/www.facebook.com\/AeroClubduGrandLyon\/","https:\/\/www.instagram.com\/aeroclub_acgl\/","https:\/\/www.youtube.com\/channel\/UCDYm_MaF1IlbRxICQXUDYmw"]}]}},"_links":{"self":[{"href":"https:\/\/www.acgl.fr\/index.php\/wp-json\/wp\/v2\/pages\/1178","targetHints":{"allow":["GET"]}}],"collection":[{"href":"https:\/\/www.acgl.fr\/index.php\/wp-json\/wp\/v2\/pages"}],"about":[{"href":"https:\/\/www.acgl.fr\/index.php\/wp-json\/wp\/v2\/types\/page"}],"author":[{"embeddable":true,"href":"https:\/\/www.acgl.fr\/index.php\/wp-json\/wp\/v2\/users\/1"}],"replies":[{"embeddable":true,"href":"https:\/\/www.acgl.fr\/index.php\/wp-json\/wp\/v2\/comments?post=1178"}],"version-history":[{"count":8,"href":"https:\/\/www.acgl.fr\/index.php\/wp-json\/wp\/v2\/pages\/1178\/revisions"}],"predecessor-version":[{"id":1780,"href":"https:\/\/www.acgl.fr\/index.php\/wp-json\/wp\/v2\/pages\/1178\/revisions\/1780"}],"wp:attachment":[{"href":"https:\/\/www.acgl.fr\/index.php\/wp-json\/wp\/v2\/media?parent=1178"}],"curies":[{"name":"wp","href":"https:\/\/api.w.org\/{rel}","templated":true}]}}