{"id":1187,"date":"2021-11-21T23:50:28","date_gmt":"2021-11-21T22:50:28","guid":{"rendered":"https:\/\/www.acgl.fr\/?page_id=1187"},"modified":"2021-12-17T14:36:35","modified_gmt":"2021-12-17T13:36:35","slug":"n56ek-2","status":"publish","type":"page","link":"https:\/\/www.acgl.fr\/index.php\/n56ek-2\/","title":{"rendered":"N56EK"},"content":{"rendered":"<div class=\"vce-row-container\"><div class=\"vce-row vce-element--has-background vce-row--col-gap-20 vce-row-no-paddings vce-row-equal-height vce-row-content--top vcv-state--show-resizer\" data-vce-full-width=\"true\" data-vce-stretch-content=\"true\" id=\"el-85ea2973\" data-vce-do-apply=\"all el-85ea2973\"><div class=\"vce-content-background-container\"><div class=\"vce-asset-parallax-container vce-visible-all-only\" data-vce-assets-parallax=\".vce-asset-parallax\" data-vce-assets-parallax-reverse=\"false\"><div class=\"vce-asset-parallax\" style=\"top: -30vh; bottom: -30vh; transform: translateY(-9.62547vh);\"><div class=\"vce-asset-background-simple-container vce-visible-all-only vce-asset-background-simple--style-cover vce-asset-background-simple--position-center-top\"><div class=\"vce-asset-background-simple\">\n              <div class=\"vce-asset-background-simple-item vcv-lozad\" data-background-image=\"https:\/\/www.acgl.fr\/wp-content\/uploads\/2021\/11\/Fond-rose.jpg\"><\/div>\n              <noscript>\n                <div class=\"vce-asset-background-simple-item\" style=\"background-image: url(https:\/\/www.acgl.fr\/wp-content\/uploads\/2021\/11\/Fond-rose.jpg)\"><\/div>\n              <\/noscript>\n            \n              <div class=\"vce-asset-background-simple-item vcv-lozad\" data-background-image=\"https:\/\/www.acgl.fr\/wp-content\/uploads\/2021\/11\/Fond-Gap-scaled.jpg\"><\/div>\n              <noscript>\n                <div class=\"vce-asset-background-simple-item\" style=\"background-image: url(https:\/\/www.acgl.fr\/wp-content\/uploads\/2021\/11\/Fond-Gap-scaled.jpg)\"><\/div>\n              <\/noscript>\n            <\/div><\/div><\/div><\/div><\/div><div class=\"vce-row-content\" data-vce-element-content=\"true\"><div class=\"vce-col vce-col--md-15p vce-col--xs-1 vce-col--xs-last vce-col--xs-first vce-col--sm-last vce-col--sm-first vce-col--md-first vce-col--lg-first vce-col--xl-first\" id=\"el-5d804638\"><div class=\"vce-col-inner\" data-vce-do-apply=\"border margin background  el-5d804638\"><div class=\"vce-col-content\" data-vce-element-content=\"true\" data-vce-do-apply=\"padding el-5d804638\"><\/div><\/div><\/div><div class=\"vce-col vce-col--md-auto vce-col--xs-1 vce-col--xs-last vce-col--xs-first vce-col--sm-last vce-col--sm-first\" id=\"el-580c3709\"><div class=\"vce-col-inner\" data-vce-do-apply=\"border margin background  el-580c3709\"><div class=\"vce-content-background-container\"><\/div><div class=\"vce-col-content\" data-vce-element-content=\"true\" data-vce-do-apply=\"padding el-580c3709\"><div class=\"vce-text-block\"><div class=\"vce-text-block-wrapper vce\" id=\"el-14a07c5a\" data-vce-do-apply=\"all el-14a07c5a\"><h2>N56EK - PA-28 Archer II - 180ch<\/h2><h2><img loading=\"lazy\" decoding=\"async\" class=\"wp-image-103 alignleft\" src=\"https:\/\/www.acgl.fr\/wp-content\/uploads\/2021\/10\/N56EK.png\" alt=\"\" width=\"180\" height=\"135\"><\/h2><p>Originaire des USA,<strong> &nbsp;<\/strong>puissant et rapide, le PA28 convient particuli\u00e8rement aux voyages. &nbsp;Il permet la transition vers un pilotage plus avanc\u00e9.&nbsp; Avionique analogique et num\u00e9rique IFR. Pilote automatique. Moteur Lycoming 180ch. 4 passagers. 230km\/h. 5 heures d\u2019autonomie(1).<\/p><p><span style=\"font-size: 8pt;\">(1) <em>Toutes les donn\u00e9es relatives \u00e0 la capacit\u00e9 d\u2019emport, \u00e0 la vitesse, \u00e0 l\u2019autonomie, \u2026 sont indicatives. Elles sont en effet largement d\u00e9pendantes de multiples facteurs tels que les conditions m\u00e9t\u00e9orologiques, les altitudes, la temp\u00e9rature, les \u00ab&nbsp;strat\u00e9gies&nbsp;\u00bb de vol, etc.<\/em><\/span><\/p><\/div><\/div><div class=\"vce-image-gallery vce-image-gallery--gap-10 vce-image-gallery--columns-4 vce-image-gallery--border-rounded\" data-photoswipe-gallery=\"e5c06b1d\"><div class=\"vce-image-gallery-wrapper vce\" id=\"el-e5c06b1d\" data-vce-do-apply=\"all el-e5c06b1d\"><div class=\"vce-image-gallery-list\"><div class=\"vce-image-gallery-item\" data-photoswipe-item=\"photoswipe-e5c06b1d\"><figure class=\"vce-image-gallery-item-inner-wrapper\"><a href=\"https:\/\/www.acgl.fr\/wp-content\/uploads\/2021\/11\/N56EK-01-scaled.jpeg\" data-photoswipe-image=\"e5c06b1d\" data-photoswipe-index=\"0\" class=\"vce-image-gallery-item-inner\" data-pswp-uid=\"1\"><img decoding=\"async\" class=\"vce-image-gallery-img\" src=\"https:\/\/www.acgl.fr\/wp-content\/uploads\/2021\/11\/N56EK-01-1024x683.jpeg\" alt=\"\" title=\"N56EK-01\"><\/a><\/figure><\/div><div class=\"vce-image-gallery-item\" data-photoswipe-item=\"photoswipe-e5c06b1d\"><figure class=\"vce-image-gallery-item-inner-wrapper\"><a href=\"https:\/\/www.acgl.fr\/wp-content\/uploads\/2021\/11\/N56EK-02.jpg\" data-photoswipe-image=\"e5c06b1d\" data-photoswipe-index=\"1\" class=\"vce-image-gallery-item-inner\" data-pswp-uid=\"2\"><img decoding=\"async\" class=\"vce-image-gallery-img\" src=\"https:\/\/www.acgl.fr\/wp-content\/uploads\/2021\/11\/N56EK-02-1024x768.jpg\" alt=\"\" title=\"N56EK-02\"><\/a><\/figure><\/div><div class=\"vce-image-gallery-item\" data-photoswipe-item=\"photoswipe-e5c06b1d\"><figure class=\"vce-image-gallery-item-inner-wrapper\"><a href=\"https:\/\/www.acgl.fr\/wp-content\/uploads\/2021\/11\/N56EK-03.jpg\" data-photoswipe-image=\"e5c06b1d\" data-photoswipe-index=\"2\" class=\"vce-image-gallery-item-inner\" data-pswp-uid=\"3\"><img decoding=\"async\" class=\"vce-image-gallery-img\" src=\"https:\/\/www.acgl.fr\/wp-content\/uploads\/2021\/11\/N56EK-03-1024x768.jpg\" alt=\"\" title=\"N56EK-03\"><\/a><\/figure><\/div><div class=\"vce-image-gallery-item\" data-photoswipe-item=\"photoswipe-e5c06b1d\"><figure class=\"vce-image-gallery-item-inner-wrapper\"><a href=\"https:\/\/www.acgl.fr\/wp-content\/uploads\/2021\/10\/N56EK.png\" data-photoswipe-image=\"e5c06b1d\" data-photoswipe-index=\"3\" class=\"vce-image-gallery-item-inner\" data-pswp-uid=\"4\"><img decoding=\"async\" class=\"vce-image-gallery-img\" src=\"https:\/\/www.acgl.fr\/wp-content\/uploads\/2021\/10\/N56EK.png\" alt=\"\" title=\"N56EK\"><\/a><\/figure><\/div><\/div><\/div><\/div><\/div><\/div><\/div><div class=\"vce-col vce-col--md-15p vce-col--xs-1 vce-col--xs-last vce-col--xs-first vce-col--sm-last vce-col--sm-first vce-col--md-last vce-col--lg-last vce-col--xl-last\" id=\"el-815b2119\"><div class=\"vce-col-inner\" data-vce-do-apply=\"border margin background  el-815b2119\"><div class=\"vce-col-content\" data-vce-element-content=\"true\" data-vce-do-apply=\"padding el-815b2119\"><\/div><\/div><\/div><\/div><\/div><\/div>\n","protected":false},"excerpt":{"rendered":"<p>N56EK &#8211; PA-28 Archer II &#8211; 180chOriginaire des USA, &nbsp;puissant et rapide, le PA28 convient particuli\u00e8rement aux voyages. &nbsp;Il permet la transition vers un pilotage plus avanc\u00e9.&nbsp; Avionique analogique et num\u00e9rique IFR. Pilote automatique. Moteur Lycoming 180ch. 4 passagers. 230km\/h. 5 heures d\u2019autonomie(1).(1) Toutes les donn\u00e9es relatives \u00e0 la capacit\u00e9 d\u2019emport, \u00e0 la vitesse, \u00e0 [&hellip;]<\/p>\n","protected":false},"author":1,"featured_media":0,"parent":0,"menu_order":0,"comment_status":"closed","ping_status":"closed","template":"","meta":{"qubely_global_settings":"","qubely_interactions":"","_monsterinsights_skip_tracking":false,"_monsterinsights_sitenote_active":false,"_monsterinsights_sitenote_note":"","_monsterinsights_sitenote_category":0,"footnotes":""},"class_list":["post-1187","page","type-page","status-publish","hentry"],"blocksy_meta":{"styles_descriptor":{"styles":{"desktop":"","tablet":"","mobile":""},"google_fonts":[],"version":6}},"yoast_head":"<!-- This site is optimized with the Yoast SEO plugin v27.3 - https:\/\/yoast.com\/product\/yoast-seo-wordpress\/ -->\n<title>N56EK - A\u00e9ro-Club du Grand Lyon<\/title>\n<meta name=\"robots\" content=\"index, follow, max-snippet:-1, max-image-preview:large, max-video-preview:-1\" \/>\n<link rel=\"canonical\" href=\"https:\/\/www.acgl.fr\/index.php\/n56ek-2\/\" \/>\n<meta property=\"og:locale\" content=\"fr_FR\" \/>\n<meta property=\"og:type\" content=\"article\" \/>\n<meta property=\"og:title\" content=\"N56EK - A\u00e9ro-Club du Grand Lyon\" \/>\n<meta property=\"og:description\" content=\"N56EK - PA-28 Archer II - 180chOriginaire des USA, &nbsp;puissant et rapide, le PA28 convient particuli\u00e8rement aux voyages. &nbsp;Il permet la transition vers un pilotage plus avanc\u00e9.&nbsp; Avionique analogique et num\u00e9rique IFR. Pilote automatique. Moteur Lycoming 180ch. 4 passagers. 230km\/h. 5 heures d\u2019autonomie(1).(1) Toutes les donn\u00e9es relatives \u00e0 la capacit\u00e9 d\u2019emport, \u00e0 la vitesse, \u00e0 [&hellip;]\" \/>\n<meta property=\"og:url\" content=\"https:\/\/www.acgl.fr\/index.php\/n56ek-2\/\" \/>\n<meta property=\"og:site_name\" content=\"A\u00e9ro-Club du Grand Lyon\" \/>\n<meta property=\"article:publisher\" content=\"https:\/\/www.facebook.com\/AeroClubduGrandLyon\/\" \/>\n<meta property=\"article:modified_time\" content=\"2021-12-17T13:36:35+00:00\" \/>\n<meta name=\"twitter:card\" content=\"summary_large_image\" \/>\n<script type=\"application\/ld+json\" class=\"yoast-schema-graph\">{\"@context\":\"https:\\\/\\\/schema.org\",\"@graph\":[{\"@type\":\"WebPage\",\"@id\":\"https:\\\/\\\/www.acgl.fr\\\/index.php\\\/n56ek-2\\\/\",\"url\":\"https:\\\/\\\/www.acgl.fr\\\/index.php\\\/n56ek-2\\\/\",\"name\":\"N56EK - A\u00e9ro-Club du Grand Lyon\",\"isPartOf\":{\"@id\":\"https:\\\/\\\/www.acgl.fr\\\/#website\"},\"datePublished\":\"2021-11-21T22:50:28+00:00\",\"dateModified\":\"2021-12-17T13:36:35+00:00\",\"breadcrumb\":{\"@id\":\"https:\\\/\\\/www.acgl.fr\\\/index.php\\\/n56ek-2\\\/#breadcrumb\"},\"inLanguage\":\"fr-FR\",\"potentialAction\":[{\"@type\":\"ReadAction\",\"target\":[\"https:\\\/\\\/www.acgl.fr\\\/index.php\\\/n56ek-2\\\/\"]}]},{\"@type\":\"BreadcrumbList\",\"@id\":\"https:\\\/\\\/www.acgl.fr\\\/index.php\\\/n56ek-2\\\/#breadcrumb\",\"itemListElement\":[{\"@type\":\"ListItem\",\"position\":1,\"name\":\"Accueil\",\"item\":\"https:\\\/\\\/www.acgl.fr\\\/\"},{\"@type\":\"ListItem\",\"position\":2,\"name\":\"N56EK\"}]},{\"@type\":\"WebSite\",\"@id\":\"https:\\\/\\\/www.acgl.fr\\\/#website\",\"url\":\"https:\\\/\\\/www.acgl.fr\\\/\",\"name\":\"A\u00e9ro-Club du Grand Lyon\",\"description\":\"l&#039;A\u00e9roclub qui vous aide \u00e0 concr\u00e9tiser vos r\u00eaves\",\"publisher\":{\"@id\":\"https:\\\/\\\/www.acgl.fr\\\/#organization\"},\"potentialAction\":[{\"@type\":\"SearchAction\",\"target\":{\"@type\":\"EntryPoint\",\"urlTemplate\":\"https:\\\/\\\/www.acgl.fr\\\/?s={search_term_string}\"},\"query-input\":{\"@type\":\"PropertyValueSpecification\",\"valueRequired\":true,\"valueName\":\"search_term_string\"}}],\"inLanguage\":\"fr-FR\"},{\"@type\":\"Organization\",\"@id\":\"https:\\\/\\\/www.acgl.fr\\\/#organization\",\"name\":\"A\u00e9roclub du Grand Lyon\",\"url\":\"https:\\\/\\\/www.acgl.fr\\\/\",\"logo\":{\"@type\":\"ImageObject\",\"inLanguage\":\"fr-FR\",\"@id\":\"https:\\\/\\\/www.acgl.fr\\\/#\\\/schema\\\/logo\\\/image\\\/\",\"url\":\"https:\\\/\\\/www.acgl.fr\\\/wp-content\\\/uploads\\\/2021\\\/10\\\/AGCL_logo_190.png\",\"contentUrl\":\"https:\\\/\\\/www.acgl.fr\\\/wp-content\\\/uploads\\\/2021\\\/10\\\/AGCL_logo_190.png\",\"width\":190,\"height\":190,\"caption\":\"A\u00e9roclub du Grand Lyon\"},\"image\":{\"@id\":\"https:\\\/\\\/www.acgl.fr\\\/#\\\/schema\\\/logo\\\/image\\\/\"},\"sameAs\":[\"https:\\\/\\\/www.facebook.com\\\/AeroClubduGrandLyon\\\/\",\"https:\\\/\\\/www.instagram.com\\\/aeroclub_acgl\\\/\",\"https:\\\/\\\/www.youtube.com\\\/channel\\\/UCDYm_MaF1IlbRxICQXUDYmw\"]}]}<\/script>\n<!-- \/ Yoast SEO plugin. -->","yoast_head_json":{"title":"N56EK - A\u00e9ro-Club du Grand Lyon","robots":{"index":"index","follow":"follow","max-snippet":"max-snippet:-1","max-image-preview":"max-image-preview:large","max-video-preview":"max-video-preview:-1"},"canonical":"https:\/\/www.acgl.fr\/index.php\/n56ek-2\/","og_locale":"fr_FR","og_type":"article","og_title":"N56EK - A\u00e9ro-Club du Grand Lyon","og_description":"N56EK - PA-28 Archer II - 180chOriginaire des USA, &nbsp;puissant et rapide, le PA28 convient particuli\u00e8rement aux voyages. &nbsp;Il permet la transition vers un pilotage plus avanc\u00e9.&nbsp; Avionique analogique et num\u00e9rique IFR. Pilote automatique. Moteur Lycoming 180ch. 4 passagers. 230km\/h. 5 heures d\u2019autonomie(1).(1) Toutes les donn\u00e9es relatives \u00e0 la capacit\u00e9 d\u2019emport, \u00e0 la vitesse, \u00e0 [&hellip;]","og_url":"https:\/\/www.acgl.fr\/index.php\/n56ek-2\/","og_site_name":"A\u00e9ro-Club du Grand Lyon","article_publisher":"https:\/\/www.facebook.com\/AeroClubduGrandLyon\/","article_modified_time":"2021-12-17T13:36:35+00:00","twitter_card":"summary_large_image","schema":{"@context":"https:\/\/schema.org","@graph":[{"@type":"WebPage","@id":"https:\/\/www.acgl.fr\/index.php\/n56ek-2\/","url":"https:\/\/www.acgl.fr\/index.php\/n56ek-2\/","name":"N56EK - A\u00e9ro-Club du Grand Lyon","isPartOf":{"@id":"https:\/\/www.acgl.fr\/#website"},"datePublished":"2021-11-21T22:50:28+00:00","dateModified":"2021-12-17T13:36:35+00:00","breadcrumb":{"@id":"https:\/\/www.acgl.fr\/index.php\/n56ek-2\/#breadcrumb"},"inLanguage":"fr-FR","potentialAction":[{"@type":"ReadAction","target":["https:\/\/www.acgl.fr\/index.php\/n56ek-2\/"]}]},{"@type":"BreadcrumbList","@id":"https:\/\/www.acgl.fr\/index.php\/n56ek-2\/#breadcrumb","itemListElement":[{"@type":"ListItem","position":1,"name":"Accueil","item":"https:\/\/www.acgl.fr\/"},{"@type":"ListItem","position":2,"name":"N56EK"}]},{"@type":"WebSite","@id":"https:\/\/www.acgl.fr\/#website","url":"https:\/\/www.acgl.fr\/","name":"A\u00e9ro-Club du Grand Lyon","description":"l&#039;A\u00e9roclub qui vous aide \u00e0 concr\u00e9tiser vos r\u00eaves","publisher":{"@id":"https:\/\/www.acgl.fr\/#organization"},"potentialAction":[{"@type":"SearchAction","target":{"@type":"EntryPoint","urlTemplate":"https:\/\/www.acgl.fr\/?s={search_term_string}"},"query-input":{"@type":"PropertyValueSpecification","valueRequired":true,"valueName":"search_term_string"}}],"inLanguage":"fr-FR"},{"@type":"Organization","@id":"https:\/\/www.acgl.fr\/#organization","name":"A\u00e9roclub du Grand Lyon","url":"https:\/\/www.acgl.fr\/","logo":{"@type":"ImageObject","inLanguage":"fr-FR","@id":"https:\/\/www.acgl.fr\/#\/schema\/logo\/image\/","url":"https:\/\/www.acgl.fr\/wp-content\/uploads\/2021\/10\/AGCL_logo_190.png","contentUrl":"https:\/\/www.acgl.fr\/wp-content\/uploads\/2021\/10\/AGCL_logo_190.png","width":190,"height":190,"caption":"A\u00e9roclub du Grand Lyon"},"image":{"@id":"https:\/\/www.acgl.fr\/#\/schema\/logo\/image\/"},"sameAs":["https:\/\/www.facebook.com\/AeroClubduGrandLyon\/","https:\/\/www.instagram.com\/aeroclub_acgl\/","https:\/\/www.youtube.com\/channel\/UCDYm_MaF1IlbRxICQXUDYmw"]}]}},"_links":{"self":[{"href":"https:\/\/www.acgl.fr\/index.php\/wp-json\/wp\/v2\/pages\/1187","targetHints":{"allow":["GET"]}}],"collection":[{"href":"https:\/\/www.acgl.fr\/index.php\/wp-json\/wp\/v2\/pages"}],"about":[{"href":"https:\/\/www.acgl.fr\/index.php\/wp-json\/wp\/v2\/types\/page"}],"author":[{"embeddable":true,"href":"https:\/\/www.acgl.fr\/index.php\/wp-json\/wp\/v2\/users\/1"}],"replies":[{"embeddable":true,"href":"https:\/\/www.acgl.fr\/index.php\/wp-json\/wp\/v2\/comments?post=1187"}],"version-history":[{"count":9,"href":"https:\/\/www.acgl.fr\/index.php\/wp-json\/wp\/v2\/pages\/1187\/revisions"}],"predecessor-version":[{"id":1777,"href":"https:\/\/www.acgl.fr\/index.php\/wp-json\/wp\/v2\/pages\/1187\/revisions\/1777"}],"wp:attachment":[{"href":"https:\/\/www.acgl.fr\/index.php\/wp-json\/wp\/v2\/media?parent=1187"}],"curies":[{"name":"wp","href":"https:\/\/api.w.org\/{rel}","templated":true}]}}