{"id":1311,"date":"2021-11-24T14:34:09","date_gmt":"2021-11-24T13:34:09","guid":{"rendered":"https:\/\/www.acgl.fr\/?page_id=1311"},"modified":"2026-04-08T20:11:37","modified_gmt":"2026-04-08T18:11:37","slug":"membresdynamiques","status":"publish","type":"page","link":"https:\/\/www.acgl.fr\/index.php\/membresdynamiques\/","title":{"rendered":"Des membres dynamiques"},"content":{"rendered":"\r\n<div class=\"vce-row-container\">\r\n<div id=\"el-6ebe38ac\" class=\"vce-row vce-row--has-col-background vce-element--has-background vce-row--col-gap-30 vce-row-no-paddings vce-row-equal-height vce-row-content--top\" data-vce-full-width=\"true\" data-vce-stretch-content=\"true\" data-vce-do-apply=\"all el-6ebe38ac\">\r\n<div class=\"vce-content-background-container\">\r\n<div class=\"vce-asset-parallax-container vce-visible-all-only\" data-vce-assets-parallax=\".vce-asset-parallax\" data-vce-assets-parallax-fixed=\"true\" data-vce-assets-parallax-reverse=\"false\">\r\n<div class=\"vce-asset-parallax\" style=\"top: -146px; bottom: 253.375px; transform: translateY(0vh);\">\r\n<div class=\"vce-asset-background-simple-container vce-visible-all-only vce-asset-background-simple--style-cover vce-asset-background-simple--position-center-center\">\r\n<div class=\"vce-asset-background-simple\">\r\n<div class=\"vce-asset-background-simple-item vcv-lozad\" data-background-image=\"http:\/\/dev.acgl.fr\/wp-content\/uploads\/2021\/11\/Fond-PAF-scaled.jpg\">\u00a0<\/div>\r\n<noscript>\r\n                <div class=\"vce-asset-background-simple-item\" style=\"background-image: url(http:\/\/dev.acgl.fr\/wp-content\/uploads\/2021\/11\/Fond-PAF-scaled.jpg)\"><\/div>\r\n              <\/noscript><\/div>\r\n<\/div>\r\n<\/div>\r\n<\/div>\r\n<\/div>\r\n<div class=\"vce-row-content\" data-vce-element-content=\"true\">\r\n<div id=\"el-a832d3cf\" class=\"vce-col vce-col--md-15p vce-col--xs-1 vce-col--xs-last vce-col--xs-first vce-col--sm-last vce-col--sm-first vce-col--md-first vce-col--lg-first vce-col--xl-first\">\r\n<div class=\"vce-col-inner\" data-vce-do-apply=\"border margin background  el-a832d3cf\">\r\n<div class=\"vce-col-content\" data-vce-element-content=\"true\" data-vce-do-apply=\"padding el-a832d3cf\">\r\n<div class=\"vce-faq-toggle vce-faq-toggle-color--fff vce-faq-toggle-shape-color--1D64C5 vce-faq-toggle-shape--rounded\">\r\n<div id=\"el-67b262f3\" class=\"vce-faq-toggle-wrapper vce\" data-vce-do-apply=\"margin padding border background  el-67b262f3\">\r\n<div class=\"vce-faq-toggle-inner\">\r\n<div class=\"vce-faq-toggle-title\">\r\n<h3 class=\"vce-faq-toggle-title-text\" aria-controls=\"faqToggle-67b262f3\" aria-expanded=\"false\"><i class=\"vce-faq-toggle-icon\"><\/i>What is frequently asked questions?<\/h3>\r\n<\/div>\r\n<div id=\"faqToggle-67b262f3\" class=\"vce-faq-toggle-text-block\" role=\"region\">\r\n<p>Frequently asked questions (FAQ) or Questions and Answers (Q&amp;A), are listed questions and answers, all supposed to be commonly asked in some context, and pertaining to a particular topic.<\/p>\r\n<\/div>\r\n<\/div>\r\n<\/div>\r\n<\/div>\r\n<\/div>\r\n<\/div>\r\n<\/div>\r\n\r\n<div id=\"el-9ce9f14a\" class=\"vce-col vce-element--has-background vce-col--md-70p vce-col--xs-1 vce-col--xs-last vce-col--xs-first vce-col--sm-last vce-col--sm-first\">\r\n<div class=\"vce-col-inner\" data-vce-do-apply=\"border margin background  el-9ce9f14a\">\r\n<div class=\"vce-content-background-container\">\u00a0<\/div>\r\n<div class=\"vce-col-content\" data-vce-element-content=\"true\" data-vce-do-apply=\"padding el-9ce9f14a\">\r\n<div class=\"vce-text-block\">\r\n<div id=\"el-df6fa0d3\" class=\"vce-text-block-wrapper vce\" data-vce-do-apply=\"all el-df6fa0d3\">\r\n<h2 class=\"qubely-heading-selector\">Des membres dynamiques<\/h2>\r\n<h4>Le Bureau<\/h4>\r\n<p>Le Club est administr\u00e9 par un Bureau qui met en \u0153uvre les orientations et d\u00e9cisions du Conseil d'Administration.<br \/>Il est \u00e9lu par le Conseil d'Administration pour un an.<\/p>\r\n<p>Pr\u00e9sident : <strong>Jean Loa\u00ebc<\/strong><\/p>\r\n<p>Vice-pr\u00e9sidents :<\/p>\r\n<ul>\r\n<li>Gestion flotte\u00a0 : <strong>Axel Sagnier<\/strong><\/li>\r\n<li>Recrutements et partenariats : <strong>Noah Mammouche<\/strong><\/li>\r\n<li>Digital : <strong>Marc Poncin<br \/><\/strong><\/li>\r\n<li>D\u00e9veloppement : <strong>Philippe Villard<\/strong><\/li>\r\n<\/ul>\r\n<p>Secr\u00e9taire g\u00e9n\u00e9ral : <b>Franck Pervilhac<\/b><\/p>\r\n<p>Tr\u00e9sorier : <strong>Bruno Paclet<\/strong><\/p>\r\n<h4>Le Conseil d'Administration<\/h4>\r\n<p>Le Conseil d'Administration est renouvel\u00e9 par tiers, chaque ann\u00e9e, lors de l'assembl\u00e9e g\u00e9n\u00e9rale.<\/p>\r\n<p>Il comprend un maximum de <strong>21 membres<\/strong>.<\/p>\r\n<\/div>\r\n<\/div>\r\n<\/div>\r\n<\/div>\r\n<\/div>\r\n\r\n<div id=\"el-0575c353\" class=\"vce-col vce-col--md-15p vce-col--xs-1 vce-col--xs-last vce-col--xs-first vce-col--sm-last vce-col--sm-first vce-col--md-last vce-col--lg-last vce-col--xl-last\">\r\n<div class=\"vce-col-inner\" data-vce-do-apply=\"border margin background  el-0575c353\">\r\n<div class=\"vce-col-content\" data-vce-element-content=\"true\" data-vce-do-apply=\"padding el-0575c353\">\r\n<div class=\"vcv-row-control-wrapper\">\u00a0<\/div>\r\n<\/div>\r\n<\/div>\r\n<\/div>\r\n<\/div>\r\n<\/div>\r\n<\/div>\r\n","protected":false},"excerpt":{"rendered":"<p>\u00a0 What is frequently asked questions? Frequently asked questions (FAQ) or Questions and Answers (Q&amp;A), are listed questions and answers, all supposed to be commonly asked in some context, and pertaining to a particular topic. \u00a0 Des membres dynamiques Le Bureau Le Club est administr\u00e9 par un Bureau qui met en \u0153uvre les orientations et [&hellip;]<\/p>\n","protected":false},"author":1,"featured_media":0,"parent":0,"menu_order":0,"comment_status":"closed","ping_status":"closed","template":"","meta":{"qubely_global_settings":"","qubely_interactions":"","_monsterinsights_skip_tracking":false,"_monsterinsights_sitenote_active":false,"_monsterinsights_sitenote_note":"","_monsterinsights_sitenote_category":0,"footnotes":""},"class_list":["post-1311","page","type-page","status-publish","hentry"],"blocksy_meta":{"styles_descriptor":{"styles":{"desktop":"","tablet":"","mobile":""},"google_fonts":[],"version":6}},"yoast_head":"<!-- This site is optimized with the Yoast SEO plugin v27.5 - https:\/\/yoast.com\/product\/yoast-seo-wordpress\/ -->\n<title>Des membres dynamiques - A\u00e9ro-Club du Grand Lyon<\/title>\n<meta name=\"robots\" content=\"index, follow, max-snippet:-1, max-image-preview:large, max-video-preview:-1\" \/>\n<link rel=\"canonical\" href=\"https:\/\/www.acgl.fr\/index.php\/membresdynamiques\/\" \/>\n<meta property=\"og:locale\" content=\"fr_FR\" \/>\n<meta property=\"og:type\" content=\"article\" \/>\n<meta property=\"og:title\" content=\"Des membres dynamiques - A\u00e9ro-Club du Grand Lyon\" \/>\n<meta property=\"og:description\" content=\"\u00a0 What is frequently asked questions? Frequently asked questions (FAQ) or Questions and Answers (Q&amp;A), are listed questions and answers, all supposed to be commonly asked in some context, and pertaining to a particular topic. \u00a0 Des membres dynamiques Le Bureau Le Club est administr\u00e9 par un Bureau qui met en \u0153uvre les orientations et [&hellip;]\" \/>\n<meta property=\"og:url\" content=\"https:\/\/www.acgl.fr\/index.php\/membresdynamiques\/\" \/>\n<meta property=\"og:site_name\" content=\"A\u00e9ro-Club du Grand Lyon\" \/>\n<meta property=\"article:publisher\" content=\"https:\/\/www.facebook.com\/AeroClubduGrandLyon\/\" \/>\n<meta property=\"article:modified_time\" content=\"2026-04-08T18:11:37+00:00\" \/>\n<meta name=\"twitter:card\" content=\"summary_large_image\" \/>\n<meta name=\"twitter:label1\" content=\"Dur\u00e9e de lecture estim\u00e9e\" \/>\n\t<meta name=\"twitter:data1\" content=\"1 minute\" \/>\n<script type=\"application\/ld+json\" class=\"yoast-schema-graph\">{\"@context\":\"https:\\\/\\\/schema.org\",\"@graph\":[{\"@type\":\"WebPage\",\"@id\":\"https:\\\/\\\/www.acgl.fr\\\/index.php\\\/membresdynamiques\\\/\",\"url\":\"https:\\\/\\\/www.acgl.fr\\\/index.php\\\/membresdynamiques\\\/\",\"name\":\"Des membres dynamiques - A\u00e9ro-Club du Grand Lyon\",\"isPartOf\":{\"@id\":\"https:\\\/\\\/www.acgl.fr\\\/#website\"},\"datePublished\":\"2021-11-24T13:34:09+00:00\",\"dateModified\":\"2026-04-08T18:11:37+00:00\",\"breadcrumb\":{\"@id\":\"https:\\\/\\\/www.acgl.fr\\\/index.php\\\/membresdynamiques\\\/#breadcrumb\"},\"inLanguage\":\"fr-FR\",\"potentialAction\":[{\"@type\":\"ReadAction\",\"target\":[\"https:\\\/\\\/www.acgl.fr\\\/index.php\\\/membresdynamiques\\\/\"]}]},{\"@type\":\"BreadcrumbList\",\"@id\":\"https:\\\/\\\/www.acgl.fr\\\/index.php\\\/membresdynamiques\\\/#breadcrumb\",\"itemListElement\":[{\"@type\":\"ListItem\",\"position\":1,\"name\":\"Accueil\",\"item\":\"https:\\\/\\\/www.acgl.fr\\\/\"},{\"@type\":\"ListItem\",\"position\":2,\"name\":\"Des membres dynamiques\"}]},{\"@type\":\"WebSite\",\"@id\":\"https:\\\/\\\/www.acgl.fr\\\/#website\",\"url\":\"https:\\\/\\\/www.acgl.fr\\\/\",\"name\":\"A\u00e9ro-Club du Grand Lyon\",\"description\":\"l&#039;A\u00e9roclub qui vous aide \u00e0 concr\u00e9tiser vos r\u00eaves\",\"publisher\":{\"@id\":\"https:\\\/\\\/www.acgl.fr\\\/#organization\"},\"potentialAction\":[{\"@type\":\"SearchAction\",\"target\":{\"@type\":\"EntryPoint\",\"urlTemplate\":\"https:\\\/\\\/www.acgl.fr\\\/?s={search_term_string}\"},\"query-input\":{\"@type\":\"PropertyValueSpecification\",\"valueRequired\":true,\"valueName\":\"search_term_string\"}}],\"inLanguage\":\"fr-FR\"},{\"@type\":\"Organization\",\"@id\":\"https:\\\/\\\/www.acgl.fr\\\/#organization\",\"name\":\"A\u00e9roclub du Grand Lyon\",\"url\":\"https:\\\/\\\/www.acgl.fr\\\/\",\"logo\":{\"@type\":\"ImageObject\",\"inLanguage\":\"fr-FR\",\"@id\":\"https:\\\/\\\/www.acgl.fr\\\/#\\\/schema\\\/logo\\\/image\\\/\",\"url\":\"https:\\\/\\\/www.acgl.fr\\\/wp-content\\\/uploads\\\/2021\\\/10\\\/AGCL_logo_190.png\",\"contentUrl\":\"https:\\\/\\\/www.acgl.fr\\\/wp-content\\\/uploads\\\/2021\\\/10\\\/AGCL_logo_190.png\",\"width\":190,\"height\":190,\"caption\":\"A\u00e9roclub du Grand Lyon\"},\"image\":{\"@id\":\"https:\\\/\\\/www.acgl.fr\\\/#\\\/schema\\\/logo\\\/image\\\/\"},\"sameAs\":[\"https:\\\/\\\/www.facebook.com\\\/AeroClubduGrandLyon\\\/\",\"https:\\\/\\\/www.instagram.com\\\/aeroclub_acgl\\\/\",\"https:\\\/\\\/www.youtube.com\\\/channel\\\/UCDYm_MaF1IlbRxICQXUDYmw\"]}]}<\/script>\n<!-- \/ Yoast SEO plugin. -->","yoast_head_json":{"title":"Des membres dynamiques - A\u00e9ro-Club du Grand Lyon","robots":{"index":"index","follow":"follow","max-snippet":"max-snippet:-1","max-image-preview":"max-image-preview:large","max-video-preview":"max-video-preview:-1"},"canonical":"https:\/\/www.acgl.fr\/index.php\/membresdynamiques\/","og_locale":"fr_FR","og_type":"article","og_title":"Des membres dynamiques - A\u00e9ro-Club du Grand Lyon","og_description":"\u00a0 What is frequently asked questions? Frequently asked questions (FAQ) or Questions and Answers (Q&amp;A), are listed questions and answers, all supposed to be commonly asked in some context, and pertaining to a particular topic. \u00a0 Des membres dynamiques Le Bureau Le Club est administr\u00e9 par un Bureau qui met en \u0153uvre les orientations et [&hellip;]","og_url":"https:\/\/www.acgl.fr\/index.php\/membresdynamiques\/","og_site_name":"A\u00e9ro-Club du Grand Lyon","article_publisher":"https:\/\/www.facebook.com\/AeroClubduGrandLyon\/","article_modified_time":"2026-04-08T18:11:37+00:00","twitter_card":"summary_large_image","twitter_misc":{"Dur\u00e9e de lecture estim\u00e9e":"1 minute"},"schema":{"@context":"https:\/\/schema.org","@graph":[{"@type":"WebPage","@id":"https:\/\/www.acgl.fr\/index.php\/membresdynamiques\/","url":"https:\/\/www.acgl.fr\/index.php\/membresdynamiques\/","name":"Des membres dynamiques - A\u00e9ro-Club du Grand Lyon","isPartOf":{"@id":"https:\/\/www.acgl.fr\/#website"},"datePublished":"2021-11-24T13:34:09+00:00","dateModified":"2026-04-08T18:11:37+00:00","breadcrumb":{"@id":"https:\/\/www.acgl.fr\/index.php\/membresdynamiques\/#breadcrumb"},"inLanguage":"fr-FR","potentialAction":[{"@type":"ReadAction","target":["https:\/\/www.acgl.fr\/index.php\/membresdynamiques\/"]}]},{"@type":"BreadcrumbList","@id":"https:\/\/www.acgl.fr\/index.php\/membresdynamiques\/#breadcrumb","itemListElement":[{"@type":"ListItem","position":1,"name":"Accueil","item":"https:\/\/www.acgl.fr\/"},{"@type":"ListItem","position":2,"name":"Des membres dynamiques"}]},{"@type":"WebSite","@id":"https:\/\/www.acgl.fr\/#website","url":"https:\/\/www.acgl.fr\/","name":"A\u00e9ro-Club du Grand Lyon","description":"l&#039;A\u00e9roclub qui vous aide \u00e0 concr\u00e9tiser vos r\u00eaves","publisher":{"@id":"https:\/\/www.acgl.fr\/#organization"},"potentialAction":[{"@type":"SearchAction","target":{"@type":"EntryPoint","urlTemplate":"https:\/\/www.acgl.fr\/?s={search_term_string}"},"query-input":{"@type":"PropertyValueSpecification","valueRequired":true,"valueName":"search_term_string"}}],"inLanguage":"fr-FR"},{"@type":"Organization","@id":"https:\/\/www.acgl.fr\/#organization","name":"A\u00e9roclub du Grand Lyon","url":"https:\/\/www.acgl.fr\/","logo":{"@type":"ImageObject","inLanguage":"fr-FR","@id":"https:\/\/www.acgl.fr\/#\/schema\/logo\/image\/","url":"https:\/\/www.acgl.fr\/wp-content\/uploads\/2021\/10\/AGCL_logo_190.png","contentUrl":"https:\/\/www.acgl.fr\/wp-content\/uploads\/2021\/10\/AGCL_logo_190.png","width":190,"height":190,"caption":"A\u00e9roclub du Grand Lyon"},"image":{"@id":"https:\/\/www.acgl.fr\/#\/schema\/logo\/image\/"},"sameAs":["https:\/\/www.facebook.com\/AeroClubduGrandLyon\/","https:\/\/www.instagram.com\/aeroclub_acgl\/","https:\/\/www.youtube.com\/channel\/UCDYm_MaF1IlbRxICQXUDYmw"]}]}},"_links":{"self":[{"href":"https:\/\/www.acgl.fr\/index.php\/wp-json\/wp\/v2\/pages\/1311","targetHints":{"allow":["GET"]}}],"collection":[{"href":"https:\/\/www.acgl.fr\/index.php\/wp-json\/wp\/v2\/pages"}],"about":[{"href":"https:\/\/www.acgl.fr\/index.php\/wp-json\/wp\/v2\/types\/page"}],"author":[{"embeddable":true,"href":"https:\/\/www.acgl.fr\/index.php\/wp-json\/wp\/v2\/users\/1"}],"replies":[{"embeddable":true,"href":"https:\/\/www.acgl.fr\/index.php\/wp-json\/wp\/v2\/comments?post=1311"}],"version-history":[{"count":22,"href":"https:\/\/www.acgl.fr\/index.php\/wp-json\/wp\/v2\/pages\/1311\/revisions"}],"predecessor-version":[{"id":2069,"href":"https:\/\/www.acgl.fr\/index.php\/wp-json\/wp\/v2\/pages\/1311\/revisions\/2069"}],"wp:attachment":[{"href":"https:\/\/www.acgl.fr\/index.php\/wp-json\/wp\/v2\/media?parent=1311"}],"curies":[{"name":"wp","href":"https:\/\/api.w.org\/{rel}","templated":true}]}}