{"id":1348,"date":"2021-11-24T15:49:36","date_gmt":"2021-11-24T14:49:36","guid":{"rendered":"https:\/\/www.acgl.fr\/?page_id=1348"},"modified":"2021-12-14T19:12:10","modified_gmt":"2021-12-14T18:12:10","slug":"les-locaux","status":"publish","type":"page","link":"https:\/\/www.acgl.fr\/index.php\/les-locaux\/","title":{"rendered":"Les locaux"},"content":{"rendered":"<div class=\"vce-row-container\"><div class=\"vce-row vce-row--has-col-background vce-element--has-background vce-row--col-gap-20 vce-row-no-paddings vce-row-equal-height vce-row-content--top\" data-vce-full-width=\"true\" data-vce-stretch-content=\"true\" id=\"el-34b3d2ae\" data-vce-do-apply=\"all el-34b3d2ae\"><div class=\"vce-content-background-container\"><div class=\"vce-asset-parallax-container vce-visible-all-only\" data-vce-assets-parallax=\".vce-asset-parallax\" data-vce-assets-parallax-reverse=\"false\"><div class=\"vce-asset-parallax\" style=\"top: -30vh; bottom: -30vh; transform: translateY(-6.17312vh);\"><div class=\"vce-asset-background-simple-container vce-visible-all-only vce-asset-background-simple--style-cover vce-asset-background-simple--position-center-top\"><div class=\"vce-asset-background-simple\">\n              <div class=\"vce-asset-background-simple-item vcv-lozad\" data-background-image=\"https:\/\/www.acgl.fr\/wp-content\/uploads\/2021\/11\/Locaux.jpg\"><\/div>\n              <noscript>\n                <div class=\"vce-asset-background-simple-item\" style=\"background-image: url(https:\/\/www.acgl.fr\/wp-content\/uploads\/2021\/11\/Locaux.jpg)\"><\/div>\n              <\/noscript>\n            <\/div><\/div><\/div><\/div><\/div><div class=\"vce-row-content\" data-vce-element-content=\"true\"><div class=\"vce-col vce-col--md-15p vce-col--xs-1 vce-col--xs-last vce-col--xs-first vce-col--sm-last vce-col--sm-first vce-col--md-first vce-col--lg-first vce-col--xl-first\" id=\"el-6dbe303e\"><div class=\"vce-col-inner\" data-vce-do-apply=\"border margin background  el-6dbe303e\"><div class=\"vce-col-content\" data-vce-element-content=\"true\" data-vce-do-apply=\"padding el-6dbe303e\"><\/div><\/div><\/div><div class=\"vce-col vce-element--has-background vce-col--md-auto vce-col--xs-1 vce-col--xs-last vce-col--xs-first vce-col--sm-last vce-col--sm-first\" id=\"el-76ea77a1\"><div class=\"vce-col-inner\" data-vce-do-apply=\"border margin background  el-76ea77a1\"><div class=\"vce-content-background-container\"><\/div><div class=\"vce-col-content\" data-vce-element-content=\"true\" data-vce-do-apply=\"padding el-76ea77a1\"><div class=\"vce-text-block\"><div class=\"vce-text-block-wrapper vce\" id=\"el-a9273377\" data-vce-do-apply=\"all el-a9273377\"><h2 class=\"qubely-heading-selector\">Les locaux<\/h2><p>Le club dispose de plusieurs locaux pour ses activit\u00e9s.<\/p><p>Au <strong>rez de chauss\u00e9e<\/strong> le bureau pilotes, un espace d\u00e9di\u00e9 \u00e0 la pr\u00e9paration des vols. Des fauteuils permettent \u00e0 vos invit\u00e9s de patienter agr\u00e9ablement pendant la pr\u00e9paration des vols.<\/p><p>Une salle de briefing d\u00e9di\u00e9e \u00e0 l'\u00e9cole de pilotage et aux instructeurs,<\/p><p>Une salle de r\u00e9union \u00e0 disposition de l'inter-clubs.<\/p><\/div><\/div><div class=\"vce-image-gallery vce-image-gallery--gap-10 vce-image-gallery--columns-4 vce-image-gallery--border-rounded\" data-photoswipe-gallery=\"b3778830\"><div class=\"vce-image-gallery-wrapper vce\" id=\"el-b3778830\" data-vce-do-apply=\"all el-b3778830\"><div class=\"vce-image-gallery-list\"><div class=\"vce-image-gallery-item\" data-photoswipe-item=\"photoswipe-b3778830\"><figure class=\"vce-image-gallery-item-inner-wrapper\"><a href=\"https:\/\/www.acgl.fr\/wp-content\/uploads\/2021\/11\/Locaux2.jpg\" data-photoswipe-image=\"b3778830\" data-photoswipe-index=\"0\" class=\"vce-image-gallery-item-inner\" data-pswp-uid=\"1\"><img decoding=\"async\" class=\"vce-image-gallery-img\" src=\"https:\/\/www.acgl.fr\/wp-content\/uploads\/2021\/11\/Locaux2-1024x765.jpg\" alt=\"\" title=\"Locaux2\"><\/a><\/figure><\/div><div class=\"vce-image-gallery-item\" data-photoswipe-item=\"photoswipe-b3778830\"><figure class=\"vce-image-gallery-item-inner-wrapper\"><a href=\"https:\/\/www.acgl.fr\/wp-content\/uploads\/2021\/12\/Locaux-5.jpg\" data-photoswipe-image=\"b3778830\" data-photoswipe-index=\"1\" class=\"vce-image-gallery-item-inner\" data-pswp-uid=\"2\"><img decoding=\"async\" class=\"vce-image-gallery-img\" src=\"https:\/\/www.acgl.fr\/wp-content\/uploads\/2021\/12\/Locaux-5-1024x576.jpg\" alt=\"\" title=\"Locaux-5\"><\/a><\/figure><\/div><div class=\"vce-image-gallery-item\" data-photoswipe-item=\"photoswipe-b3778830\"><figure class=\"vce-image-gallery-item-inner-wrapper\"><a href=\"https:\/\/www.acgl.fr\/wp-content\/uploads\/2021\/12\/Locaux-6.jpg\" data-photoswipe-image=\"b3778830\" data-photoswipe-index=\"2\" class=\"vce-image-gallery-item-inner\" data-pswp-uid=\"3\"><img decoding=\"async\" class=\"vce-image-gallery-img\" src=\"https:\/\/www.acgl.fr\/wp-content\/uploads\/2021\/12\/Locaux-6-1024x576.jpg\" alt=\"\" title=\"Locaux-6\"><\/a><\/figure><\/div><div class=\"vce-image-gallery-item\" data-photoswipe-item=\"photoswipe-b3778830\"><figure class=\"vce-image-gallery-item-inner-wrapper\"><a href=\"https:\/\/www.acgl.fr\/wp-content\/uploads\/2021\/12\/Locaux-7-scaled.jpg\" data-photoswipe-image=\"b3778830\" data-photoswipe-index=\"3\" class=\"vce-image-gallery-item-inner\" data-pswp-uid=\"4\"><img decoding=\"async\" class=\"vce-image-gallery-img\" src=\"https:\/\/www.acgl.fr\/wp-content\/uploads\/2021\/12\/Locaux-7-1024x768.jpg\" alt=\"\" title=\"Locaux-7\"><\/a><\/figure><\/div><\/div><\/div><\/div><\/div><\/div><\/div><div class=\"vce-col vce-col--md-15p vce-col--xs-1 vce-col--xs-last vce-col--xs-first vce-col--sm-last vce-col--sm-first vce-col--md-last vce-col--lg-last vce-col--xl-last\" id=\"el-63f03a58\"><div class=\"vce-col-inner\" data-vce-do-apply=\"border margin background  el-63f03a58\"><div class=\"vce-col-content\" data-vce-element-content=\"true\" data-vce-do-apply=\"padding el-63f03a58\"><\/div><\/div><\/div><\/div><\/div><\/div>\n","protected":false},"excerpt":{"rendered":"<p>Les locauxLe club dispose de plusieurs locaux pour ses activit\u00e9s.Au rez de chauss\u00e9e le bureau pilotes, un espace d\u00e9di\u00e9 \u00e0 la pr\u00e9paration des vols. Des fauteuils permettent \u00e0 vos invit\u00e9s de patienter agr\u00e9ablement pendant la pr\u00e9paration des vols.Une salle de briefing d\u00e9di\u00e9e \u00e0 l&rsquo;\u00e9cole de pilotage et aux instructeurs,Une salle de r\u00e9union \u00e0 disposition de [&hellip;]<\/p>\n","protected":false},"author":1,"featured_media":0,"parent":0,"menu_order":0,"comment_status":"closed","ping_status":"closed","template":"","meta":{"qubely_global_settings":"","qubely_interactions":"","_monsterinsights_skip_tracking":false,"_monsterinsights_sitenote_active":false,"_monsterinsights_sitenote_note":"","_monsterinsights_sitenote_category":0,"footnotes":""},"class_list":["post-1348","page","type-page","status-publish","hentry"],"blocksy_meta":{"styles_descriptor":{"styles":{"desktop":"","tablet":"","mobile":""},"google_fonts":[],"version":6}},"yoast_head":"<!-- This site is optimized with the Yoast SEO plugin v27.4 - https:\/\/yoast.com\/product\/yoast-seo-wordpress\/ -->\n<title>Les locaux - A\u00e9ro-Club du Grand Lyon<\/title>\n<meta name=\"robots\" content=\"index, follow, max-snippet:-1, max-image-preview:large, max-video-preview:-1\" \/>\n<link rel=\"canonical\" href=\"https:\/\/www.acgl.fr\/index.php\/les-locaux\/\" \/>\n<meta property=\"og:locale\" content=\"fr_FR\" \/>\n<meta property=\"og:type\" content=\"article\" \/>\n<meta property=\"og:title\" content=\"Les locaux - A\u00e9ro-Club du Grand Lyon\" \/>\n<meta property=\"og:description\" content=\"Les locauxLe club dispose de plusieurs locaux pour ses activit\u00e9s.Au rez de chauss\u00e9e le bureau pilotes, un espace d\u00e9di\u00e9 \u00e0 la pr\u00e9paration des vols. Des fauteuils permettent \u00e0 vos invit\u00e9s de patienter agr\u00e9ablement pendant la pr\u00e9paration des vols.Une salle de briefing d\u00e9di\u00e9e \u00e0 l&#039;\u00e9cole de pilotage et aux instructeurs,Une salle de r\u00e9union \u00e0 disposition de [&hellip;]\" \/>\n<meta property=\"og:url\" content=\"https:\/\/www.acgl.fr\/index.php\/les-locaux\/\" \/>\n<meta property=\"og:site_name\" content=\"A\u00e9ro-Club du Grand Lyon\" \/>\n<meta property=\"article:publisher\" content=\"https:\/\/www.facebook.com\/AeroClubduGrandLyon\/\" \/>\n<meta property=\"article:modified_time\" content=\"2021-12-14T18:12:10+00:00\" \/>\n<meta name=\"twitter:card\" content=\"summary_large_image\" \/>\n<script type=\"application\/ld+json\" class=\"yoast-schema-graph\">{\"@context\":\"https:\\\/\\\/schema.org\",\"@graph\":[{\"@type\":\"WebPage\",\"@id\":\"https:\\\/\\\/www.acgl.fr\\\/index.php\\\/les-locaux\\\/\",\"url\":\"https:\\\/\\\/www.acgl.fr\\\/index.php\\\/les-locaux\\\/\",\"name\":\"Les locaux - A\u00e9ro-Club du Grand Lyon\",\"isPartOf\":{\"@id\":\"https:\\\/\\\/www.acgl.fr\\\/#website\"},\"datePublished\":\"2021-11-24T14:49:36+00:00\",\"dateModified\":\"2021-12-14T18:12:10+00:00\",\"breadcrumb\":{\"@id\":\"https:\\\/\\\/www.acgl.fr\\\/index.php\\\/les-locaux\\\/#breadcrumb\"},\"inLanguage\":\"fr-FR\",\"potentialAction\":[{\"@type\":\"ReadAction\",\"target\":[\"https:\\\/\\\/www.acgl.fr\\\/index.php\\\/les-locaux\\\/\"]}]},{\"@type\":\"BreadcrumbList\",\"@id\":\"https:\\\/\\\/www.acgl.fr\\\/index.php\\\/les-locaux\\\/#breadcrumb\",\"itemListElement\":[{\"@type\":\"ListItem\",\"position\":1,\"name\":\"Accueil\",\"item\":\"https:\\\/\\\/www.acgl.fr\\\/\"},{\"@type\":\"ListItem\",\"position\":2,\"name\":\"Les locaux\"}]},{\"@type\":\"WebSite\",\"@id\":\"https:\\\/\\\/www.acgl.fr\\\/#website\",\"url\":\"https:\\\/\\\/www.acgl.fr\\\/\",\"name\":\"A\u00e9ro-Club du Grand Lyon\",\"description\":\"l&#039;A\u00e9roclub qui vous aide \u00e0 concr\u00e9tiser vos r\u00eaves\",\"publisher\":{\"@id\":\"https:\\\/\\\/www.acgl.fr\\\/#organization\"},\"potentialAction\":[{\"@type\":\"SearchAction\",\"target\":{\"@type\":\"EntryPoint\",\"urlTemplate\":\"https:\\\/\\\/www.acgl.fr\\\/?s={search_term_string}\"},\"query-input\":{\"@type\":\"PropertyValueSpecification\",\"valueRequired\":true,\"valueName\":\"search_term_string\"}}],\"inLanguage\":\"fr-FR\"},{\"@type\":\"Organization\",\"@id\":\"https:\\\/\\\/www.acgl.fr\\\/#organization\",\"name\":\"A\u00e9roclub du Grand Lyon\",\"url\":\"https:\\\/\\\/www.acgl.fr\\\/\",\"logo\":{\"@type\":\"ImageObject\",\"inLanguage\":\"fr-FR\",\"@id\":\"https:\\\/\\\/www.acgl.fr\\\/#\\\/schema\\\/logo\\\/image\\\/\",\"url\":\"https:\\\/\\\/www.acgl.fr\\\/wp-content\\\/uploads\\\/2021\\\/10\\\/AGCL_logo_190.png\",\"contentUrl\":\"https:\\\/\\\/www.acgl.fr\\\/wp-content\\\/uploads\\\/2021\\\/10\\\/AGCL_logo_190.png\",\"width\":190,\"height\":190,\"caption\":\"A\u00e9roclub du Grand Lyon\"},\"image\":{\"@id\":\"https:\\\/\\\/www.acgl.fr\\\/#\\\/schema\\\/logo\\\/image\\\/\"},\"sameAs\":[\"https:\\\/\\\/www.facebook.com\\\/AeroClubduGrandLyon\\\/\",\"https:\\\/\\\/www.instagram.com\\\/aeroclub_acgl\\\/\",\"https:\\\/\\\/www.youtube.com\\\/channel\\\/UCDYm_MaF1IlbRxICQXUDYmw\"]}]}<\/script>\n<!-- \/ Yoast SEO plugin. -->","yoast_head_json":{"title":"Les locaux - A\u00e9ro-Club du Grand Lyon","robots":{"index":"index","follow":"follow","max-snippet":"max-snippet:-1","max-image-preview":"max-image-preview:large","max-video-preview":"max-video-preview:-1"},"canonical":"https:\/\/www.acgl.fr\/index.php\/les-locaux\/","og_locale":"fr_FR","og_type":"article","og_title":"Les locaux - A\u00e9ro-Club du Grand Lyon","og_description":"Les locauxLe club dispose de plusieurs locaux pour ses activit\u00e9s.Au rez de chauss\u00e9e le bureau pilotes, un espace d\u00e9di\u00e9 \u00e0 la pr\u00e9paration des vols. Des fauteuils permettent \u00e0 vos invit\u00e9s de patienter agr\u00e9ablement pendant la pr\u00e9paration des vols.Une salle de briefing d\u00e9di\u00e9e \u00e0 l'\u00e9cole de pilotage et aux instructeurs,Une salle de r\u00e9union \u00e0 disposition de [&hellip;]","og_url":"https:\/\/www.acgl.fr\/index.php\/les-locaux\/","og_site_name":"A\u00e9ro-Club du Grand Lyon","article_publisher":"https:\/\/www.facebook.com\/AeroClubduGrandLyon\/","article_modified_time":"2021-12-14T18:12:10+00:00","twitter_card":"summary_large_image","schema":{"@context":"https:\/\/schema.org","@graph":[{"@type":"WebPage","@id":"https:\/\/www.acgl.fr\/index.php\/les-locaux\/","url":"https:\/\/www.acgl.fr\/index.php\/les-locaux\/","name":"Les locaux - A\u00e9ro-Club du Grand Lyon","isPartOf":{"@id":"https:\/\/www.acgl.fr\/#website"},"datePublished":"2021-11-24T14:49:36+00:00","dateModified":"2021-12-14T18:12:10+00:00","breadcrumb":{"@id":"https:\/\/www.acgl.fr\/index.php\/les-locaux\/#breadcrumb"},"inLanguage":"fr-FR","potentialAction":[{"@type":"ReadAction","target":["https:\/\/www.acgl.fr\/index.php\/les-locaux\/"]}]},{"@type":"BreadcrumbList","@id":"https:\/\/www.acgl.fr\/index.php\/les-locaux\/#breadcrumb","itemListElement":[{"@type":"ListItem","position":1,"name":"Accueil","item":"https:\/\/www.acgl.fr\/"},{"@type":"ListItem","position":2,"name":"Les locaux"}]},{"@type":"WebSite","@id":"https:\/\/www.acgl.fr\/#website","url":"https:\/\/www.acgl.fr\/","name":"A\u00e9ro-Club du Grand Lyon","description":"l&#039;A\u00e9roclub qui vous aide \u00e0 concr\u00e9tiser vos r\u00eaves","publisher":{"@id":"https:\/\/www.acgl.fr\/#organization"},"potentialAction":[{"@type":"SearchAction","target":{"@type":"EntryPoint","urlTemplate":"https:\/\/www.acgl.fr\/?s={search_term_string}"},"query-input":{"@type":"PropertyValueSpecification","valueRequired":true,"valueName":"search_term_string"}}],"inLanguage":"fr-FR"},{"@type":"Organization","@id":"https:\/\/www.acgl.fr\/#organization","name":"A\u00e9roclub du Grand Lyon","url":"https:\/\/www.acgl.fr\/","logo":{"@type":"ImageObject","inLanguage":"fr-FR","@id":"https:\/\/www.acgl.fr\/#\/schema\/logo\/image\/","url":"https:\/\/www.acgl.fr\/wp-content\/uploads\/2021\/10\/AGCL_logo_190.png","contentUrl":"https:\/\/www.acgl.fr\/wp-content\/uploads\/2021\/10\/AGCL_logo_190.png","width":190,"height":190,"caption":"A\u00e9roclub du Grand Lyon"},"image":{"@id":"https:\/\/www.acgl.fr\/#\/schema\/logo\/image\/"},"sameAs":["https:\/\/www.facebook.com\/AeroClubduGrandLyon\/","https:\/\/www.instagram.com\/aeroclub_acgl\/","https:\/\/www.youtube.com\/channel\/UCDYm_MaF1IlbRxICQXUDYmw"]}]}},"_links":{"self":[{"href":"https:\/\/www.acgl.fr\/index.php\/wp-json\/wp\/v2\/pages\/1348","targetHints":{"allow":["GET"]}}],"collection":[{"href":"https:\/\/www.acgl.fr\/index.php\/wp-json\/wp\/v2\/pages"}],"about":[{"href":"https:\/\/www.acgl.fr\/index.php\/wp-json\/wp\/v2\/types\/page"}],"author":[{"embeddable":true,"href":"https:\/\/www.acgl.fr\/index.php\/wp-json\/wp\/v2\/users\/1"}],"replies":[{"embeddable":true,"href":"https:\/\/www.acgl.fr\/index.php\/wp-json\/wp\/v2\/comments?post=1348"}],"version-history":[{"count":9,"href":"https:\/\/www.acgl.fr\/index.php\/wp-json\/wp\/v2\/pages\/1348\/revisions"}],"predecessor-version":[{"id":1693,"href":"https:\/\/www.acgl.fr\/index.php\/wp-json\/wp\/v2\/pages\/1348\/revisions\/1693"}],"wp:attachment":[{"href":"https:\/\/www.acgl.fr\/index.php\/wp-json\/wp\/v2\/media?parent=1348"}],"curies":[{"name":"wp","href":"https:\/\/api.w.org\/{rel}","templated":true}]}}