{"id":1382,"date":"2021-12-05T16:23:16","date_gmt":"2021-12-05T15:23:16","guid":{"rendered":"https:\/\/www.acgl.fr\/?page_id=1382"},"modified":"2026-04-08T19:39:44","modified_gmt":"2026-04-08T17:39:44","slug":"f-hitc","status":"publish","type":"page","link":"https:\/\/www.acgl.fr\/index.php\/f-hitc\/","title":{"rendered":"F-HITC"},"content":{"rendered":"<div class=\"vce-row-container\"><div class=\"vce-row vce-element--has-background vce-row--col-gap-20 vce-row-no-paddings vce-row-equal-height vce-row-content--top\" data-vce-full-width=\"true\" data-vce-stretch-content=\"true\" id=\"el-af472a22\" data-vce-do-apply=\"all el-af472a22\"><div class=\"vce-content-background-container\"><div class=\"vce-asset-parallax-container vce-visible-all-only\" data-vce-assets-parallax=\".vce-asset-parallax\" data-vce-assets-parallax-reverse=\"false\"><div class=\"vce-asset-parallax\" style=\"top: -30vh; bottom: -30vh; transform: translateY(-2.39037vh);\"><div class=\"vce-asset-background-simple-container vce-visible-all-only vce-asset-background-simple--style-cover vce-asset-background-simple--position-center-top\"><div class=\"vce-asset-background-simple\">\n              <div class=\"vce-asset-background-simple-item vcv-lozad\" data-background-image=\"http:\/\/dev.acgl.fr\/wp-content\/uploads\/2021\/11\/Fond-rose.jpg\"><\/div>\n              <noscript>\n                <div class=\"vce-asset-background-simple-item\" style=\"background-image: url(http:\/\/dev.acgl.fr\/wp-content\/uploads\/2021\/11\/Fond-rose.jpg)\"><\/div>\n              <\/noscript>\n            \n              <div class=\"vce-asset-background-simple-item vcv-lozad\" data-background-image=\"http:\/\/dev.acgl.fr\/wp-content\/uploads\/2021\/11\/Fond-Gap-scaled.jpg\"><\/div>\n              <noscript>\n                <div class=\"vce-asset-background-simple-item\" style=\"background-image: url(http:\/\/dev.acgl.fr\/wp-content\/uploads\/2021\/11\/Fond-Gap-scaled.jpg)\"><\/div>\n              <\/noscript>\n            <\/div><\/div><\/div><\/div><\/div><div class=\"vce-row-content\" data-vce-element-content=\"true\"><div class=\"vce-col vce-col--md-15p vce-col--xs-1 vce-col--xs-last vce-col--xs-first vce-col--sm-last vce-col--sm-first vce-col--md-first vce-col--lg-first vce-col--xl-first\" id=\"el-fb5f6f14\"><div class=\"vce-col-inner\" data-vce-do-apply=\"border margin background  el-fb5f6f14\"><div class=\"vce-col-content\" data-vce-element-content=\"true\" data-vce-do-apply=\"padding el-fb5f6f14\"><div class=\"vcv-row-control-wrapper\"><\/div><\/div><\/div><\/div><div class=\"vce-col vce-col--md-auto vce-col--xs-1 vce-col--xs-last vce-col--xs-first vce-col--sm-last vce-col--sm-first\" id=\"el-6652c513\"><div class=\"vce-col-inner\" data-vce-do-apply=\"border margin background  el-6652c513\"><div class=\"vce-content-background-container\"><\/div><div class=\"vce-col-content\" data-vce-element-content=\"true\" data-vce-do-apply=\"padding el-6652c513\"><div class=\"vce-text-block\"><div class=\"vce-text-block-wrapper vce\" id=\"el-c5b3e025\" data-vce-do-apply=\"all el-c5b3e025\"><h2>F-HITC - PA-28 Arrow III 200ch<\/h2>\n<h2><img loading=\"lazy\" decoding=\"async\" class=\"wp-image-1388 alignleft\" src=\"http:\/\/dev.acgl.fr\/wp-content\/uploads\/2021\/12\/F-HITC-01-scaled.jpg\" alt=\"\" width=\"233\" height=\"107\" srcset=\"https:\/\/www.acgl.fr\/wp-content\/uploads\/2021\/12\/F-HITC-01-scaled.jpg 2560w, https:\/\/www.acgl.fr\/wp-content\/uploads\/2021\/12\/F-HITC-01-300x138.jpg 300w, https:\/\/www.acgl.fr\/wp-content\/uploads\/2021\/12\/F-HITC-01-1024x472.jpg 1024w, https:\/\/www.acgl.fr\/wp-content\/uploads\/2021\/12\/F-HITC-01-768x354.jpg 768w, https:\/\/www.acgl.fr\/wp-content\/uploads\/2021\/12\/F-HITC-01-1536x707.jpg 1536w, https:\/\/www.acgl.fr\/wp-content\/uploads\/2021\/12\/F-HITC-01-2048x943.jpg 2048w\" sizes=\"auto, (max-width: 233px) 100vw, 233px\" \/><\/h2>\n<p class=\"p1\">Accessible aux pilotes de l\u2019ACGL dans le cadre d\u2019une convention avec son propri\u00e9taire, il permet un perfectionnement vers un pilotage plus technique. Equip\u00e9 d\u2019une h\u00e9lice \u00e0 pas variable et d\u2019un train d\u2019atterrissage rentrant, il est particuli\u00e8rement adapt\u00e9 aux voyages longue distance tout en pouvant parfaitement \u00eatre utilis\u00e9 pour des vols locaux. Avionique analogique IFR. Pilote automatique. Moteur Lycoming 200ch. 240km\/h. 5 heures d\u2019autonomie (1).<\/p>\n<p><span style=\"font-size: 8pt;\">(1) <em>Toutes les donn\u00e9es relatives \u00e0 la capacit\u00e9 d\u2019emport, \u00e0 la vitesse, \u00e0 l\u2019autonomie, \u2026 sont indicatives. Elles sont en effet largement d\u00e9pendantes de multiples facteurs tels que les conditions m\u00e9t\u00e9orologiques, les altitudes, la temp\u00e9rature, les \u00ab strat\u00e9gies \u00bb de vol, etc.<br><\/em><\/span><\/p><\/div><\/div><div class=\"vce-image-gallery vce-image-gallery--gap-10 vce-image-gallery--columns-4 vce-image-gallery--border-rounded\" data-photoswipe-gallery=\"295316eb\"><div class=\"vce-image-gallery-wrapper vce\" id=\"el-295316eb\" data-vce-do-apply=\"all el-295316eb\"><div class=\"vce-image-gallery-list\"><div class=\"vce-image-gallery-item\" data-photoswipe-item=\"photoswipe-295316eb\"><figure class=\"vce-image-gallery-item-inner-wrapper\"><a href=\"http:\/\/dev.acgl.fr\/wp-content\/uploads\/2021\/12\/F-HITC-01-scaled.jpg\" data-photoswipe-image=\"295316eb\" data-photoswipe-index=\"0\" class=\"vce-image-gallery-item-inner\" data-pswp-uid=\"1\"><img decoding=\"async\" class=\"vce-image-gallery-img\" src=\"http:\/\/dev.acgl.fr\/wp-content\/uploads\/2021\/12\/F-HITC-01-1024x472.jpg\" alt=\"\" title=\"F-HITC-01\"><\/a><\/figure><\/div><div class=\"vce-image-gallery-item\" data-photoswipe-item=\"photoswipe-295316eb\"><figure class=\"vce-image-gallery-item-inner-wrapper\"><a href=\"http:\/\/dev.acgl.fr\/wp-content\/uploads\/2021\/12\/F-HITC-02-scaled.jpg\" data-photoswipe-image=\"295316eb\" data-photoswipe-index=\"1\" class=\"vce-image-gallery-item-inner\" data-pswp-uid=\"2\"><img decoding=\"async\" class=\"vce-image-gallery-img\" src=\"http:\/\/dev.acgl.fr\/wp-content\/uploads\/2021\/12\/F-HITC-02-1024x473.jpg\" alt=\"\" title=\"F-HITC-02\"><\/a><\/figure><\/div><div class=\"vce-image-gallery-item\" data-photoswipe-item=\"photoswipe-295316eb\"><figure class=\"vce-image-gallery-item-inner-wrapper\"><a href=\"http:\/\/dev.acgl.fr\/wp-content\/uploads\/2021\/12\/F-HITC-03-scaled.jpg\" data-photoswipe-image=\"295316eb\" data-photoswipe-index=\"2\" class=\"vce-image-gallery-item-inner\" data-pswp-uid=\"3\"><img decoding=\"async\" class=\"vce-image-gallery-img\" src=\"http:\/\/dev.acgl.fr\/wp-content\/uploads\/2021\/12\/F-HITC-03-1024x472.jpg\" alt=\"\" title=\"F-HITC-03\"><\/a><\/figure><\/div><div class=\"vce-image-gallery-item\" data-photoswipe-item=\"photoswipe-295316eb\"><figure class=\"vce-image-gallery-item-inner-wrapper\"><a href=\"http:\/\/dev.acgl.fr\/wp-content\/uploads\/2021\/12\/F-HITC-04.jpg\" data-photoswipe-image=\"295316eb\" data-photoswipe-index=\"3\" class=\"vce-image-gallery-item-inner\" data-pswp-uid=\"4\"><img decoding=\"async\" class=\"vce-image-gallery-img\" src=\"http:\/\/dev.acgl.fr\/wp-content\/uploads\/2021\/12\/F-HITC-04-1024x576.jpg\" alt=\"\" title=\"F-HITC-04\"><\/a><\/figure><\/div><\/div><\/div><\/div><\/div><\/div><\/div><div class=\"vce-col vce-col--md-15p vce-col--xs-1 vce-col--xs-last vce-col--xs-first vce-col--sm-last vce-col--sm-first vce-col--md-last vce-col--lg-last vce-col--xl-last\" id=\"el-2bcb7fc0\"><div class=\"vce-col-inner\" data-vce-do-apply=\"border margin background  el-2bcb7fc0\"><div class=\"vce-col-content\" data-vce-element-content=\"true\" data-vce-do-apply=\"padding el-2bcb7fc0\"><div class=\"vcv-row-control-wrapper\"><\/div><\/div><\/div><\/div><\/div><\/div><\/div>","protected":false},"excerpt":{"rendered":"<p>F-HITC &#8211; PA-28 Arrow III 200ch Accessible aux pilotes de l\u2019ACGL dans le cadre d\u2019une convention avec son propri\u00e9taire, il permet un perfectionnement vers un pilotage plus technique. Equip\u00e9 d\u2019une h\u00e9lice \u00e0 pas variable et d\u2019un train d\u2019atterrissage rentrant, il est particuli\u00e8rement adapt\u00e9 aux voyages longue distance tout en pouvant parfaitement \u00eatre utilis\u00e9 pour des [&hellip;]<\/p>\n","protected":false},"author":1,"featured_media":0,"parent":0,"menu_order":0,"comment_status":"closed","ping_status":"closed","template":"","meta":{"qubely_global_settings":"","qubely_interactions":"","_monsterinsights_skip_tracking":false,"_monsterinsights_sitenote_active":false,"_monsterinsights_sitenote_note":"","_monsterinsights_sitenote_category":0,"footnotes":""},"class_list":["post-1382","page","type-page","status-publish","hentry"],"blocksy_meta":{"styles_descriptor":{"styles":{"desktop":"","tablet":"","mobile":""},"google_fonts":[],"version":6}},"yoast_head":"<!-- This site is optimized with the Yoast SEO plugin v27.5 - https:\/\/yoast.com\/product\/yoast-seo-wordpress\/ -->\n<title>F-HITC - A\u00e9ro-Club du Grand Lyon<\/title>\n<meta name=\"robots\" content=\"index, follow, max-snippet:-1, max-image-preview:large, max-video-preview:-1\" \/>\n<link rel=\"canonical\" href=\"https:\/\/www.acgl.fr\/index.php\/f-hitc\/\" \/>\n<meta property=\"og:locale\" content=\"fr_FR\" \/>\n<meta property=\"og:type\" content=\"article\" \/>\n<meta property=\"og:title\" content=\"F-HITC - A\u00e9ro-Club du Grand Lyon\" \/>\n<meta property=\"og:description\" content=\"F-HITC - PA-28 Arrow III 200ch Accessible aux pilotes de l\u2019ACGL dans le cadre d\u2019une convention avec son propri\u00e9taire, il permet un perfectionnement vers un pilotage plus technique. Equip\u00e9 d\u2019une h\u00e9lice \u00e0 pas variable et d\u2019un train d\u2019atterrissage rentrant, il est particuli\u00e8rement adapt\u00e9 aux voyages longue distance tout en pouvant parfaitement \u00eatre utilis\u00e9 pour des [&hellip;]\" \/>\n<meta property=\"og:url\" content=\"https:\/\/www.acgl.fr\/index.php\/f-hitc\/\" \/>\n<meta property=\"og:site_name\" content=\"A\u00e9ro-Club du Grand Lyon\" \/>\n<meta property=\"article:publisher\" content=\"https:\/\/www.facebook.com\/AeroClubduGrandLyon\/\" \/>\n<meta property=\"article:modified_time\" content=\"2026-04-08T17:39:44+00:00\" \/>\n<meta property=\"og:image\" content=\"https:\/\/www.acgl.fr\/wp-content\/uploads\/2021\/12\/F-HITC-01-scaled.jpg\" \/>\n\t<meta property=\"og:image:width\" content=\"2560\" \/>\n\t<meta property=\"og:image:height\" content=\"1179\" \/>\n\t<meta property=\"og:image:type\" content=\"image\/jpeg\" \/>\n<meta name=\"twitter:card\" content=\"summary_large_image\" \/>\n<meta name=\"twitter:label1\" content=\"Dur\u00e9e de lecture estim\u00e9e\" \/>\n\t<meta name=\"twitter:data1\" content=\"1 minute\" \/>\n<script type=\"application\/ld+json\" class=\"yoast-schema-graph\">{\"@context\":\"https:\\\/\\\/schema.org\",\"@graph\":[{\"@type\":\"WebPage\",\"@id\":\"https:\\\/\\\/www.acgl.fr\\\/index.php\\\/f-hitc\\\/\",\"url\":\"https:\\\/\\\/www.acgl.fr\\\/index.php\\\/f-hitc\\\/\",\"name\":\"F-HITC - A\u00e9ro-Club du Grand Lyon\",\"isPartOf\":{\"@id\":\"https:\\\/\\\/www.acgl.fr\\\/#website\"},\"primaryImageOfPage\":{\"@id\":\"https:\\\/\\\/www.acgl.fr\\\/index.php\\\/f-hitc\\\/#primaryimage\"},\"image\":{\"@id\":\"https:\\\/\\\/www.acgl.fr\\\/index.php\\\/f-hitc\\\/#primaryimage\"},\"thumbnailUrl\":\"http:\\\/\\\/dev.acgl.fr\\\/wp-content\\\/uploads\\\/2021\\\/12\\\/F-HITC-01-scaled.jpg\",\"datePublished\":\"2021-12-05T15:23:16+00:00\",\"dateModified\":\"2026-04-08T17:39:44+00:00\",\"breadcrumb\":{\"@id\":\"https:\\\/\\\/www.acgl.fr\\\/index.php\\\/f-hitc\\\/#breadcrumb\"},\"inLanguage\":\"fr-FR\",\"potentialAction\":[{\"@type\":\"ReadAction\",\"target\":[\"https:\\\/\\\/www.acgl.fr\\\/index.php\\\/f-hitc\\\/\"]}]},{\"@type\":\"ImageObject\",\"inLanguage\":\"fr-FR\",\"@id\":\"https:\\\/\\\/www.acgl.fr\\\/index.php\\\/f-hitc\\\/#primaryimage\",\"url\":\"http:\\\/\\\/dev.acgl.fr\\\/wp-content\\\/uploads\\\/2021\\\/12\\\/F-HITC-01-scaled.jpg\",\"contentUrl\":\"http:\\\/\\\/dev.acgl.fr\\\/wp-content\\\/uploads\\\/2021\\\/12\\\/F-HITC-01-scaled.jpg\"},{\"@type\":\"BreadcrumbList\",\"@id\":\"https:\\\/\\\/www.acgl.fr\\\/index.php\\\/f-hitc\\\/#breadcrumb\",\"itemListElement\":[{\"@type\":\"ListItem\",\"position\":1,\"name\":\"Accueil\",\"item\":\"https:\\\/\\\/www.acgl.fr\\\/\"},{\"@type\":\"ListItem\",\"position\":2,\"name\":\"F-HITC\"}]},{\"@type\":\"WebSite\",\"@id\":\"https:\\\/\\\/www.acgl.fr\\\/#website\",\"url\":\"https:\\\/\\\/www.acgl.fr\\\/\",\"name\":\"A\u00e9ro-Club du Grand Lyon\",\"description\":\"l&#039;A\u00e9roclub qui vous aide \u00e0 concr\u00e9tiser vos r\u00eaves\",\"publisher\":{\"@id\":\"https:\\\/\\\/www.acgl.fr\\\/#organization\"},\"potentialAction\":[{\"@type\":\"SearchAction\",\"target\":{\"@type\":\"EntryPoint\",\"urlTemplate\":\"https:\\\/\\\/www.acgl.fr\\\/?s={search_term_string}\"},\"query-input\":{\"@type\":\"PropertyValueSpecification\",\"valueRequired\":true,\"valueName\":\"search_term_string\"}}],\"inLanguage\":\"fr-FR\"},{\"@type\":\"Organization\",\"@id\":\"https:\\\/\\\/www.acgl.fr\\\/#organization\",\"name\":\"A\u00e9roclub du Grand Lyon\",\"url\":\"https:\\\/\\\/www.acgl.fr\\\/\",\"logo\":{\"@type\":\"ImageObject\",\"inLanguage\":\"fr-FR\",\"@id\":\"https:\\\/\\\/www.acgl.fr\\\/#\\\/schema\\\/logo\\\/image\\\/\",\"url\":\"https:\\\/\\\/www.acgl.fr\\\/wp-content\\\/uploads\\\/2021\\\/10\\\/AGCL_logo_190.png\",\"contentUrl\":\"https:\\\/\\\/www.acgl.fr\\\/wp-content\\\/uploads\\\/2021\\\/10\\\/AGCL_logo_190.png\",\"width\":190,\"height\":190,\"caption\":\"A\u00e9roclub du Grand Lyon\"},\"image\":{\"@id\":\"https:\\\/\\\/www.acgl.fr\\\/#\\\/schema\\\/logo\\\/image\\\/\"},\"sameAs\":[\"https:\\\/\\\/www.facebook.com\\\/AeroClubduGrandLyon\\\/\",\"https:\\\/\\\/www.instagram.com\\\/aeroclub_acgl\\\/\",\"https:\\\/\\\/www.youtube.com\\\/channel\\\/UCDYm_MaF1IlbRxICQXUDYmw\"]}]}<\/script>\n<!-- \/ Yoast SEO plugin. -->","yoast_head_json":{"title":"F-HITC - A\u00e9ro-Club du Grand Lyon","robots":{"index":"index","follow":"follow","max-snippet":"max-snippet:-1","max-image-preview":"max-image-preview:large","max-video-preview":"max-video-preview:-1"},"canonical":"https:\/\/www.acgl.fr\/index.php\/f-hitc\/","og_locale":"fr_FR","og_type":"article","og_title":"F-HITC - A\u00e9ro-Club du Grand Lyon","og_description":"F-HITC - PA-28 Arrow III 200ch Accessible aux pilotes de l\u2019ACGL dans le cadre d\u2019une convention avec son propri\u00e9taire, il permet un perfectionnement vers un pilotage plus technique. Equip\u00e9 d\u2019une h\u00e9lice \u00e0 pas variable et d\u2019un train d\u2019atterrissage rentrant, il est particuli\u00e8rement adapt\u00e9 aux voyages longue distance tout en pouvant parfaitement \u00eatre utilis\u00e9 pour des [&hellip;]","og_url":"https:\/\/www.acgl.fr\/index.php\/f-hitc\/","og_site_name":"A\u00e9ro-Club du Grand Lyon","article_publisher":"https:\/\/www.facebook.com\/AeroClubduGrandLyon\/","article_modified_time":"2026-04-08T17:39:44+00:00","og_image":[{"width":2560,"height":1179,"url":"https:\/\/www.acgl.fr\/wp-content\/uploads\/2021\/12\/F-HITC-01-scaled.jpg","type":"image\/jpeg"}],"twitter_card":"summary_large_image","twitter_misc":{"Dur\u00e9e de lecture estim\u00e9e":"1 minute"},"schema":{"@context":"https:\/\/schema.org","@graph":[{"@type":"WebPage","@id":"https:\/\/www.acgl.fr\/index.php\/f-hitc\/","url":"https:\/\/www.acgl.fr\/index.php\/f-hitc\/","name":"F-HITC - A\u00e9ro-Club du Grand Lyon","isPartOf":{"@id":"https:\/\/www.acgl.fr\/#website"},"primaryImageOfPage":{"@id":"https:\/\/www.acgl.fr\/index.php\/f-hitc\/#primaryimage"},"image":{"@id":"https:\/\/www.acgl.fr\/index.php\/f-hitc\/#primaryimage"},"thumbnailUrl":"http:\/\/dev.acgl.fr\/wp-content\/uploads\/2021\/12\/F-HITC-01-scaled.jpg","datePublished":"2021-12-05T15:23:16+00:00","dateModified":"2026-04-08T17:39:44+00:00","breadcrumb":{"@id":"https:\/\/www.acgl.fr\/index.php\/f-hitc\/#breadcrumb"},"inLanguage":"fr-FR","potentialAction":[{"@type":"ReadAction","target":["https:\/\/www.acgl.fr\/index.php\/f-hitc\/"]}]},{"@type":"ImageObject","inLanguage":"fr-FR","@id":"https:\/\/www.acgl.fr\/index.php\/f-hitc\/#primaryimage","url":"http:\/\/dev.acgl.fr\/wp-content\/uploads\/2021\/12\/F-HITC-01-scaled.jpg","contentUrl":"http:\/\/dev.acgl.fr\/wp-content\/uploads\/2021\/12\/F-HITC-01-scaled.jpg"},{"@type":"BreadcrumbList","@id":"https:\/\/www.acgl.fr\/index.php\/f-hitc\/#breadcrumb","itemListElement":[{"@type":"ListItem","position":1,"name":"Accueil","item":"https:\/\/www.acgl.fr\/"},{"@type":"ListItem","position":2,"name":"F-HITC"}]},{"@type":"WebSite","@id":"https:\/\/www.acgl.fr\/#website","url":"https:\/\/www.acgl.fr\/","name":"A\u00e9ro-Club du Grand Lyon","description":"l&#039;A\u00e9roclub qui vous aide \u00e0 concr\u00e9tiser vos r\u00eaves","publisher":{"@id":"https:\/\/www.acgl.fr\/#organization"},"potentialAction":[{"@type":"SearchAction","target":{"@type":"EntryPoint","urlTemplate":"https:\/\/www.acgl.fr\/?s={search_term_string}"},"query-input":{"@type":"PropertyValueSpecification","valueRequired":true,"valueName":"search_term_string"}}],"inLanguage":"fr-FR"},{"@type":"Organization","@id":"https:\/\/www.acgl.fr\/#organization","name":"A\u00e9roclub du Grand Lyon","url":"https:\/\/www.acgl.fr\/","logo":{"@type":"ImageObject","inLanguage":"fr-FR","@id":"https:\/\/www.acgl.fr\/#\/schema\/logo\/image\/","url":"https:\/\/www.acgl.fr\/wp-content\/uploads\/2021\/10\/AGCL_logo_190.png","contentUrl":"https:\/\/www.acgl.fr\/wp-content\/uploads\/2021\/10\/AGCL_logo_190.png","width":190,"height":190,"caption":"A\u00e9roclub du Grand Lyon"},"image":{"@id":"https:\/\/www.acgl.fr\/#\/schema\/logo\/image\/"},"sameAs":["https:\/\/www.facebook.com\/AeroClubduGrandLyon\/","https:\/\/www.instagram.com\/aeroclub_acgl\/","https:\/\/www.youtube.com\/channel\/UCDYm_MaF1IlbRxICQXUDYmw"]}]}},"_links":{"self":[{"href":"https:\/\/www.acgl.fr\/index.php\/wp-json\/wp\/v2\/pages\/1382","targetHints":{"allow":["GET"]}}],"collection":[{"href":"https:\/\/www.acgl.fr\/index.php\/wp-json\/wp\/v2\/pages"}],"about":[{"href":"https:\/\/www.acgl.fr\/index.php\/wp-json\/wp\/v2\/types\/page"}],"author":[{"embeddable":true,"href":"https:\/\/www.acgl.fr\/index.php\/wp-json\/wp\/v2\/users\/1"}],"replies":[{"embeddable":true,"href":"https:\/\/www.acgl.fr\/index.php\/wp-json\/wp\/v2\/comments?post=1382"}],"version-history":[{"count":12,"href":"https:\/\/www.acgl.fr\/index.php\/wp-json\/wp\/v2\/pages\/1382\/revisions"}],"predecessor-version":[{"id":2058,"href":"https:\/\/www.acgl.fr\/index.php\/wp-json\/wp\/v2\/pages\/1382\/revisions\/2058"}],"wp:attachment":[{"href":"https:\/\/www.acgl.fr\/index.php\/wp-json\/wp\/v2\/media?parent=1382"}],"curies":[{"name":"wp","href":"https:\/\/api.w.org\/{rel}","templated":true}]}}