{"id":1442,"date":"2021-12-06T22:37:06","date_gmt":"2021-12-06T21:37:06","guid":{"rendered":"https:\/\/www.acgl.fr\/?page_id=1442"},"modified":"2022-02-23T15:36:04","modified_gmt":"2022-02-23T14:36:04","slug":"leclubenvideos","status":"publish","type":"page","link":"https:\/\/www.acgl.fr\/index.php\/leclubenvideos\/","title":{"rendered":"Le club en vid\u00e9os"},"content":{"rendered":"<div class=\"vce-row-container\"><div class=\"vce-row vce-row--col-gap-30 vce-row-equal-height vce-row-content--top\" data-vce-full-width=\"true\" data-vce-stretch-content=\"true\" id=\"el-dd8aa11a\" data-vce-do-apply=\"all el-dd8aa11a\"><div class=\"vce-row-content\" data-vce-element-content=\"true\"><div class=\"vce-col vce-col--md-auto vce-col--xs-1 vce-col--xs-last vce-col--xs-first vce-col--sm-last vce-col--sm-first vce-col--md-last vce-col--lg-last vce-col--xl-last vce-col--md-first vce-col--lg-first vce-col--xl-first\" id=\"el-b65e1c0c\"><div class=\"vce-col-inner\" data-vce-do-apply=\"border margin background  el-b65e1c0c\"><div class=\"vce-col-content\" data-vce-element-content=\"true\" data-vce-do-apply=\"padding el-b65e1c0c\"><div class=\"vce-text-block\"><div class=\"vce-text-block-wrapper vce\" id=\"el-0676e483\" data-vce-do-apply=\"all el-0676e483\"><h2>Le club en vid\u00e9os<\/h2><p>L'ACGL vous propose quelques films de pr\u00e9sentation.<\/p><\/div><\/div><\/div><\/div><\/div><\/div><\/div><\/div><div class=\"vce-row-container\"><div class=\"vce-row vce-row--col-gap-30 vce-row-equal-height vce-row-content--top\" data-vce-full-width=\"true\" data-vce-stretch-content=\"true\" id=\"el-dc02bcf0\" data-vce-do-apply=\"all el-dc02bcf0\"><div class=\"vce-content-background-container\"><\/div><div class=\"vce-row-content\" data-vce-element-content=\"true\"><div class=\"vce-col vce-col--md-70p vce-col--xs-1 vce-col--xs-last vce-col--xs-first vce-col--sm-last vce-col--sm-first vce-col--md-first vce-col--lg-first vce-col--xl-first\" id=\"el-f7577ca0\"><div class=\"vce-col-inner\" data-vce-do-apply=\"border margin background  el-f7577ca0\"><div class=\"vce-col-content\" data-vce-element-content=\"true\" data-vce-do-apply=\"padding el-f7577ca0\"><div class=\"vce-text-block\"><div class=\"vce-text-block-wrapper vce\" id=\"el-9b9de3e4\" data-vce-do-apply=\"all el-9b9de3e4\"><h5>L'\u00e9cole de pilotage<\/h5><\/div><\/div><div class=\"vce-yt-video-player vce-yt-video-player--align-center vce-yt-video-player--size-1280x720\"><div class=\"vce vce-yt-video-player-wrapper\" id=\"el-a4b4aaa0\" data-vce-do-apply=\"all el-a4b4aaa0\" style=\"width: 1280px;\"><div class=\"vce-yt-video-player-inner\"><iframe loading=\"lazy\" class=\"vce-yt-video-player-iframe\" src=\"https:\/\/www.youtube.com\/embed\/ZGYAv2pzRj0?autoplay=0&amp;mute=0&amp;color=red&amp;controls=1&amp;loop=0&amp;rel=0&amp;start=0&amp;cc_load_policy=0&amp;iv_load_policy=3&amp;enablejsapi=1\" width=\"640\" height=\"390\" allowfullscreen=\"\" title=\"YouTube video\"><\/iframe><\/div><\/div><\/div><div class=\"vce-text-block\"><div class=\"vce-text-block-wrapper vce\" id=\"el-fd5ea7e5\" data-vce-do-apply=\"all el-fd5ea7e5\"><h5>Quelques photos<\/h5><\/div><\/div><div class=\"vce-simple-image-slider\" style=\"--backgroundPosition:center center; --pointerColor:#fff; --pointerColorHover:#fd9a00;\"><div class=\"vce-simple-image-slider-wrapper vce\" id=\"el-44843a05\" data-vce-do-apply=\"all el-44843a05\"><div class=\"vce-simple-image-slider-helper vce-simple-image-slider-aspect-ratio--16-9\"><div class=\"vce-simple-image-slider-list\" data-slick-autoplay=\"on\" data-slick-autoplay-delay=\"3000\" data-slick-effect=\"slideIn\" data-slick-dots=\"off\" data-slick-arrows=\"off\"><div class=\"slick-list\"><div class=\"slick-track\"><div class=\"vce-simple-image-slider-item vc-slick-item\"><div style=\"background-image:url(http:\/\/dev.acgl.fr\/wp-content\/uploads\/2021\/12\/Flotte-scaled.jpg)\" class=\"vce-simple-image-slider-img vce-simple-image-slider-img--scale\"><img decoding=\"async\" class=\"\" src=\"http:\/\/dev.acgl.fr\/wp-content\/uploads\/2021\/12\/Flotte-scaled.jpg\" style=\"opacity:0\" alt=\"\"><\/div><\/div><div class=\"vce-simple-image-slider-item vc-slick-item\"><div style=\"background-image:url(http:\/\/dev.acgl.fr\/wp-content\/uploads\/2021\/12\/En-Image-4.jpg)\" class=\"vce-simple-image-slider-img vce-simple-image-slider-img--scale\"><img decoding=\"async\" class=\"\" src=\"http:\/\/dev.acgl.fr\/wp-content\/uploads\/2021\/12\/En-Image-4.jpg\" style=\"opacity:0\" alt=\"\"><\/div><\/div><div class=\"vce-simple-image-slider-item vc-slick-item\"><div style=\"background-image:url(http:\/\/dev.acgl.fr\/wp-content\/uploads\/2021\/11\/Fond-Gap-scaled.jpg)\" class=\"vce-simple-image-slider-img vce-simple-image-slider-img--scale\"><img decoding=\"async\" class=\"\" src=\"http:\/\/dev.acgl.fr\/wp-content\/uploads\/2021\/11\/Fond-Gap-scaled.jpg\" style=\"opacity:0\" alt=\"\"><\/div><\/div><div class=\"vce-simple-image-slider-item vc-slick-item\"><div style=\"background-image:url(http:\/\/dev.acgl.fr\/wp-content\/uploads\/2021\/12\/En-Image-1-scaled.jpg)\" class=\"vce-simple-image-slider-img vce-simple-image-slider-img--scale\"><img decoding=\"async\" class=\"\" src=\"http:\/\/dev.acgl.fr\/wp-content\/uploads\/2021\/12\/En-Image-1-scaled.jpg\" style=\"opacity:0\" alt=\"\"><\/div><\/div><div class=\"vce-simple-image-slider-item vc-slick-item\"><div style=\"background-image:url(http:\/\/dev.acgl.fr\/wp-content\/uploads\/2021\/12\/En-Image-2-scaled.jpg)\" class=\"vce-simple-image-slider-img vce-simple-image-slider-img--scale\"><img decoding=\"async\" class=\"\" src=\"http:\/\/dev.acgl.fr\/wp-content\/uploads\/2021\/12\/En-Image-2-scaled.jpg\" style=\"opacity:0\" alt=\"\"><\/div><\/div><div class=\"vce-simple-image-slider-item vc-slick-item\"><div style=\"background-image:url(http:\/\/dev.acgl.fr\/wp-content\/uploads\/2021\/12\/En-Image-3-scaled.jpg)\" class=\"vce-simple-image-slider-img vce-simple-image-slider-img--scale\"><img decoding=\"async\" class=\"\" src=\"http:\/\/dev.acgl.fr\/wp-content\/uploads\/2021\/12\/En-Image-3-scaled.jpg\" style=\"opacity:0\" alt=\"\"><\/div><\/div><div class=\"vce-simple-image-slider-item vc-slick-item\"><div style=\"background-image:url(http:\/\/dev.acgl.fr\/wp-content\/uploads\/2021\/12\/Voyage04-scaled.jpg)\" class=\"vce-simple-image-slider-img vce-simple-image-slider-img--scale\"><img decoding=\"async\" class=\"\" src=\"http:\/\/dev.acgl.fr\/wp-content\/uploads\/2021\/12\/Voyage04-scaled.jpg\" style=\"opacity:0\" alt=\"\"><\/div><\/div><div class=\"vce-simple-image-slider-item vc-slick-item\"><div style=\"background-image:url(http:\/\/dev.acgl.fr\/wp-content\/uploads\/2021\/12\/En-Image-5-scaled.jpg)\" class=\"vce-simple-image-slider-img vce-simple-image-slider-img--scale\"><img decoding=\"async\" class=\"\" src=\"http:\/\/dev.acgl.fr\/wp-content\/uploads\/2021\/12\/En-Image-5-scaled.jpg\" style=\"opacity:0\" alt=\"\"><\/div><\/div><div class=\"vce-simple-image-slider-item vc-slick-item\"><div style=\"background-image:url(http:\/\/dev.acgl.fr\/wp-content\/uploads\/2021\/12\/En-Image-6-scaled.jpg)\" class=\"vce-simple-image-slider-img vce-simple-image-slider-img--scale\"><img decoding=\"async\" class=\"\" src=\"http:\/\/dev.acgl.fr\/wp-content\/uploads\/2021\/12\/En-Image-6-scaled.jpg\" style=\"opacity:0\" alt=\"\"><\/div><\/div><div class=\"vce-simple-image-slider-item vc-slick-item\"><div style=\"background-image:url(http:\/\/dev.acgl.fr\/wp-content\/uploads\/2021\/12\/En-Image-7-scaled.jpg)\" class=\"vce-simple-image-slider-img vce-simple-image-slider-img--scale\"><img decoding=\"async\" class=\"\" src=\"http:\/\/dev.acgl.fr\/wp-content\/uploads\/2021\/12\/En-Image-7-scaled.jpg\" style=\"opacity:0\" alt=\"\"><\/div><\/div><\/div><\/div><\/div><div class=\"vce-simple-image-slider-dots\"><\/div><\/div><\/div><\/div><\/div><\/div><\/div><div class=\"vce-col vce-col--md-30p vce-col--xs-1 vce-col--xs-last vce-col--xs-first vce-col--sm-last vce-col--sm-first vce-col--md-last vce-col--lg-last vce-col--xl-last\" id=\"el-4c1e2949\"><div class=\"vce-col-inner\" data-vce-do-apply=\"border margin background  el-4c1e2949\"><div class=\"vce-col-content\" data-vce-element-content=\"true\" data-vce-do-apply=\"padding el-4c1e2949\"><div class=\"vce-text-block\"><div class=\"vce-text-block-wrapper vce\" id=\"el-9920a1fd\" data-vce-do-apply=\"all el-9920a1fd\"><h5>Tour du massif des Aravis<\/h5><\/div><\/div><div class=\"vce-yt-video-player vce-yt-video-player--align-center vce-yt-video-player--size-853x480\"><div class=\"vce vce-yt-video-player-wrapper\" id=\"el-edd14112\" data-vce-do-apply=\"all el-edd14112\" style=\"width: 853px;\"><div class=\"vce-yt-video-player-inner\"><iframe loading=\"lazy\" class=\"vce-yt-video-player-iframe\" src=\"https:\/\/www.youtube.com\/embed\/2azfPKWBiR0?autoplay=0&amp;mute=0&amp;color=red&amp;controls=1&amp;loop=0&amp;rel=0&amp;start=0&amp;cc_load_policy=0&amp;iv_load_policy=3&amp;enablejsapi=1\" width=\"640\" height=\"390\" allowfullscreen=\"\" title=\"YouTube video\"><\/iframe><\/div><\/div><\/div><div class=\"vce-text-block\"><div class=\"vce-text-block-wrapper vce\" id=\"el-c852ce6a\" data-vce-do-apply=\"all el-c852ce6a\"><h5>D\u00e9couverte IFR<\/h5><\/div><\/div><div class=\"vce-yt-video-player vce-yt-video-player--align-center vce-yt-video-player--size-853x480\"><div class=\"vce vce-yt-video-player-wrapper\" id=\"el-b17ef965\" data-vce-do-apply=\"all el-b17ef965\" style=\"width: 853px;\"><div class=\"vce-yt-video-player-inner\"><iframe loading=\"lazy\" class=\"vce-yt-video-player-iframe\" src=\"https:\/\/www.youtube.com\/embed\/mgjd9MB_cqM?autoplay=0&amp;mute=0&amp;color=red&amp;controls=1&amp;loop=0&amp;rel=0&amp;start=0&amp;cc_load_policy=0&amp;iv_load_policy=3&amp;enablejsapi=1\" width=\"640\" height=\"390\" allowfullscreen=\"\" title=\"YouTube video\"><\/iframe><\/div><\/div><\/div><div class=\"vce-text-block\"><div class=\"vce-text-block-wrapper vce\" id=\"el-f16216fe\" data-vce-do-apply=\"all el-f16216fe\"><h5>Cap sur les Alpes<\/h5><\/div><\/div><div class=\"vce-yt-video-player vce-yt-video-player--align-left vce-yt-video-player--size-853x480\"><div class=\"vce vce-yt-video-player-wrapper\" id=\"el-ed5b0e98\" data-vce-do-apply=\"all el-ed5b0e98\" style=\"width: 853px;\"><div class=\"vce-yt-video-player-inner\"><iframe loading=\"lazy\" class=\"vce-yt-video-player-iframe\" src=\"https:\/\/www.youtube.com\/embed\/8nTVPekRpCQ?autoplay=0&amp;mute=0&amp;color=red&amp;controls=1&amp;loop=0&amp;rel=0&amp;start=0&amp;cc_load_policy=0&amp;iv_load_policy=3&amp;enablejsapi=1\" width=\"640\" height=\"390\" allowfullscreen=\"\" title=\"YouTube video\"><\/iframe><\/div><\/div><\/div><div class=\"vce-text-block\"><div class=\"vce-text-block-wrapper vce\" id=\"el-fd703361\" data-vce-do-apply=\"all el-fd703361\"><h5>Sortie Mont Blanc<\/h5><\/div><\/div><div class=\"vce-yt-video-player vce-yt-video-player--align-left vce-yt-video-player--size-853x480\"><div class=\"vce vce-yt-video-player-wrapper\" id=\"el-28632d42\" data-vce-do-apply=\"all el-28632d42\" style=\"width: 853px;\"><div class=\"vce-yt-video-player-inner\"><iframe loading=\"lazy\" class=\"vce-yt-video-player-iframe\" src=\"https:\/\/www.youtube.com\/embed\/sIDWR2FhuRY?autoplay=0&amp;mute=0&amp;color=red&amp;controls=1&amp;loop=0&amp;rel=0&amp;start=0&amp;cc_load_policy=0&amp;iv_load_policy=3&amp;enablejsapi=1\" width=\"640\" height=\"390\" allowfullscreen=\"\" title=\"YouTube video\"><\/iframe><\/div><\/div><\/div><\/div><\/div><\/div><\/div><\/div><\/div>\n","protected":false},"excerpt":{"rendered":"<p>Le club en vid\u00e9osL&rsquo;ACGL vous propose quelques films de pr\u00e9sentation.L&rsquo;\u00e9cole de pilotageQuelques photosTour du massif des AravisD\u00e9couverte IFRCap sur les AlpesSortie Mont Blanc<\/p>\n","protected":false},"author":1,"featured_media":0,"parent":0,"menu_order":0,"comment_status":"closed","ping_status":"closed","template":"","meta":{"qubely_global_settings":"","qubely_interactions":"","_monsterinsights_skip_tracking":false,"_monsterinsights_sitenote_active":false,"_monsterinsights_sitenote_note":"","_monsterinsights_sitenote_category":0,"footnotes":""},"class_list":["post-1442","page","type-page","status-publish","hentry"],"blocksy_meta":{"styles_descriptor":{"styles":{"desktop":"","tablet":"","mobile":""},"google_fonts":[],"version":6}},"yoast_head":"<!-- This site is optimized with the Yoast SEO plugin v27.5 - https:\/\/yoast.com\/product\/yoast-seo-wordpress\/ -->\n<title>Le club en vid\u00e9os - A\u00e9ro-Club du Grand Lyon<\/title>\n<meta name=\"robots\" content=\"index, follow, max-snippet:-1, max-image-preview:large, max-video-preview:-1\" \/>\n<link rel=\"canonical\" href=\"https:\/\/www.acgl.fr\/index.php\/leclubenvideos\/\" \/>\n<meta property=\"og:locale\" content=\"fr_FR\" \/>\n<meta property=\"og:type\" content=\"article\" \/>\n<meta property=\"og:title\" content=\"Le club en vid\u00e9os - A\u00e9ro-Club du Grand Lyon\" \/>\n<meta property=\"og:description\" content=\"Le club en vid\u00e9osL&#039;ACGL vous propose quelques films de pr\u00e9sentation.L&#039;\u00e9cole de pilotageQuelques photosTour du massif des AravisD\u00e9couverte IFRCap sur les AlpesSortie Mont Blanc\" \/>\n<meta property=\"og:url\" content=\"https:\/\/www.acgl.fr\/index.php\/leclubenvideos\/\" \/>\n<meta property=\"og:site_name\" content=\"A\u00e9ro-Club du Grand Lyon\" \/>\n<meta property=\"article:publisher\" content=\"https:\/\/www.facebook.com\/AeroClubduGrandLyon\/\" \/>\n<meta property=\"article:modified_time\" content=\"2022-02-23T14:36:04+00:00\" \/>\n<meta property=\"og:image\" content=\"http:\/\/dev.acgl.fr\/wp-content\/uploads\/2021\/12\/Flotte-scaled.jpg\" \/>\n<meta name=\"twitter:card\" content=\"summary_large_image\" \/>\n<script type=\"application\/ld+json\" class=\"yoast-schema-graph\">{\"@context\":\"https:\\\/\\\/schema.org\",\"@graph\":[{\"@type\":\"WebPage\",\"@id\":\"https:\\\/\\\/www.acgl.fr\\\/index.php\\\/leclubenvideos\\\/\",\"url\":\"https:\\\/\\\/www.acgl.fr\\\/index.php\\\/leclubenvideos\\\/\",\"name\":\"Le club en vid\u00e9os - A\u00e9ro-Club du Grand Lyon\",\"isPartOf\":{\"@id\":\"https:\\\/\\\/www.acgl.fr\\\/#website\"},\"primaryImageOfPage\":{\"@id\":\"https:\\\/\\\/www.acgl.fr\\\/index.php\\\/leclubenvideos\\\/#primaryimage\"},\"image\":{\"@id\":\"https:\\\/\\\/www.acgl.fr\\\/index.php\\\/leclubenvideos\\\/#primaryimage\"},\"thumbnailUrl\":\"http:\\\/\\\/dev.acgl.fr\\\/wp-content\\\/uploads\\\/2021\\\/12\\\/Flotte-scaled.jpg\",\"datePublished\":\"2021-12-06T21:37:06+00:00\",\"dateModified\":\"2022-02-23T14:36:04+00:00\",\"breadcrumb\":{\"@id\":\"https:\\\/\\\/www.acgl.fr\\\/index.php\\\/leclubenvideos\\\/#breadcrumb\"},\"inLanguage\":\"fr-FR\",\"potentialAction\":[{\"@type\":\"ReadAction\",\"target\":[\"https:\\\/\\\/www.acgl.fr\\\/index.php\\\/leclubenvideos\\\/\"]}]},{\"@type\":\"ImageObject\",\"inLanguage\":\"fr-FR\",\"@id\":\"https:\\\/\\\/www.acgl.fr\\\/index.php\\\/leclubenvideos\\\/#primaryimage\",\"url\":\"http:\\\/\\\/dev.acgl.fr\\\/wp-content\\\/uploads\\\/2021\\\/12\\\/Flotte-scaled.jpg\",\"contentUrl\":\"http:\\\/\\\/dev.acgl.fr\\\/wp-content\\\/uploads\\\/2021\\\/12\\\/Flotte-scaled.jpg\"},{\"@type\":\"BreadcrumbList\",\"@id\":\"https:\\\/\\\/www.acgl.fr\\\/index.php\\\/leclubenvideos\\\/#breadcrumb\",\"itemListElement\":[{\"@type\":\"ListItem\",\"position\":1,\"name\":\"Accueil\",\"item\":\"https:\\\/\\\/www.acgl.fr\\\/\"},{\"@type\":\"ListItem\",\"position\":2,\"name\":\"Le club en vid\u00e9os\"}]},{\"@type\":\"WebSite\",\"@id\":\"https:\\\/\\\/www.acgl.fr\\\/#website\",\"url\":\"https:\\\/\\\/www.acgl.fr\\\/\",\"name\":\"A\u00e9ro-Club du Grand Lyon\",\"description\":\"l&#039;A\u00e9roclub qui vous aide \u00e0 concr\u00e9tiser vos r\u00eaves\",\"publisher\":{\"@id\":\"https:\\\/\\\/www.acgl.fr\\\/#organization\"},\"potentialAction\":[{\"@type\":\"SearchAction\",\"target\":{\"@type\":\"EntryPoint\",\"urlTemplate\":\"https:\\\/\\\/www.acgl.fr\\\/?s={search_term_string}\"},\"query-input\":{\"@type\":\"PropertyValueSpecification\",\"valueRequired\":true,\"valueName\":\"search_term_string\"}}],\"inLanguage\":\"fr-FR\"},{\"@type\":\"Organization\",\"@id\":\"https:\\\/\\\/www.acgl.fr\\\/#organization\",\"name\":\"A\u00e9roclub du Grand Lyon\",\"url\":\"https:\\\/\\\/www.acgl.fr\\\/\",\"logo\":{\"@type\":\"ImageObject\",\"inLanguage\":\"fr-FR\",\"@id\":\"https:\\\/\\\/www.acgl.fr\\\/#\\\/schema\\\/logo\\\/image\\\/\",\"url\":\"https:\\\/\\\/www.acgl.fr\\\/wp-content\\\/uploads\\\/2021\\\/10\\\/AGCL_logo_190.png\",\"contentUrl\":\"https:\\\/\\\/www.acgl.fr\\\/wp-content\\\/uploads\\\/2021\\\/10\\\/AGCL_logo_190.png\",\"width\":190,\"height\":190,\"caption\":\"A\u00e9roclub du Grand Lyon\"},\"image\":{\"@id\":\"https:\\\/\\\/www.acgl.fr\\\/#\\\/schema\\\/logo\\\/image\\\/\"},\"sameAs\":[\"https:\\\/\\\/www.facebook.com\\\/AeroClubduGrandLyon\\\/\",\"https:\\\/\\\/www.instagram.com\\\/aeroclub_acgl\\\/\",\"https:\\\/\\\/www.youtube.com\\\/channel\\\/UCDYm_MaF1IlbRxICQXUDYmw\"]}]}<\/script>\n<!-- \/ Yoast SEO plugin. -->","yoast_head_json":{"title":"Le club en vid\u00e9os - A\u00e9ro-Club du Grand Lyon","robots":{"index":"index","follow":"follow","max-snippet":"max-snippet:-1","max-image-preview":"max-image-preview:large","max-video-preview":"max-video-preview:-1"},"canonical":"https:\/\/www.acgl.fr\/index.php\/leclubenvideos\/","og_locale":"fr_FR","og_type":"article","og_title":"Le club en vid\u00e9os - A\u00e9ro-Club du Grand Lyon","og_description":"Le club en vid\u00e9osL'ACGL vous propose quelques films de pr\u00e9sentation.L'\u00e9cole de pilotageQuelques photosTour du massif des AravisD\u00e9couverte IFRCap sur les AlpesSortie Mont Blanc","og_url":"https:\/\/www.acgl.fr\/index.php\/leclubenvideos\/","og_site_name":"A\u00e9ro-Club du Grand Lyon","article_publisher":"https:\/\/www.facebook.com\/AeroClubduGrandLyon\/","article_modified_time":"2022-02-23T14:36:04+00:00","og_image":[{"url":"http:\/\/dev.acgl.fr\/wp-content\/uploads\/2021\/12\/Flotte-scaled.jpg","type":"","width":"","height":""}],"twitter_card":"summary_large_image","schema":{"@context":"https:\/\/schema.org","@graph":[{"@type":"WebPage","@id":"https:\/\/www.acgl.fr\/index.php\/leclubenvideos\/","url":"https:\/\/www.acgl.fr\/index.php\/leclubenvideos\/","name":"Le club en vid\u00e9os - A\u00e9ro-Club du Grand Lyon","isPartOf":{"@id":"https:\/\/www.acgl.fr\/#website"},"primaryImageOfPage":{"@id":"https:\/\/www.acgl.fr\/index.php\/leclubenvideos\/#primaryimage"},"image":{"@id":"https:\/\/www.acgl.fr\/index.php\/leclubenvideos\/#primaryimage"},"thumbnailUrl":"http:\/\/dev.acgl.fr\/wp-content\/uploads\/2021\/12\/Flotte-scaled.jpg","datePublished":"2021-12-06T21:37:06+00:00","dateModified":"2022-02-23T14:36:04+00:00","breadcrumb":{"@id":"https:\/\/www.acgl.fr\/index.php\/leclubenvideos\/#breadcrumb"},"inLanguage":"fr-FR","potentialAction":[{"@type":"ReadAction","target":["https:\/\/www.acgl.fr\/index.php\/leclubenvideos\/"]}]},{"@type":"ImageObject","inLanguage":"fr-FR","@id":"https:\/\/www.acgl.fr\/index.php\/leclubenvideos\/#primaryimage","url":"http:\/\/dev.acgl.fr\/wp-content\/uploads\/2021\/12\/Flotte-scaled.jpg","contentUrl":"http:\/\/dev.acgl.fr\/wp-content\/uploads\/2021\/12\/Flotte-scaled.jpg"},{"@type":"BreadcrumbList","@id":"https:\/\/www.acgl.fr\/index.php\/leclubenvideos\/#breadcrumb","itemListElement":[{"@type":"ListItem","position":1,"name":"Accueil","item":"https:\/\/www.acgl.fr\/"},{"@type":"ListItem","position":2,"name":"Le club en vid\u00e9os"}]},{"@type":"WebSite","@id":"https:\/\/www.acgl.fr\/#website","url":"https:\/\/www.acgl.fr\/","name":"A\u00e9ro-Club du Grand Lyon","description":"l&#039;A\u00e9roclub qui vous aide \u00e0 concr\u00e9tiser vos r\u00eaves","publisher":{"@id":"https:\/\/www.acgl.fr\/#organization"},"potentialAction":[{"@type":"SearchAction","target":{"@type":"EntryPoint","urlTemplate":"https:\/\/www.acgl.fr\/?s={search_term_string}"},"query-input":{"@type":"PropertyValueSpecification","valueRequired":true,"valueName":"search_term_string"}}],"inLanguage":"fr-FR"},{"@type":"Organization","@id":"https:\/\/www.acgl.fr\/#organization","name":"A\u00e9roclub du Grand Lyon","url":"https:\/\/www.acgl.fr\/","logo":{"@type":"ImageObject","inLanguage":"fr-FR","@id":"https:\/\/www.acgl.fr\/#\/schema\/logo\/image\/","url":"https:\/\/www.acgl.fr\/wp-content\/uploads\/2021\/10\/AGCL_logo_190.png","contentUrl":"https:\/\/www.acgl.fr\/wp-content\/uploads\/2021\/10\/AGCL_logo_190.png","width":190,"height":190,"caption":"A\u00e9roclub du Grand Lyon"},"image":{"@id":"https:\/\/www.acgl.fr\/#\/schema\/logo\/image\/"},"sameAs":["https:\/\/www.facebook.com\/AeroClubduGrandLyon\/","https:\/\/www.instagram.com\/aeroclub_acgl\/","https:\/\/www.youtube.com\/channel\/UCDYm_MaF1IlbRxICQXUDYmw"]}]}},"_links":{"self":[{"href":"https:\/\/www.acgl.fr\/index.php\/wp-json\/wp\/v2\/pages\/1442","targetHints":{"allow":["GET"]}}],"collection":[{"href":"https:\/\/www.acgl.fr\/index.php\/wp-json\/wp\/v2\/pages"}],"about":[{"href":"https:\/\/www.acgl.fr\/index.php\/wp-json\/wp\/v2\/types\/page"}],"author":[{"embeddable":true,"href":"https:\/\/www.acgl.fr\/index.php\/wp-json\/wp\/v2\/users\/1"}],"replies":[{"embeddable":true,"href":"https:\/\/www.acgl.fr\/index.php\/wp-json\/wp\/v2\/comments?post=1442"}],"version-history":[{"count":40,"href":"https:\/\/www.acgl.fr\/index.php\/wp-json\/wp\/v2\/pages\/1442\/revisions"}],"predecessor-version":[{"id":1879,"href":"https:\/\/www.acgl.fr\/index.php\/wp-json\/wp\/v2\/pages\/1442\/revisions\/1879"}],"wp:attachment":[{"href":"https:\/\/www.acgl.fr\/index.php\/wp-json\/wp\/v2\/media?parent=1442"}],"curies":[{"name":"wp","href":"https:\/\/api.w.org\/{rel}","templated":true}]}}