{"id":1665,"date":"2021-12-09T16:18:33","date_gmt":"2021-12-09T15:18:33","guid":{"rendered":"https:\/\/www.acgl.fr\/?page_id=1665"},"modified":"2023-06-30T09:03:58","modified_gmt":"2023-06-30T07:03:58","slug":"mentions","status":"publish","type":"page","link":"https:\/\/www.acgl.fr\/index.php\/mentions\/","title":{"rendered":"Mentions l\u00e9gales"},"content":{"rendered":"<div class=\"vce-row-container\" data-vce-boxed-width=\"true\"><div class=\"vce-row vce-row--col-gap-30 vce-row-equal-height vce-row-content--top\" id=\"el-d9f3d714\" data-vce-do-apply=\"all el-d9f3d714\"><div class=\"vce-row-content\" data-vce-element-content=\"true\"><div class=\"vce-col vce-col--md-auto vce-col--xs-1 vce-col--xs-last vce-col--xs-first vce-col--sm-last vce-col--sm-first vce-col--md-last vce-col--lg-last vce-col--xl-last vce-col--md-first vce-col--lg-first vce-col--xl-first\" id=\"el-b927e079\"><div class=\"vce-col-inner\" data-vce-do-apply=\"border margin background  el-b927e079\"><div class=\"vce-col-content\" data-vce-element-content=\"true\" data-vce-do-apply=\"padding el-b927e079\"><div class=\"vce-text-block\"><div class=\"vce-text-block-wrapper vce\" id=\"el-6c782767\" data-vce-do-apply=\"all el-6c782767\"><h2>Mentions l\u00e9gales<\/h2>\n<p>En vertu de la loi du 6 janvier 1978, modifi\u00e9e le 7 ao\u00fbt 2004, et de l\u2019article 6 de la loi n\u00b0 2004-575 du 21 juin 2004 pour la confiance dans l\u2019\u00e9conomie num\u00e9rique, il est pr\u00e9cis\u00e9 aux utilisateurs du site http:\/\/www.acgl.fr l\u2019identit\u00e9 des diff\u00e9rents intervenants dans le cadre de sa r\u00e9alisation et de son suivi :<\/p>\n<p><strong>Propri\u00e9taire<\/strong> : A\u00e9roclub du Grand Lyon (Association loi 1901)<\/p>\n<p><strong>Adresse<\/strong>: A\u00e9roport de Lyon Bron, avenue Louis Mouillard 69500 Bron. 04 72 37 51 32<\/p>\n<p><strong>Cr\u00e9dit photos et vid\u00e9os<\/strong>: Les photos et vid\u00e9os utilis\u00e9es sur le site Internet sont fournies par l\u2019A\u00e9roclub du Grand Lyon.<\/p>\n<p><strong>Directeur de la publication<\/strong> : Jean LOAEC (Pr\u00e9sident)<\/p>\n<p><strong>Webmaster<\/strong> : webmaster@acgl.fr<\/p>\n<p><strong>H\u00e9bergeur<\/strong> : OVH SAS, 2 rue Kellermann \u2013 59100 Roubaix<\/p>\n<p>Le site \u00ab http:\/\/www.acgl.fr \u00bb est un site d\u2019information soumis aux lois fran\u00e7aises en vigueur et aux pr\u00e9sentes conditions d\u2019utilisation.<\/p>\n<p>Ce site s\u2019adresse aux internautes adh\u00e9rents ou non-adh\u00e9rents de l\u2019association \u00ab A\u00e9roclub du Grand Lyon \u00bb.<\/p>\n<p>Les internautes acceptent les conditions d\u2019utilisation \u00e9nonc\u00e9es ci-apr\u00e8s.<\/p>\n<h3>LIMITATIONS CONTRACTUELLES SUR LES DONN\u00c9ES<\/h3>\n<h4>INFORMATIONS MISES \u00c0 DISPOSITION :<\/h4>\n<p>Le contenu mis \u00e0 disposition sur le site est divulgu\u00e9 \u00e0 titre informatif et peut \u00eatre susceptible d\u2019\u00eatre modifi\u00e9 sans pr\u00e9avis. L\u2019A\u00e9roclub du Grand Lyon ne peut \u00eatre tenu responsable en cas de mauvaise utilisation du site ou en cas d\u2019indisponibilit\u00e9 temporaire (cas de force majeure, p\u00e9riode de maintenance ou incident technique).<\/p>\n<p>Une interruption pour raison de maintenance technique peut \u00eatre toutefois d\u00e9cid\u00e9e par l\u2019A\u00e9roclub du Grand Lyon, qui s\u2019efforcera alors de communiquer pr\u00e9alablement aux utilisateurs la p\u00e9riode et la dur\u00e9e de l\u2019intervention.<\/p>\n<h4>TRAITEMENT DES DONN\u00c9ES \/ RGPD&nbsp;:<\/h4>\n<p>La consultation du site internet ne donne lieu \u00e0 aucun traitement de donn\u00e9es par le club lui m\u00eame. Seul Google Analytics analyse la navigation des internautes et ne conserve les donn\u00e9es recueillies que 38 mois selon la politique de conservation des donn\u00e9es \u00e9tablie avec Google.<\/p>\n<p>La demande d\u2019information de l\u2019internaute au travers des divers formulaires de contact ne fait l\u2019objet d\u2019aucun traitement de donn\u00e9es hors du cadre strictement n\u00e9cessaire \u00e0 la fourniture de la r\u00e9ponse qui doit \u00eatre apport\u00e9e au demandeur. Les informations fournies par l\u2019internaute sont d\u00e9truites apr\u00e8s avoir r\u00e9pondu \u00e0 sa demande en ligne.<\/p>\n<p>Nous utilisons OVH qui rend conforme \u00e0 la RGPD ses services, et seuls ses serveurs collectent au sein des journaux serveurs des informations pour le maintien en fonction du site ; leur rendu est anonymis\u00e9 mais collecte votre adresse de protocole internet (ip).<\/p>\n<p>Toutes les donn\u00e9es personnelles collect\u00e9es sont d\u00e9truites avant fin de la p\u00e9riode de r\u00e9tention autoris\u00e9e par le RGPD.<\/p>\n<h4>DROITS DE PROPRI\u00c9T\u00c9 INTELLECTUELLE :<\/h4>\n<p>Le site de l\u2019A\u00e9roclub du Grand Lyon doit \u00eatre consid\u00e9r\u00e9 comme un tout indissociable. L\u2019ensemble du site de l\u2019A\u00e9roclub du Grand Lyon rel\u00e8ve de la l\u00e9gislation sur le droit d\u2019auteur et la propri\u00e9t\u00e9 intellectuelle (loi n\u00b078-87 du 6 janvier 1978, la loi n\u00b02004-801 du 6 ao\u00fbt 2004, l\u2019article L. 226-13 du Code p\u00e9nal et la Directive Europ\u00e9enne du 24 octobre 1995). Par cons\u00e9quent, toute reproduction totale ou partielle de ce site est interdite.<\/p>\n<p>Le non-respect de ces stipulations constitue une contrefa\u00e7on susceptible d\u2019engager la responsabilit\u00e9 civile et\/ou p\u00e9nale du contrevenant.<\/p>\n<h4>LIMITATION DE RESPONSABILIT\u00c9 :<\/h4>\n<p>Alors que nous avons effectu\u00e9 toutes les d\u00e9marches pour nous assurer de la fiabilit\u00e9 des informations contenues sur ce site internet, l\u2019association A\u00e9roclub du Grand Lyon ne peut encourir aucune responsabilit\u00e9 du fait d\u2019erreurs, d\u2019omissions, ou pour les r\u00e9sultats qui pourraient \u00eatre obtenus par l\u2019usage de ces informations.<\/p><\/div><\/div><\/div><\/div><\/div><\/div><\/div><\/div>\n","protected":false},"excerpt":{"rendered":"<p>Mentions l\u00e9gales En vertu de la loi du 6 janvier 1978, modifi\u00e9e le 7 ao\u00fbt 2004, et de l\u2019article 6 de la loi n\u00b0 2004-575 du 21 juin 2004 pour la confiance dans l\u2019\u00e9conomie num\u00e9rique, il est pr\u00e9cis\u00e9 aux utilisateurs du site http:\/\/www.acgl.fr l\u2019identit\u00e9 des diff\u00e9rents intervenants dans le cadre de sa r\u00e9alisation et de [&hellip;]<\/p>\n","protected":false},"author":1,"featured_media":0,"parent":0,"menu_order":0,"comment_status":"closed","ping_status":"closed","template":"","meta":{"qubely_global_settings":"","qubely_interactions":"","_monsterinsights_skip_tracking":false,"_monsterinsights_sitenote_active":false,"_monsterinsights_sitenote_note":"","_monsterinsights_sitenote_category":0,"footnotes":""},"class_list":["post-1665","page","type-page","status-publish","hentry"],"blocksy_meta":{"styles_descriptor":{"styles":{"desktop":"","tablet":"","mobile":""},"google_fonts":[],"version":6}},"yoast_head":"<!-- This site is optimized with the Yoast SEO plugin v27.5 - https:\/\/yoast.com\/product\/yoast-seo-wordpress\/ -->\n<title>Mentions l\u00e9gales - A\u00e9ro-Club du Grand Lyon<\/title>\n<meta name=\"robots\" content=\"index, follow, max-snippet:-1, max-image-preview:large, max-video-preview:-1\" \/>\n<link rel=\"canonical\" href=\"https:\/\/www.acgl.fr\/index.php\/mentions\/\" \/>\n<meta property=\"og:locale\" content=\"fr_FR\" \/>\n<meta property=\"og:type\" content=\"article\" \/>\n<meta property=\"og:title\" content=\"Mentions l\u00e9gales - A\u00e9ro-Club du Grand Lyon\" \/>\n<meta property=\"og:description\" content=\"Mentions l\u00e9gales En vertu de la loi du 6 janvier 1978, modifi\u00e9e le 7 ao\u00fbt 2004, et de l\u2019article 6 de la loi n\u00b0 2004-575 du 21 juin 2004 pour la confiance dans l\u2019\u00e9conomie num\u00e9rique, il est pr\u00e9cis\u00e9 aux utilisateurs du site http:\/\/www.acgl.fr l\u2019identit\u00e9 des diff\u00e9rents intervenants dans le cadre de sa r\u00e9alisation et de [&hellip;]\" \/>\n<meta property=\"og:url\" content=\"https:\/\/www.acgl.fr\/index.php\/mentions\/\" \/>\n<meta property=\"og:site_name\" content=\"A\u00e9ro-Club du Grand Lyon\" \/>\n<meta property=\"article:publisher\" content=\"https:\/\/www.facebook.com\/AeroClubduGrandLyon\/\" \/>\n<meta property=\"article:modified_time\" content=\"2023-06-30T07:03:58+00:00\" \/>\n<meta name=\"twitter:card\" content=\"summary_large_image\" \/>\n<meta name=\"twitter:label1\" content=\"Dur\u00e9e de lecture estim\u00e9e\" \/>\n\t<meta name=\"twitter:data1\" content=\"3 minutes\" \/>\n<script type=\"application\/ld+json\" class=\"yoast-schema-graph\">{\"@context\":\"https:\\\/\\\/schema.org\",\"@graph\":[{\"@type\":\"WebPage\",\"@id\":\"https:\\\/\\\/www.acgl.fr\\\/index.php\\\/mentions\\\/\",\"url\":\"https:\\\/\\\/www.acgl.fr\\\/index.php\\\/mentions\\\/\",\"name\":\"Mentions l\u00e9gales - A\u00e9ro-Club du Grand Lyon\",\"isPartOf\":{\"@id\":\"https:\\\/\\\/www.acgl.fr\\\/#website\"},\"datePublished\":\"2021-12-09T15:18:33+00:00\",\"dateModified\":\"2023-06-30T07:03:58+00:00\",\"breadcrumb\":{\"@id\":\"https:\\\/\\\/www.acgl.fr\\\/index.php\\\/mentions\\\/#breadcrumb\"},\"inLanguage\":\"fr-FR\",\"potentialAction\":[{\"@type\":\"ReadAction\",\"target\":[\"https:\\\/\\\/www.acgl.fr\\\/index.php\\\/mentions\\\/\"]}]},{\"@type\":\"BreadcrumbList\",\"@id\":\"https:\\\/\\\/www.acgl.fr\\\/index.php\\\/mentions\\\/#breadcrumb\",\"itemListElement\":[{\"@type\":\"ListItem\",\"position\":1,\"name\":\"Accueil\",\"item\":\"https:\\\/\\\/www.acgl.fr\\\/\"},{\"@type\":\"ListItem\",\"position\":2,\"name\":\"Mentions l\u00e9gales\"}]},{\"@type\":\"WebSite\",\"@id\":\"https:\\\/\\\/www.acgl.fr\\\/#website\",\"url\":\"https:\\\/\\\/www.acgl.fr\\\/\",\"name\":\"A\u00e9ro-Club du Grand Lyon\",\"description\":\"l&#039;A\u00e9roclub qui vous aide \u00e0 concr\u00e9tiser vos r\u00eaves\",\"publisher\":{\"@id\":\"https:\\\/\\\/www.acgl.fr\\\/#organization\"},\"potentialAction\":[{\"@type\":\"SearchAction\",\"target\":{\"@type\":\"EntryPoint\",\"urlTemplate\":\"https:\\\/\\\/www.acgl.fr\\\/?s={search_term_string}\"},\"query-input\":{\"@type\":\"PropertyValueSpecification\",\"valueRequired\":true,\"valueName\":\"search_term_string\"}}],\"inLanguage\":\"fr-FR\"},{\"@type\":\"Organization\",\"@id\":\"https:\\\/\\\/www.acgl.fr\\\/#organization\",\"name\":\"A\u00e9roclub du Grand Lyon\",\"url\":\"https:\\\/\\\/www.acgl.fr\\\/\",\"logo\":{\"@type\":\"ImageObject\",\"inLanguage\":\"fr-FR\",\"@id\":\"https:\\\/\\\/www.acgl.fr\\\/#\\\/schema\\\/logo\\\/image\\\/\",\"url\":\"https:\\\/\\\/www.acgl.fr\\\/wp-content\\\/uploads\\\/2021\\\/10\\\/AGCL_logo_190.png\",\"contentUrl\":\"https:\\\/\\\/www.acgl.fr\\\/wp-content\\\/uploads\\\/2021\\\/10\\\/AGCL_logo_190.png\",\"width\":190,\"height\":190,\"caption\":\"A\u00e9roclub du Grand Lyon\"},\"image\":{\"@id\":\"https:\\\/\\\/www.acgl.fr\\\/#\\\/schema\\\/logo\\\/image\\\/\"},\"sameAs\":[\"https:\\\/\\\/www.facebook.com\\\/AeroClubduGrandLyon\\\/\",\"https:\\\/\\\/www.instagram.com\\\/aeroclub_acgl\\\/\",\"https:\\\/\\\/www.youtube.com\\\/channel\\\/UCDYm_MaF1IlbRxICQXUDYmw\"]}]}<\/script>\n<!-- \/ Yoast SEO plugin. -->","yoast_head_json":{"title":"Mentions l\u00e9gales - A\u00e9ro-Club du Grand Lyon","robots":{"index":"index","follow":"follow","max-snippet":"max-snippet:-1","max-image-preview":"max-image-preview:large","max-video-preview":"max-video-preview:-1"},"canonical":"https:\/\/www.acgl.fr\/index.php\/mentions\/","og_locale":"fr_FR","og_type":"article","og_title":"Mentions l\u00e9gales - A\u00e9ro-Club du Grand Lyon","og_description":"Mentions l\u00e9gales En vertu de la loi du 6 janvier 1978, modifi\u00e9e le 7 ao\u00fbt 2004, et de l\u2019article 6 de la loi n\u00b0 2004-575 du 21 juin 2004 pour la confiance dans l\u2019\u00e9conomie num\u00e9rique, il est pr\u00e9cis\u00e9 aux utilisateurs du site http:\/\/www.acgl.fr l\u2019identit\u00e9 des diff\u00e9rents intervenants dans le cadre de sa r\u00e9alisation et de [&hellip;]","og_url":"https:\/\/www.acgl.fr\/index.php\/mentions\/","og_site_name":"A\u00e9ro-Club du Grand Lyon","article_publisher":"https:\/\/www.facebook.com\/AeroClubduGrandLyon\/","article_modified_time":"2023-06-30T07:03:58+00:00","twitter_card":"summary_large_image","twitter_misc":{"Dur\u00e9e de lecture estim\u00e9e":"3 minutes"},"schema":{"@context":"https:\/\/schema.org","@graph":[{"@type":"WebPage","@id":"https:\/\/www.acgl.fr\/index.php\/mentions\/","url":"https:\/\/www.acgl.fr\/index.php\/mentions\/","name":"Mentions l\u00e9gales - A\u00e9ro-Club du Grand Lyon","isPartOf":{"@id":"https:\/\/www.acgl.fr\/#website"},"datePublished":"2021-12-09T15:18:33+00:00","dateModified":"2023-06-30T07:03:58+00:00","breadcrumb":{"@id":"https:\/\/www.acgl.fr\/index.php\/mentions\/#breadcrumb"},"inLanguage":"fr-FR","potentialAction":[{"@type":"ReadAction","target":["https:\/\/www.acgl.fr\/index.php\/mentions\/"]}]},{"@type":"BreadcrumbList","@id":"https:\/\/www.acgl.fr\/index.php\/mentions\/#breadcrumb","itemListElement":[{"@type":"ListItem","position":1,"name":"Accueil","item":"https:\/\/www.acgl.fr\/"},{"@type":"ListItem","position":2,"name":"Mentions l\u00e9gales"}]},{"@type":"WebSite","@id":"https:\/\/www.acgl.fr\/#website","url":"https:\/\/www.acgl.fr\/","name":"A\u00e9ro-Club du Grand Lyon","description":"l&#039;A\u00e9roclub qui vous aide \u00e0 concr\u00e9tiser vos r\u00eaves","publisher":{"@id":"https:\/\/www.acgl.fr\/#organization"},"potentialAction":[{"@type":"SearchAction","target":{"@type":"EntryPoint","urlTemplate":"https:\/\/www.acgl.fr\/?s={search_term_string}"},"query-input":{"@type":"PropertyValueSpecification","valueRequired":true,"valueName":"search_term_string"}}],"inLanguage":"fr-FR"},{"@type":"Organization","@id":"https:\/\/www.acgl.fr\/#organization","name":"A\u00e9roclub du Grand Lyon","url":"https:\/\/www.acgl.fr\/","logo":{"@type":"ImageObject","inLanguage":"fr-FR","@id":"https:\/\/www.acgl.fr\/#\/schema\/logo\/image\/","url":"https:\/\/www.acgl.fr\/wp-content\/uploads\/2021\/10\/AGCL_logo_190.png","contentUrl":"https:\/\/www.acgl.fr\/wp-content\/uploads\/2021\/10\/AGCL_logo_190.png","width":190,"height":190,"caption":"A\u00e9roclub du Grand Lyon"},"image":{"@id":"https:\/\/www.acgl.fr\/#\/schema\/logo\/image\/"},"sameAs":["https:\/\/www.facebook.com\/AeroClubduGrandLyon\/","https:\/\/www.instagram.com\/aeroclub_acgl\/","https:\/\/www.youtube.com\/channel\/UCDYm_MaF1IlbRxICQXUDYmw"]}]}},"_links":{"self":[{"href":"https:\/\/www.acgl.fr\/index.php\/wp-json\/wp\/v2\/pages\/1665","targetHints":{"allow":["GET"]}}],"collection":[{"href":"https:\/\/www.acgl.fr\/index.php\/wp-json\/wp\/v2\/pages"}],"about":[{"href":"https:\/\/www.acgl.fr\/index.php\/wp-json\/wp\/v2\/types\/page"}],"author":[{"embeddable":true,"href":"https:\/\/www.acgl.fr\/index.php\/wp-json\/wp\/v2\/users\/1"}],"replies":[{"embeddable":true,"href":"https:\/\/www.acgl.fr\/index.php\/wp-json\/wp\/v2\/comments?post=1665"}],"version-history":[{"count":4,"href":"https:\/\/www.acgl.fr\/index.php\/wp-json\/wp\/v2\/pages\/1665\/revisions"}],"predecessor-version":[{"id":1959,"href":"https:\/\/www.acgl.fr\/index.php\/wp-json\/wp\/v2\/pages\/1665\/revisions\/1959"}],"wp:attachment":[{"href":"https:\/\/www.acgl.fr\/index.php\/wp-json\/wp\/v2\/media?parent=1665"}],"curies":[{"name":"wp","href":"https:\/\/api.w.org\/{rel}","templated":true}]}}