{"id":1897,"date":"2022-04-06T12:42:33","date_gmt":"2022-04-06T10:42:33","guid":{"rendered":"https:\/\/www.acgl.fr\/?page_id=1897"},"modified":"2023-04-30T14:39:25","modified_gmt":"2023-04-30T12:39:25","slug":"portesouvertes","status":"publish","type":"page","link":"https:\/\/www.acgl.fr\/index.php\/portesouvertes\/","title":{"rendered":"Journ\u00e9e portes ouvertes"},"content":{"rendered":"<div class=\"vce-row-container\" data-vce-boxed-width=\"true\"><div class=\"vce-row vce-row--col-gap-30 vce-row-equal-height vce-row-content--top\" id=\"el-3f77debd\" data-vce-do-apply=\"all el-3f77debd\"><div class=\"vce-row-content\" data-vce-element-content=\"true\"><div class=\"vce-col vce-col--md-auto vce-col--xs-1 vce-col--xs-last vce-col--xs-first vce-col--sm-last vce-col--sm-first vce-col--md-last vce-col--lg-last vce-col--xl-last vce-col--md-first vce-col--lg-first vce-col--xl-first\" id=\"el-e964af0a\"><div class=\"vce-col-inner\" data-vce-do-apply=\"border margin background  el-e964af0a\"><div class=\"vce-col-content\" data-vce-element-content=\"true\" data-vce-do-apply=\"padding el-e964af0a\"><div class=\"vce-text-block\"><div class=\"vce-text-block-wrapper vce\" id=\"el-e296469a\" data-vce-do-apply=\"all el-e296469a\"><h2>Journ\u00e9e portes ouvertes le 13 mai de 9h \u00e0 18h<\/h2>\n<p><a href=\"..\/venir-nous-voir\/\">Venez nombreux pour d\u00e9couvrir notre activit\u00e9<\/a>, nos avions et pourquoi pas faire un <a href=\"..\/offrir-un-bapteme\/\">vol d\u00e9couverte<\/a>.<\/p>\n<p><span style=\"color: #000000; font-family: inherit; font-size: medium;\">Venez d\u00e9couvrir les m\u00e9tiers de l'aviation et comment passer son brevet de pilote. Le meilleur accueil vous sera r\u00e9serv\u00e9. Un cadeau aux 3 premiers qui viendront et qui viennent nous voir gr\u00e2ce au site internet. Prononcez juste le mot de passe : \"ACGL Le Club qu'il vous faut !\"<\/span><\/p><\/div><\/div><\/div><\/div><\/div><\/div><\/div><\/div><div class=\"vce-row-container\" data-vce-boxed-width=\"true\"><div class=\"vce-row vce-row--col-gap-30 vce-row-equal-height vce-row-content--top\" id=\"el-ecef0ed9\" data-vce-do-apply=\"all el-ecef0ed9\"><div class=\"vce-row-content\" data-vce-element-content=\"true\"><div class=\"vce-col vce-col--md-auto vce-col--xs-1 vce-col--xs-last vce-col--xs-first vce-col--sm-last vce-col--sm-first vce-col--md-last vce-col--lg-last vce-col--xl-last vce-col--md-first vce-col--lg-first vce-col--xl-first\" id=\"el-a1a6200f\"><div class=\"vce-col-inner\" data-vce-do-apply=\"border margin background  el-a1a6200f\"><div class=\"vce-col-content\" data-vce-element-content=\"true\" data-vce-do-apply=\"padding el-a1a6200f\"><div class=\"vce-yt-video-player vce-yt-video-player--align-center vce-yt-video-player--size-1280x720\"><div class=\"vce vce-yt-video-player-wrapper\" id=\"el-c272366e\" data-vce-do-apply=\"all el-c272366e\" style=\"width: 1280px;\"><div class=\"vce-yt-video-player-inner\"><iframe loading=\"lazy\" class=\"vce-yt-video-player-iframe\" src=\"https:\/\/www.youtube.com\/embed\/IQO-AfH6zrU?autoplay=0&amp;mute=0&amp;color=red&amp;controls=1&amp;loop=0&amp;rel=0&amp;start=0&amp;cc_load_policy=0&amp;iv_load_policy=3&amp;enablejsapi=1\" width=\"640\" height=\"390\" allowfullscreen=\"\" title=\"YouTube video\"><\/iframe><\/div><\/div><\/div><\/div><\/div><\/div><\/div><\/div><\/div><div class=\"vce-row-container\" data-vce-boxed-width=\"true\"><div class=\"vce-row vce-row--col-gap-30 vce-row-equal-height vce-row-content--top\" id=\"el-1da35e88\" data-vce-do-apply=\"all el-1da35e88\"><div class=\"vce-row-content\" data-vce-element-content=\"true\"><div class=\"vce-col vce-col--md-auto vce-col--xs-1 vce-col--xs-last vce-col--xs-first vce-col--sm-last vce-col--sm-first vce-col--md-last vce-col--lg-last vce-col--xl-last vce-col--md-first vce-col--lg-first vce-col--xl-first\" id=\"el-cdbf9d47\"><div class=\"vce-col-inner\" data-vce-do-apply=\"border margin background  el-cdbf9d47\"><div class=\"vce-col-content\" data-vce-element-content=\"true\" data-vce-do-apply=\"padding el-cdbf9d47\"><div><\/div><\/div><\/div><\/div><\/div><\/div><\/div>","protected":false},"excerpt":{"rendered":"<p>Journ\u00e9e portes ouvertes le 13 mai de 9h \u00e0 18h Venez nombreux pour d\u00e9couvrir notre activit\u00e9, nos avions et pourquoi pas faire un vol d\u00e9couverte. Venez d\u00e9couvrir les m\u00e9tiers de l&rsquo;aviation et comment passer son brevet de pilote. Le meilleur accueil vous sera r\u00e9serv\u00e9. Un cadeau aux 3 premiers qui viendront et qui viennent nous [&hellip;]<\/p>\n","protected":false},"author":1,"featured_media":0,"parent":0,"menu_order":0,"comment_status":"closed","ping_status":"closed","template":"","meta":{"qubely_global_settings":"","qubely_interactions":"","_monsterinsights_skip_tracking":false,"_monsterinsights_sitenote_active":false,"_monsterinsights_sitenote_note":"","_monsterinsights_sitenote_category":0,"footnotes":""},"class_list":["post-1897","page","type-page","status-publish","hentry"],"blocksy_meta":{"styles_descriptor":{"styles":{"desktop":"","tablet":"","mobile":""},"google_fonts":[],"version":6}},"yoast_head":"<!-- This site is optimized with the Yoast SEO plugin v27.3 - https:\/\/yoast.com\/product\/yoast-seo-wordpress\/ -->\n<title>Journ\u00e9e portes ouvertes - A\u00e9ro-Club du Grand Lyon<\/title>\n<meta name=\"robots\" content=\"index, follow, max-snippet:-1, max-image-preview:large, max-video-preview:-1\" \/>\n<link rel=\"canonical\" href=\"https:\/\/www.acgl.fr\/index.php\/portesouvertes\/\" \/>\n<meta property=\"og:locale\" content=\"fr_FR\" \/>\n<meta property=\"og:type\" content=\"article\" \/>\n<meta property=\"og:title\" content=\"Journ\u00e9e portes ouvertes - A\u00e9ro-Club du Grand Lyon\" \/>\n<meta property=\"og:description\" content=\"Journ\u00e9e portes ouvertes le 13 mai de 9h \u00e0 18h Venez nombreux pour d\u00e9couvrir notre activit\u00e9, nos avions et pourquoi pas faire un vol d\u00e9couverte. Venez d\u00e9couvrir les m\u00e9tiers de l&#039;aviation et comment passer son brevet de pilote. Le meilleur accueil vous sera r\u00e9serv\u00e9. Un cadeau aux 3 premiers qui viendront et qui viennent nous [&hellip;]\" \/>\n<meta property=\"og:url\" content=\"https:\/\/www.acgl.fr\/index.php\/portesouvertes\/\" \/>\n<meta property=\"og:site_name\" content=\"A\u00e9ro-Club du Grand Lyon\" \/>\n<meta property=\"article:publisher\" content=\"https:\/\/www.facebook.com\/AeroClubduGrandLyon\/\" \/>\n<meta property=\"article:modified_time\" content=\"2023-04-30T12:39:25+00:00\" \/>\n<meta name=\"twitter:card\" content=\"summary_large_image\" \/>\n<script type=\"application\/ld+json\" class=\"yoast-schema-graph\">{\"@context\":\"https:\\\/\\\/schema.org\",\"@graph\":[{\"@type\":\"WebPage\",\"@id\":\"https:\\\/\\\/www.acgl.fr\\\/index.php\\\/portesouvertes\\\/\",\"url\":\"https:\\\/\\\/www.acgl.fr\\\/index.php\\\/portesouvertes\\\/\",\"name\":\"Journ\u00e9e portes ouvertes - A\u00e9ro-Club du Grand Lyon\",\"isPartOf\":{\"@id\":\"https:\\\/\\\/www.acgl.fr\\\/#website\"},\"datePublished\":\"2022-04-06T10:42:33+00:00\",\"dateModified\":\"2023-04-30T12:39:25+00:00\",\"breadcrumb\":{\"@id\":\"https:\\\/\\\/www.acgl.fr\\\/index.php\\\/portesouvertes\\\/#breadcrumb\"},\"inLanguage\":\"fr-FR\",\"potentialAction\":[{\"@type\":\"ReadAction\",\"target\":[\"https:\\\/\\\/www.acgl.fr\\\/index.php\\\/portesouvertes\\\/\"]}]},{\"@type\":\"BreadcrumbList\",\"@id\":\"https:\\\/\\\/www.acgl.fr\\\/index.php\\\/portesouvertes\\\/#breadcrumb\",\"itemListElement\":[{\"@type\":\"ListItem\",\"position\":1,\"name\":\"Accueil\",\"item\":\"https:\\\/\\\/www.acgl.fr\\\/\"},{\"@type\":\"ListItem\",\"position\":2,\"name\":\"Journ\u00e9e portes ouvertes\"}]},{\"@type\":\"WebSite\",\"@id\":\"https:\\\/\\\/www.acgl.fr\\\/#website\",\"url\":\"https:\\\/\\\/www.acgl.fr\\\/\",\"name\":\"A\u00e9ro-Club du Grand Lyon\",\"description\":\"l&#039;A\u00e9roclub qui vous aide \u00e0 concr\u00e9tiser vos r\u00eaves\",\"publisher\":{\"@id\":\"https:\\\/\\\/www.acgl.fr\\\/#organization\"},\"potentialAction\":[{\"@type\":\"SearchAction\",\"target\":{\"@type\":\"EntryPoint\",\"urlTemplate\":\"https:\\\/\\\/www.acgl.fr\\\/?s={search_term_string}\"},\"query-input\":{\"@type\":\"PropertyValueSpecification\",\"valueRequired\":true,\"valueName\":\"search_term_string\"}}],\"inLanguage\":\"fr-FR\"},{\"@type\":\"Organization\",\"@id\":\"https:\\\/\\\/www.acgl.fr\\\/#organization\",\"name\":\"A\u00e9roclub du Grand Lyon\",\"url\":\"https:\\\/\\\/www.acgl.fr\\\/\",\"logo\":{\"@type\":\"ImageObject\",\"inLanguage\":\"fr-FR\",\"@id\":\"https:\\\/\\\/www.acgl.fr\\\/#\\\/schema\\\/logo\\\/image\\\/\",\"url\":\"https:\\\/\\\/www.acgl.fr\\\/wp-content\\\/uploads\\\/2021\\\/10\\\/AGCL_logo_190.png\",\"contentUrl\":\"https:\\\/\\\/www.acgl.fr\\\/wp-content\\\/uploads\\\/2021\\\/10\\\/AGCL_logo_190.png\",\"width\":190,\"height\":190,\"caption\":\"A\u00e9roclub du Grand Lyon\"},\"image\":{\"@id\":\"https:\\\/\\\/www.acgl.fr\\\/#\\\/schema\\\/logo\\\/image\\\/\"},\"sameAs\":[\"https:\\\/\\\/www.facebook.com\\\/AeroClubduGrandLyon\\\/\",\"https:\\\/\\\/www.instagram.com\\\/aeroclub_acgl\\\/\",\"https:\\\/\\\/www.youtube.com\\\/channel\\\/UCDYm_MaF1IlbRxICQXUDYmw\"]}]}<\/script>\n<!-- \/ Yoast SEO plugin. -->","yoast_head_json":{"title":"Journ\u00e9e portes ouvertes - A\u00e9ro-Club du Grand Lyon","robots":{"index":"index","follow":"follow","max-snippet":"max-snippet:-1","max-image-preview":"max-image-preview:large","max-video-preview":"max-video-preview:-1"},"canonical":"https:\/\/www.acgl.fr\/index.php\/portesouvertes\/","og_locale":"fr_FR","og_type":"article","og_title":"Journ\u00e9e portes ouvertes - A\u00e9ro-Club du Grand Lyon","og_description":"Journ\u00e9e portes ouvertes le 13 mai de 9h \u00e0 18h Venez nombreux pour d\u00e9couvrir notre activit\u00e9, nos avions et pourquoi pas faire un vol d\u00e9couverte. Venez d\u00e9couvrir les m\u00e9tiers de l'aviation et comment passer son brevet de pilote. Le meilleur accueil vous sera r\u00e9serv\u00e9. Un cadeau aux 3 premiers qui viendront et qui viennent nous [&hellip;]","og_url":"https:\/\/www.acgl.fr\/index.php\/portesouvertes\/","og_site_name":"A\u00e9ro-Club du Grand Lyon","article_publisher":"https:\/\/www.facebook.com\/AeroClubduGrandLyon\/","article_modified_time":"2023-04-30T12:39:25+00:00","twitter_card":"summary_large_image","schema":{"@context":"https:\/\/schema.org","@graph":[{"@type":"WebPage","@id":"https:\/\/www.acgl.fr\/index.php\/portesouvertes\/","url":"https:\/\/www.acgl.fr\/index.php\/portesouvertes\/","name":"Journ\u00e9e portes ouvertes - A\u00e9ro-Club du Grand Lyon","isPartOf":{"@id":"https:\/\/www.acgl.fr\/#website"},"datePublished":"2022-04-06T10:42:33+00:00","dateModified":"2023-04-30T12:39:25+00:00","breadcrumb":{"@id":"https:\/\/www.acgl.fr\/index.php\/portesouvertes\/#breadcrumb"},"inLanguage":"fr-FR","potentialAction":[{"@type":"ReadAction","target":["https:\/\/www.acgl.fr\/index.php\/portesouvertes\/"]}]},{"@type":"BreadcrumbList","@id":"https:\/\/www.acgl.fr\/index.php\/portesouvertes\/#breadcrumb","itemListElement":[{"@type":"ListItem","position":1,"name":"Accueil","item":"https:\/\/www.acgl.fr\/"},{"@type":"ListItem","position":2,"name":"Journ\u00e9e portes ouvertes"}]},{"@type":"WebSite","@id":"https:\/\/www.acgl.fr\/#website","url":"https:\/\/www.acgl.fr\/","name":"A\u00e9ro-Club du Grand Lyon","description":"l&#039;A\u00e9roclub qui vous aide \u00e0 concr\u00e9tiser vos r\u00eaves","publisher":{"@id":"https:\/\/www.acgl.fr\/#organization"},"potentialAction":[{"@type":"SearchAction","target":{"@type":"EntryPoint","urlTemplate":"https:\/\/www.acgl.fr\/?s={search_term_string}"},"query-input":{"@type":"PropertyValueSpecification","valueRequired":true,"valueName":"search_term_string"}}],"inLanguage":"fr-FR"},{"@type":"Organization","@id":"https:\/\/www.acgl.fr\/#organization","name":"A\u00e9roclub du Grand Lyon","url":"https:\/\/www.acgl.fr\/","logo":{"@type":"ImageObject","inLanguage":"fr-FR","@id":"https:\/\/www.acgl.fr\/#\/schema\/logo\/image\/","url":"https:\/\/www.acgl.fr\/wp-content\/uploads\/2021\/10\/AGCL_logo_190.png","contentUrl":"https:\/\/www.acgl.fr\/wp-content\/uploads\/2021\/10\/AGCL_logo_190.png","width":190,"height":190,"caption":"A\u00e9roclub du Grand Lyon"},"image":{"@id":"https:\/\/www.acgl.fr\/#\/schema\/logo\/image\/"},"sameAs":["https:\/\/www.facebook.com\/AeroClubduGrandLyon\/","https:\/\/www.instagram.com\/aeroclub_acgl\/","https:\/\/www.youtube.com\/channel\/UCDYm_MaF1IlbRxICQXUDYmw"]}]}},"_links":{"self":[{"href":"https:\/\/www.acgl.fr\/index.php\/wp-json\/wp\/v2\/pages\/1897","targetHints":{"allow":["GET"]}}],"collection":[{"href":"https:\/\/www.acgl.fr\/index.php\/wp-json\/wp\/v2\/pages"}],"about":[{"href":"https:\/\/www.acgl.fr\/index.php\/wp-json\/wp\/v2\/types\/page"}],"author":[{"embeddable":true,"href":"https:\/\/www.acgl.fr\/index.php\/wp-json\/wp\/v2\/users\/1"}],"replies":[{"embeddable":true,"href":"https:\/\/www.acgl.fr\/index.php\/wp-json\/wp\/v2\/comments?post=1897"}],"version-history":[{"count":10,"href":"https:\/\/www.acgl.fr\/index.php\/wp-json\/wp\/v2\/pages\/1897\/revisions"}],"predecessor-version":[{"id":1949,"href":"https:\/\/www.acgl.fr\/index.php\/wp-json\/wp\/v2\/pages\/1897\/revisions\/1949"}],"wp:attachment":[{"href":"https:\/\/www.acgl.fr\/index.php\/wp-json\/wp\/v2\/media?parent=1897"}],"curies":[{"name":"wp","href":"https:\/\/api.w.org\/{rel}","templated":true}]}}