{"id":613,"date":"2021-10-30T16:17:40","date_gmt":"2021-10-30T14:17:40","guid":{"rendered":"https:\/\/www.acgl.fr\/?page_id=613"},"modified":"2024-10-20T11:59:50","modified_gmt":"2024-10-20T09:59:50","slug":"f-hhvp","status":"publish","type":"page","link":"https:\/\/www.acgl.fr\/index.php\/f-hhvp\/","title":{"rendered":"F-HHVP"},"content":{"rendered":"<div class=\"vce-row-container\"><div class=\"vce-row vce-element--has-background vce-row--col-gap-20 vce-row-no-paddings vce-row-equal-height vce-row-content--top\" data-vce-full-width=\"true\" data-vce-stretch-content=\"true\" id=\"el-fea61f18\" data-vce-do-apply=\"all el-fea61f18\"><div class=\"vce-content-background-container\"><div class=\"vce-asset-parallax-container vce-visible-all-only\" data-vce-assets-parallax=\".vce-asset-parallax\" data-vce-assets-parallax-reverse=\"false\"><div class=\"vce-asset-parallax\" style=\"top: -30vh; bottom: -30vh; transform: translateY(6.39491vh);\"><div class=\"vce-asset-background-simple-container vce-visible-all-only vce-asset-background-simple--style-cover vce-asset-background-simple--position-center-top\"><div class=\"vce-asset-background-simple\">\n              <div class=\"vce-asset-background-simple-item vcv-lozad\" data-background-image=\"http:\/\/dev.acgl.fr\/wp-content\/uploads\/2021\/12\/Voyage08.jpg\"><\/div>\n              <noscript>\n                <div class=\"vce-asset-background-simple-item\" style=\"background-image: url(http:\/\/dev.acgl.fr\/wp-content\/uploads\/2021\/12\/Voyage08.jpg)\"><\/div>\n              <\/noscript>\n            <\/div><\/div><\/div><\/div><\/div><div class=\"vce-row-content\" data-vce-element-content=\"true\"><div class=\"vce-col vce-col--md-15p vce-col--xs-1 vce-col--xs-last vce-col--xs-first vce-col--sm-last vce-col--sm-first vce-col--md-first vce-col--lg-first vce-col--xl-first\" id=\"el-a5b7223e\"><div class=\"vce-col-inner\" data-vce-do-apply=\"border margin background  el-a5b7223e\"><div class=\"vce-col-content\" data-vce-element-content=\"true\" data-vce-do-apply=\"padding el-a5b7223e\"><div class=\"vcv-row-control-wrapper\"><\/div><\/div><\/div><\/div><div class=\"vce-col vce-col--md-auto vce-col--xs-1 vce-col--xs-last vce-col--xs-first vce-col--sm-last vce-col--sm-first\" id=\"el-1238b0b9\"><div class=\"vce-col-inner\" data-vce-do-apply=\"border margin background  el-1238b0b9\"><div class=\"vce-content-background-container\"><\/div><div class=\"vce-col-content\" data-vce-element-content=\"true\" data-vce-do-apply=\"padding el-1238b0b9\"><div class=\"vce-text-block\"><div class=\"vce-text-block-wrapper vce\" id=\"el-6f5e029c\" data-vce-do-apply=\"all el-6f5e029c\"><h2>F-HHVP - Viper SD4<\/h2>\n<p>&nbsp;<\/p>\n<p><span style=\"font-size: 11pt; line-height: 115%; font-family: inherit;\">Fabriqu\u00e9 en Slovaquie par TomarkAero, le Viper SD4 est un appareil de nouvelle g\u00e9n\u00e9ration, \u00e0 l\u2019esth\u00e9tique valorisante, dot\u00e9 d\u2019un cockpit spacieux pourvu de nombreux \u00e9quipements modernes dont une avionique enti\u00e8rement digitale et d\u2019un int\u00e9rieur ergonomique et confortable. Moteur Rotax de 100 cv, 2 places, 105 kt, autonomie 5 h, son utilisation principale r\u00e9side en la formation de nos \u00e9l\u00e8ves pilotes.<\/span><\/p>\n<p>&nbsp;&nbsp;<\/p><\/div><\/div><div class=\"vce-single-image-container vce-single-image--align-left\"><div class=\"vce vce-single-image-wrapper\" id=\"el-d9b68cac\" data-vce-do-apply=\"all el-d9b68cac\"><figure><div class=\"vce-single-image-figure-inner\" style=\"width: 1024px;\"><div class=\"vce-single-image-inner vce-single-image--absolute\" style=\"width: 100%; padding-bottom: 40.2344%;\"><img loading=\"lazy\" decoding=\"async\" class=\"vce-single-image\"  width=\"1024\" height=\"412\" srcset=\"https:\/\/www.acgl.fr\/wp-content\/uploads\/2024\/10\/Viper-SD4-1024x413.png 1024w, https:\/\/www.acgl.fr\/wp-content\/uploads\/2024\/10\/Viper-SD4-320x129.png 320w, https:\/\/www.acgl.fr\/wp-content\/uploads\/2024\/10\/Viper-SD4-480x194.png 480w, https:\/\/www.acgl.fr\/wp-content\/uploads\/2024\/10\/Viper-SD4-800x323.png 800w\" src=\"https:\/\/www.acgl.fr\/wp-content\/uploads\/2024\/10\/Viper-SD4-1024x413.png\" data-img-src=\"https:\/\/www.acgl.fr\/wp-content\/uploads\/2024\/10\/Viper-SD4.png\" data-attachment-id=\"1995\"  alt=\"\" title=\"Viper SD4\" \/><\/div><\/div><figcaption hidden=\"\"><\/figcaption><\/figure><\/div><\/div><\/div><\/div><\/div><div class=\"vce-col vce-col--md-15p vce-col--xs-1 vce-col--xs-last vce-col--xs-first vce-col--sm-last vce-col--sm-first vce-col--md-last vce-col--lg-last vce-col--xl-last\" id=\"el-63f2596a\"><div class=\"vce-col-inner\" data-vce-do-apply=\"border margin background  el-63f2596a\"><div class=\"vce-col-content\" data-vce-element-content=\"true\" data-vce-do-apply=\"padding el-63f2596a\"><div class=\"vcv-row-control-wrapper\"><\/div><\/div><\/div><\/div><\/div><\/div><\/div><div class=\"vce-row-container\" data-vce-boxed-width=\"true\"><div class=\"vce-row vce-row--col-gap-30 vce-row-equal-height vce-row-content--top\" id=\"el-5d28b48a\" data-vce-do-apply=\"all el-5d28b48a\"><div class=\"vce-row-content\" data-vce-element-content=\"true\"><div class=\"vce-col vce-col--md-auto vce-col--xs-1 vce-col--xs-last vce-col--xs-first vce-col--sm-last vce-col--sm-first vce-col--md-last vce-col--lg-last vce-col--xl-last vce-col--md-first vce-col--lg-first vce-col--xl-first\" id=\"el-f5c761b1\"><div class=\"vce-col-inner\" data-vce-do-apply=\"border margin background  el-f5c761b1\"><div class=\"vce-col-content\" data-vce-element-content=\"true\" data-vce-do-apply=\"padding el-f5c761b1\"><div class=\"vcv-row-control-wrapper\"><\/div><\/div><\/div><\/div><\/div><\/div><\/div>","protected":false},"excerpt":{"rendered":"<p>F-HHVP &#8211; Viper SD4 &nbsp; Fabriqu\u00e9 en Slovaquie par TomarkAero, le Viper SD4 est un appareil de nouvelle g\u00e9n\u00e9ration, \u00e0 l\u2019esth\u00e9tique valorisante, dot\u00e9 d\u2019un cockpit spacieux pourvu de nombreux \u00e9quipements modernes dont une avionique enti\u00e8rement digitale et d\u2019un int\u00e9rieur ergonomique et confortable. Moteur Rotax de 100 cv, 2 places, 105 kt, autonomie 5 h, son [&hellip;]<\/p>\n","protected":false},"author":1,"featured_media":617,"parent":0,"menu_order":0,"comment_status":"closed","ping_status":"closed","template":"","meta":{"qubely_global_settings":"","qubely_interactions":"","_monsterinsights_skip_tracking":false,"_monsterinsights_sitenote_active":false,"_monsterinsights_sitenote_note":"","_monsterinsights_sitenote_category":0,"footnotes":""},"class_list":["post-613","page","type-page","status-publish","has-post-thumbnail","hentry"],"blocksy_meta":{"styles_descriptor":{"styles":{"desktop":"","tablet":"","mobile":""},"google_fonts":[],"version":6}},"yoast_head":"<!-- This site is optimized with the Yoast SEO plugin v27.5 - https:\/\/yoast.com\/product\/yoast-seo-wordpress\/ -->\n<title>F-HHVP - A\u00e9ro-Club du Grand Lyon<\/title>\n<meta name=\"robots\" content=\"index, follow, max-snippet:-1, max-image-preview:large, max-video-preview:-1\" \/>\n<link rel=\"canonical\" href=\"https:\/\/www.acgl.fr\/index.php\/f-hhvp\/\" \/>\n<meta property=\"og:locale\" content=\"fr_FR\" \/>\n<meta property=\"og:type\" content=\"article\" \/>\n<meta property=\"og:title\" content=\"F-HHVP - A\u00e9ro-Club du Grand Lyon\" \/>\n<meta property=\"og:description\" content=\"F-HHVP - Viper SD4 &nbsp; Fabriqu\u00e9 en Slovaquie par TomarkAero, le Viper SD4 est un appareil de nouvelle g\u00e9n\u00e9ration, \u00e0 l\u2019esth\u00e9tique valorisante, dot\u00e9 d\u2019un cockpit spacieux pourvu de nombreux \u00e9quipements modernes dont une avionique enti\u00e8rement digitale et d\u2019un int\u00e9rieur ergonomique et confortable. Moteur Rotax de 100 cv, 2 places, 105 kt, autonomie 5 h, son [&hellip;]\" \/>\n<meta property=\"og:url\" content=\"https:\/\/www.acgl.fr\/index.php\/f-hhvp\/\" \/>\n<meta property=\"og:site_name\" content=\"A\u00e9ro-Club du Grand Lyon\" \/>\n<meta property=\"article:publisher\" content=\"https:\/\/www.facebook.com\/AeroClubduGrandLyon\/\" \/>\n<meta property=\"article:modified_time\" content=\"2024-10-20T09:59:50+00:00\" \/>\n<meta property=\"og:image\" content=\"https:\/\/www.acgl.fr\/wp-content\/uploads\/2021\/10\/Frequence-Flash.png\" \/>\n\t<meta property=\"og:image:width\" content=\"806\" \/>\n\t<meta property=\"og:image:height\" content=\"219\" \/>\n\t<meta property=\"og:image:type\" content=\"image\/png\" \/>\n<meta name=\"twitter:card\" content=\"summary_large_image\" \/>\n<meta name=\"twitter:label1\" content=\"Dur\u00e9e de lecture estim\u00e9e\" \/>\n\t<meta name=\"twitter:data1\" content=\"1 minute\" \/>\n<script type=\"application\/ld+json\" class=\"yoast-schema-graph\">{\"@context\":\"https:\\\/\\\/schema.org\",\"@graph\":[{\"@type\":\"WebPage\",\"@id\":\"https:\\\/\\\/www.acgl.fr\\\/index.php\\\/f-hhvp\\\/\",\"url\":\"https:\\\/\\\/www.acgl.fr\\\/index.php\\\/f-hhvp\\\/\",\"name\":\"F-HHVP - A\u00e9ro-Club du Grand Lyon\",\"isPartOf\":{\"@id\":\"https:\\\/\\\/www.acgl.fr\\\/#website\"},\"primaryImageOfPage\":{\"@id\":\"https:\\\/\\\/www.acgl.fr\\\/index.php\\\/f-hhvp\\\/#primaryimage\"},\"image\":{\"@id\":\"https:\\\/\\\/www.acgl.fr\\\/index.php\\\/f-hhvp\\\/#primaryimage\"},\"thumbnailUrl\":\"https:\\\/\\\/www.acgl.fr\\\/wp-content\\\/uploads\\\/2021\\\/10\\\/Frequence-Flash.png\",\"datePublished\":\"2021-10-30T14:17:40+00:00\",\"dateModified\":\"2024-10-20T09:59:50+00:00\",\"breadcrumb\":{\"@id\":\"https:\\\/\\\/www.acgl.fr\\\/index.php\\\/f-hhvp\\\/#breadcrumb\"},\"inLanguage\":\"fr-FR\",\"potentialAction\":[{\"@type\":\"ReadAction\",\"target\":[\"https:\\\/\\\/www.acgl.fr\\\/index.php\\\/f-hhvp\\\/\"]}]},{\"@type\":\"ImageObject\",\"inLanguage\":\"fr-FR\",\"@id\":\"https:\\\/\\\/www.acgl.fr\\\/index.php\\\/f-hhvp\\\/#primaryimage\",\"url\":\"https:\\\/\\\/www.acgl.fr\\\/wp-content\\\/uploads\\\/2021\\\/10\\\/Frequence-Flash.png\",\"contentUrl\":\"https:\\\/\\\/www.acgl.fr\\\/wp-content\\\/uploads\\\/2021\\\/10\\\/Frequence-Flash.png\",\"width\":806,\"height\":219},{\"@type\":\"BreadcrumbList\",\"@id\":\"https:\\\/\\\/www.acgl.fr\\\/index.php\\\/f-hhvp\\\/#breadcrumb\",\"itemListElement\":[{\"@type\":\"ListItem\",\"position\":1,\"name\":\"Accueil\",\"item\":\"https:\\\/\\\/www.acgl.fr\\\/\"},{\"@type\":\"ListItem\",\"position\":2,\"name\":\"F-HHVP\"}]},{\"@type\":\"WebSite\",\"@id\":\"https:\\\/\\\/www.acgl.fr\\\/#website\",\"url\":\"https:\\\/\\\/www.acgl.fr\\\/\",\"name\":\"A\u00e9ro-Club du Grand Lyon\",\"description\":\"l&#039;A\u00e9roclub qui vous aide \u00e0 concr\u00e9tiser vos r\u00eaves\",\"publisher\":{\"@id\":\"https:\\\/\\\/www.acgl.fr\\\/#organization\"},\"potentialAction\":[{\"@type\":\"SearchAction\",\"target\":{\"@type\":\"EntryPoint\",\"urlTemplate\":\"https:\\\/\\\/www.acgl.fr\\\/?s={search_term_string}\"},\"query-input\":{\"@type\":\"PropertyValueSpecification\",\"valueRequired\":true,\"valueName\":\"search_term_string\"}}],\"inLanguage\":\"fr-FR\"},{\"@type\":\"Organization\",\"@id\":\"https:\\\/\\\/www.acgl.fr\\\/#organization\",\"name\":\"A\u00e9roclub du Grand Lyon\",\"url\":\"https:\\\/\\\/www.acgl.fr\\\/\",\"logo\":{\"@type\":\"ImageObject\",\"inLanguage\":\"fr-FR\",\"@id\":\"https:\\\/\\\/www.acgl.fr\\\/#\\\/schema\\\/logo\\\/image\\\/\",\"url\":\"https:\\\/\\\/www.acgl.fr\\\/wp-content\\\/uploads\\\/2021\\\/10\\\/AGCL_logo_190.png\",\"contentUrl\":\"https:\\\/\\\/www.acgl.fr\\\/wp-content\\\/uploads\\\/2021\\\/10\\\/AGCL_logo_190.png\",\"width\":190,\"height\":190,\"caption\":\"A\u00e9roclub du Grand Lyon\"},\"image\":{\"@id\":\"https:\\\/\\\/www.acgl.fr\\\/#\\\/schema\\\/logo\\\/image\\\/\"},\"sameAs\":[\"https:\\\/\\\/www.facebook.com\\\/AeroClubduGrandLyon\\\/\",\"https:\\\/\\\/www.instagram.com\\\/aeroclub_acgl\\\/\",\"https:\\\/\\\/www.youtube.com\\\/channel\\\/UCDYm_MaF1IlbRxICQXUDYmw\"]}]}<\/script>\n<!-- \/ Yoast SEO plugin. -->","yoast_head_json":{"title":"F-HHVP - A\u00e9ro-Club du Grand Lyon","robots":{"index":"index","follow":"follow","max-snippet":"max-snippet:-1","max-image-preview":"max-image-preview:large","max-video-preview":"max-video-preview:-1"},"canonical":"https:\/\/www.acgl.fr\/index.php\/f-hhvp\/","og_locale":"fr_FR","og_type":"article","og_title":"F-HHVP - A\u00e9ro-Club du Grand Lyon","og_description":"F-HHVP - Viper SD4 &nbsp; Fabriqu\u00e9 en Slovaquie par TomarkAero, le Viper SD4 est un appareil de nouvelle g\u00e9n\u00e9ration, \u00e0 l\u2019esth\u00e9tique valorisante, dot\u00e9 d\u2019un cockpit spacieux pourvu de nombreux \u00e9quipements modernes dont une avionique enti\u00e8rement digitale et d\u2019un int\u00e9rieur ergonomique et confortable. Moteur Rotax de 100 cv, 2 places, 105 kt, autonomie 5 h, son [&hellip;]","og_url":"https:\/\/www.acgl.fr\/index.php\/f-hhvp\/","og_site_name":"A\u00e9ro-Club du Grand Lyon","article_publisher":"https:\/\/www.facebook.com\/AeroClubduGrandLyon\/","article_modified_time":"2024-10-20T09:59:50+00:00","og_image":[{"width":806,"height":219,"url":"https:\/\/www.acgl.fr\/wp-content\/uploads\/2021\/10\/Frequence-Flash.png","type":"image\/png"}],"twitter_card":"summary_large_image","twitter_misc":{"Dur\u00e9e de lecture estim\u00e9e":"1 minute"},"schema":{"@context":"https:\/\/schema.org","@graph":[{"@type":"WebPage","@id":"https:\/\/www.acgl.fr\/index.php\/f-hhvp\/","url":"https:\/\/www.acgl.fr\/index.php\/f-hhvp\/","name":"F-HHVP - A\u00e9ro-Club du Grand Lyon","isPartOf":{"@id":"https:\/\/www.acgl.fr\/#website"},"primaryImageOfPage":{"@id":"https:\/\/www.acgl.fr\/index.php\/f-hhvp\/#primaryimage"},"image":{"@id":"https:\/\/www.acgl.fr\/index.php\/f-hhvp\/#primaryimage"},"thumbnailUrl":"https:\/\/www.acgl.fr\/wp-content\/uploads\/2021\/10\/Frequence-Flash.png","datePublished":"2021-10-30T14:17:40+00:00","dateModified":"2024-10-20T09:59:50+00:00","breadcrumb":{"@id":"https:\/\/www.acgl.fr\/index.php\/f-hhvp\/#breadcrumb"},"inLanguage":"fr-FR","potentialAction":[{"@type":"ReadAction","target":["https:\/\/www.acgl.fr\/index.php\/f-hhvp\/"]}]},{"@type":"ImageObject","inLanguage":"fr-FR","@id":"https:\/\/www.acgl.fr\/index.php\/f-hhvp\/#primaryimage","url":"https:\/\/www.acgl.fr\/wp-content\/uploads\/2021\/10\/Frequence-Flash.png","contentUrl":"https:\/\/www.acgl.fr\/wp-content\/uploads\/2021\/10\/Frequence-Flash.png","width":806,"height":219},{"@type":"BreadcrumbList","@id":"https:\/\/www.acgl.fr\/index.php\/f-hhvp\/#breadcrumb","itemListElement":[{"@type":"ListItem","position":1,"name":"Accueil","item":"https:\/\/www.acgl.fr\/"},{"@type":"ListItem","position":2,"name":"F-HHVP"}]},{"@type":"WebSite","@id":"https:\/\/www.acgl.fr\/#website","url":"https:\/\/www.acgl.fr\/","name":"A\u00e9ro-Club du Grand Lyon","description":"l&#039;A\u00e9roclub qui vous aide \u00e0 concr\u00e9tiser vos r\u00eaves","publisher":{"@id":"https:\/\/www.acgl.fr\/#organization"},"potentialAction":[{"@type":"SearchAction","target":{"@type":"EntryPoint","urlTemplate":"https:\/\/www.acgl.fr\/?s={search_term_string}"},"query-input":{"@type":"PropertyValueSpecification","valueRequired":true,"valueName":"search_term_string"}}],"inLanguage":"fr-FR"},{"@type":"Organization","@id":"https:\/\/www.acgl.fr\/#organization","name":"A\u00e9roclub du Grand Lyon","url":"https:\/\/www.acgl.fr\/","logo":{"@type":"ImageObject","inLanguage":"fr-FR","@id":"https:\/\/www.acgl.fr\/#\/schema\/logo\/image\/","url":"https:\/\/www.acgl.fr\/wp-content\/uploads\/2021\/10\/AGCL_logo_190.png","contentUrl":"https:\/\/www.acgl.fr\/wp-content\/uploads\/2021\/10\/AGCL_logo_190.png","width":190,"height":190,"caption":"A\u00e9roclub du Grand Lyon"},"image":{"@id":"https:\/\/www.acgl.fr\/#\/schema\/logo\/image\/"},"sameAs":["https:\/\/www.facebook.com\/AeroClubduGrandLyon\/","https:\/\/www.instagram.com\/aeroclub_acgl\/","https:\/\/www.youtube.com\/channel\/UCDYm_MaF1IlbRxICQXUDYmw"]}]}},"_links":{"self":[{"href":"https:\/\/www.acgl.fr\/index.php\/wp-json\/wp\/v2\/pages\/613","targetHints":{"allow":["GET"]}}],"collection":[{"href":"https:\/\/www.acgl.fr\/index.php\/wp-json\/wp\/v2\/pages"}],"about":[{"href":"https:\/\/www.acgl.fr\/index.php\/wp-json\/wp\/v2\/types\/page"}],"author":[{"embeddable":true,"href":"https:\/\/www.acgl.fr\/index.php\/wp-json\/wp\/v2\/users\/1"}],"replies":[{"embeddable":true,"href":"https:\/\/www.acgl.fr\/index.php\/wp-json\/wp\/v2\/comments?post=613"}],"version-history":[{"count":38,"href":"https:\/\/www.acgl.fr\/index.php\/wp-json\/wp\/v2\/pages\/613\/revisions"}],"predecessor-version":[{"id":2001,"href":"https:\/\/www.acgl.fr\/index.php\/wp-json\/wp\/v2\/pages\/613\/revisions\/2001"}],"wp:featuredmedia":[{"embeddable":true,"href":"https:\/\/www.acgl.fr\/index.php\/wp-json\/wp\/v2\/media\/617"}],"wp:attachment":[{"href":"https:\/\/www.acgl.fr\/index.php\/wp-json\/wp\/v2\/media?parent=613"}],"curies":[{"name":"wp","href":"https:\/\/api.w.org\/{rel}","templated":true}]}}