{"id":766,"date":"2021-11-03T22:55:56","date_gmt":"2021-11-03T21:55:56","guid":{"rendered":"https:\/\/www.acgl.fr\/?page_id=766"},"modified":"2024-06-01T14:05:17","modified_gmt":"2024-06-01T12:05:17","slug":"vol-dinitiation","status":"publish","type":"page","link":"https:\/\/www.acgl.fr\/index.php\/vol-dinitiation\/","title":{"rendered":"Vol d&#039;initiation"},"content":{"rendered":"<div class=\"vce-row-container\"><div class=\"vce-row vce-row--has-col-background vce-element--has-background vce-row--col-gap-30 vce-row-no-paddings vce-row-equal-height vce-row-content--top\" data-vce-full-width=\"true\" data-vce-stretch-content=\"true\" id=\"el-fcc0359c\" data-vce-do-apply=\"all el-fcc0359c\"><div class=\"vce-content-background-container\"><div class=\"vce-asset-parallax-container vce-visible-all-only\" data-vce-assets-parallax=\".vce-asset-parallax\" data-vce-assets-parallax-reverse=\"false\"><div class=\"vce-asset-parallax\" style=\"top: -30vh; bottom: -30vh; transform: translateY(-0.526806vh);\"><div class=\"vce-asset-background-simple-container vce-visible-all-only vce-asset-background-simple--style-cover vce-asset-background-simple--position-center-top\"><div class=\"vce-asset-background-simple\">\n              <div class=\"vce-asset-background-simple-item vcv-lozad\" data-background-image=\"http:\/\/dev.acgl.fr\/wp-content\/uploads\/2021\/10\/IMG_2433-scaled.jpg\"><\/div>\n              <noscript>\n                <div class=\"vce-asset-background-simple-item\" style=\"background-image: url(http:\/\/dev.acgl.fr\/wp-content\/uploads\/2021\/10\/IMG_2433-scaled.jpg)\"><\/div>\n              <\/noscript>\n            <\/div><\/div><\/div><\/div><\/div><div class=\"vce-row-content\" data-vce-element-content=\"true\"><div class=\"vce-col vce-col--md-15p vce-col--xs-1 vce-col--xs-last vce-col--xs-first vce-col--sm-last vce-col--sm-first vce-col--md-first vce-col--lg-first vce-col--xl-first\" id=\"el-934c0ad4\"><div class=\"vce-col-inner\" data-vce-do-apply=\"border margin background  el-934c0ad4\"><div class=\"vce-col-content\" data-vce-element-content=\"true\" data-vce-do-apply=\"padding el-934c0ad4\"><div class=\"vcv-row-control-wrapper\"><\/div><\/div><\/div><\/div><div class=\"vce-col vce-element--has-background vce-col--md-70p vce-col--xs-1 vce-col--xs-last vce-col--xs-first vce-col--sm-last vce-col--sm-first\" id=\"el-c9c631b1\"><div class=\"vce-col-inner\" data-vce-do-apply=\"border margin background  el-c9c631b1\"><div class=\"vce-content-background-container\"><\/div><div class=\"vce-col-content\" data-vce-element-content=\"true\" data-vce-do-apply=\"padding el-c9c631b1\"><div class=\"vce-text-block\"><div class=\"vce-text-block-wrapper vce\" id=\"el-1ce43fe8\" data-vce-do-apply=\"all el-1ce43fe8\"><div><!-- This site is optimized with the Yoast SEO plugin v19.13 - https:\/\/yoast.com\/wordpress\/plugins\/seo\/ --><!-- Avis aux administrateurs et administratrices\u00a0: cette page n\u2019affiche pas de m\u00e9ta description car elle n\u2019en a pas. Vous pouvez donc soit l\u2019ajouter sp\u00e9cifiquement pour cette page soit vous rendre dans vos r\u00e9glages (SEO - R\u00e9glages SEO) pour configurer un mod\u00e8le. --><!-- \/ Yoast SEO plugin. --><!-- This site uses the Google Analytics by MonsterInsights plugin v8.10.1 - Using Analytics tracking - https:\/\/www.monsterinsights.com\/ --><!-- Note: MonsterInsights does not track you as a logged-in site administrator to prevent site owners from accidentally skewing their own Google Analytics data.\nIf you are testing Google Analytics code, please do so either logged out or in the private browsing\/incognito mode of your web browser. --><!-- \/ Google Analytics by MonsterInsights --><noscript><style>.vce-row-container .vcv-lozad {display: none}<\/style><\/noscript><noscript><link rel='stylesheet' href='https:\/\/www.acgl.fr\/wp-content\/themes\/blocksy\/static\/bundle\/no-scripts.min.css' type='text\/css' \/><\/noscript><\/div>\n<div>\n<div><!-- This site uses the Google Analytics by MonsterInsights plugin v8.4.0 - Using Analytics tracking - https:\/\/www.monsterinsights.com\/ --><!-- Note: MonsterInsights does not track you as a logged-in site administrator to prevent site owners from accidentally skewing their own Google Analytics data.\nIf you are testing Google Analytics code, please do so either logged out or in the private browsing\/incognito mode of your web browser. --><!-- \/ Google Analytics by MonsterInsights --><noscript><style>.vce-row-container .vcv-lozad {display: none}<\/style><\/noscript><noscript><link rel='stylesheet' href='https:\/\/www.acgl.fr\/wp-content\/themes\/blocksy\/static\/bundle\/no-scripts.min.css' type='text\/css' \/><\/noscript><\/div>\n<div>\n<div><!-- This site uses the Google Analytics by MonsterInsights plugin v8.3.4 - Using Analytics tracking - https:\/\/www.monsterinsights.com\/ --><!-- Note: MonsterInsights does not track you as a logged-in site administrator to prevent site owners from accidentally skewing their own Google Analytics data.\nIf you are testing Google Analytics code, please do so either logged out or in the private browsing\/incognito mode of your web browser. --><!-- \/ Google Analytics by MonsterInsights --><noscript><style>.vce-row-container .vcv-lozad {display: none}<\/style><\/noscript><noscript><link rel='stylesheet' href='https:\/\/www.acgl.fr\/wp-content\/themes\/blocksy\/static\/bundle\/no-scripts.min.css' type='text\/css' \/><\/noscript><\/div>\n<p>&nbsp;<\/p>\n<div>\n<h2 class=\"qubely-heading-selector\">Vol d\u2019instruction : initiation au pilotage<\/h2>\n<p><img loading=\"lazy\" decoding=\"async\" class=\"wp-image-741 alignright\" src=\"http:\/\/dev.acgl.fr\/wp-content\/uploads\/2021\/11\/logoancv.jpg\" sizes=\"auto, (max-width: 161px) 100vw, 161px\" srcset=\"https:\/\/www.acgl.fr\/wp-content\/uploads\/2021\/11\/logoancv.jpg 823w, https:\/\/www.acgl.fr\/wp-content\/uploads\/2021\/11\/logoancv-300x220.jpg 300w, https:\/\/www.acgl.fr\/wp-content\/uploads\/2021\/11\/logoancv-768x564.jpg 768w\" alt=\"\" width=\"161\" height=\"118\">A la diff\u00e9rence du vol de d\u00e9couverte, l\u2019instructeur vous permettra de prendre les commandes. La dur\u00e9e du vol est de 45 minutes environ.<\/p>\n<h5>Le prix comprend :<\/h5>\n<ul>\n<li>Le pr\u00eat d'un casque<\/li>\n<li>Un briefing informatif avant vol<\/li>\n<li>L'assurance selon la r\u00e9glementation a\u00e9ronautique<\/li>\n<li>Une cotisation symbolique de membre<\/li>\n<\/ul>\n<p><strong>Tarif : <\/strong><\/p>\n<p><strong>240\u20ac sur avions \u00e9cole (1 \u00e0 2 personnes dans le m\u00eame avion, selon le poids)<\/strong><\/p>\n<p><strong>280\u20ac sur avions de voyage (2 personnes maximum)<\/strong><\/p>\n<p>Conditions particuli\u00e8res appliquables au C.E.<\/p>\n<p>Prise de renseignement ou de rendez-vous au 04 72 37 51 32. La demande peut \u00eatre faite directement sur notre <a href=\"..\/nous-contacter\/\">page de contact<\/a>.<\/p>\n<\/div>\n<div>\n<div class=\"ct-drawer-canvas\">&nbsp;<\/div>\n<\/div>\n<p>&nbsp;<\/p>\n<\/div>\n<div>\n<div class=\"ct-drawer-canvas\">&nbsp;<\/div>\n<\/div>\n<\/div>\n<div>\n<div class=\"ct-drawer-canvas\">&nbsp;<\/div>\n<\/div><\/div><\/div><div class=\"vce-button--style-basic-container vce-button--style-basic-container--align-left\"><span class=\"vce-button--style-basic-wrapper vce\" id=\"el-24e7a1eb\" data-vce-do-apply=\"margin el-24e7a1eb\"><a class=\"vce-button vce-button--style-basic vce-button--style-basic--border-square vce-button--style-basic--size-medium vce-button--style-basic--color-557cbf--fff\" href=\"\/index.php\/accueil\" title=\"\" data-vce-do-apply=\"padding border background  el-24e7a1eb\">Retour accueil<\/a><\/span><\/div><\/div><\/div><\/div><div class=\"vce-col vce-col--md-15p vce-col--xs-1 vce-col--xs-last vce-col--xs-first vce-col--sm-last vce-col--sm-first vce-col--md-last vce-col--lg-last vce-col--xl-last\" id=\"el-2f4f0c18\"><div class=\"vce-col-inner\" data-vce-do-apply=\"border margin background  el-2f4f0c18\"><div class=\"vce-col-content\" data-vce-element-content=\"true\" data-vce-do-apply=\"padding el-2f4f0c18\"><div class=\"vcv-row-control-wrapper\"><\/div><\/div><\/div><\/div><\/div><\/div><\/div>","protected":false},"excerpt":{"rendered":"<p>&nbsp; Vol d\u2019instruction : initiation au pilotage A la diff\u00e9rence du vol de d\u00e9couverte, l\u2019instructeur vous permettra de prendre les commandes. La dur\u00e9e du vol est de 45 minutes environ. Le prix comprend : Le pr\u00eat d&rsquo;un casque Un briefing informatif avant vol L&rsquo;assurance selon la r\u00e9glementation a\u00e9ronautique Une cotisation symbolique de membre Tarif : [&hellip;]<\/p>\n","protected":false},"author":1,"featured_media":0,"parent":0,"menu_order":0,"comment_status":"closed","ping_status":"closed","template":"","meta":{"qubely_global_settings":"","qubely_interactions":"","_monsterinsights_skip_tracking":false,"_monsterinsights_sitenote_active":false,"_monsterinsights_sitenote_note":"","_monsterinsights_sitenote_category":0,"footnotes":""},"class_list":["post-766","page","type-page","status-publish","hentry"],"blocksy_meta":{"styles_descriptor":{"styles":{"desktop":"","tablet":"","mobile":""},"google_fonts":[],"version":6}},"yoast_head":"<!-- This site is optimized with the Yoast SEO plugin v27.3 - https:\/\/yoast.com\/product\/yoast-seo-wordpress\/ -->\n<title>Vol d&#039;initiation - A\u00e9ro-Club du Grand Lyon<\/title>\n<meta name=\"robots\" content=\"index, follow, max-snippet:-1, max-image-preview:large, max-video-preview:-1\" \/>\n<link rel=\"canonical\" href=\"https:\/\/www.acgl.fr\/index.php\/vol-dinitiation\/\" \/>\n<meta property=\"og:locale\" content=\"fr_FR\" \/>\n<meta property=\"og:type\" content=\"article\" \/>\n<meta property=\"og:title\" content=\"Vol d&#039;initiation - A\u00e9ro-Club du Grand Lyon\" \/>\n<meta property=\"og:description\" content=\"&nbsp; Vol d\u2019instruction : initiation au pilotage A la diff\u00e9rence du vol de d\u00e9couverte, l\u2019instructeur vous permettra de prendre les commandes. La dur\u00e9e du vol est de 45 minutes environ. Le prix comprend : Le pr\u00eat d&#039;un casque Un briefing informatif avant vol L&#039;assurance selon la r\u00e9glementation a\u00e9ronautique Une cotisation symbolique de membre Tarif : [&hellip;]\" \/>\n<meta property=\"og:url\" content=\"https:\/\/www.acgl.fr\/index.php\/vol-dinitiation\/\" \/>\n<meta property=\"og:site_name\" content=\"A\u00e9ro-Club du Grand Lyon\" \/>\n<meta property=\"article:publisher\" content=\"https:\/\/www.facebook.com\/AeroClubduGrandLyon\/\" \/>\n<meta property=\"article:modified_time\" content=\"2024-06-01T12:05:17+00:00\" \/>\n<meta property=\"og:image\" content=\"http:\/\/dev.acgl.fr\/wp-content\/uploads\/2021\/11\/logoancv.jpg\" \/>\n<meta name=\"twitter:card\" content=\"summary_large_image\" \/>\n<meta name=\"twitter:label1\" content=\"Dur\u00e9e de lecture estim\u00e9e\" \/>\n\t<meta name=\"twitter:data1\" content=\"1 minute\" \/>\n<script type=\"application\/ld+json\" class=\"yoast-schema-graph\">{\"@context\":\"https:\\\/\\\/schema.org\",\"@graph\":[{\"@type\":\"WebPage\",\"@id\":\"https:\\\/\\\/www.acgl.fr\\\/index.php\\\/vol-dinitiation\\\/\",\"url\":\"https:\\\/\\\/www.acgl.fr\\\/index.php\\\/vol-dinitiation\\\/\",\"name\":\"Vol d&#039;initiation - A\u00e9ro-Club du Grand Lyon\",\"isPartOf\":{\"@id\":\"https:\\\/\\\/www.acgl.fr\\\/#website\"},\"primaryImageOfPage\":{\"@id\":\"https:\\\/\\\/www.acgl.fr\\\/index.php\\\/vol-dinitiation\\\/#primaryimage\"},\"image\":{\"@id\":\"https:\\\/\\\/www.acgl.fr\\\/index.php\\\/vol-dinitiation\\\/#primaryimage\"},\"thumbnailUrl\":\"http:\\\/\\\/dev.acgl.fr\\\/wp-content\\\/uploads\\\/2021\\\/11\\\/logoancv.jpg\",\"datePublished\":\"2021-11-03T21:55:56+00:00\",\"dateModified\":\"2024-06-01T12:05:17+00:00\",\"breadcrumb\":{\"@id\":\"https:\\\/\\\/www.acgl.fr\\\/index.php\\\/vol-dinitiation\\\/#breadcrumb\"},\"inLanguage\":\"fr-FR\",\"potentialAction\":[{\"@type\":\"ReadAction\",\"target\":[\"https:\\\/\\\/www.acgl.fr\\\/index.php\\\/vol-dinitiation\\\/\"]}]},{\"@type\":\"ImageObject\",\"inLanguage\":\"fr-FR\",\"@id\":\"https:\\\/\\\/www.acgl.fr\\\/index.php\\\/vol-dinitiation\\\/#primaryimage\",\"url\":\"http:\\\/\\\/dev.acgl.fr\\\/wp-content\\\/uploads\\\/2021\\\/11\\\/logoancv.jpg\",\"contentUrl\":\"http:\\\/\\\/dev.acgl.fr\\\/wp-content\\\/uploads\\\/2021\\\/11\\\/logoancv.jpg\"},{\"@type\":\"BreadcrumbList\",\"@id\":\"https:\\\/\\\/www.acgl.fr\\\/index.php\\\/vol-dinitiation\\\/#breadcrumb\",\"itemListElement\":[{\"@type\":\"ListItem\",\"position\":1,\"name\":\"Accueil\",\"item\":\"https:\\\/\\\/www.acgl.fr\\\/\"},{\"@type\":\"ListItem\",\"position\":2,\"name\":\"Vol d&#039;initiation\"}]},{\"@type\":\"WebSite\",\"@id\":\"https:\\\/\\\/www.acgl.fr\\\/#website\",\"url\":\"https:\\\/\\\/www.acgl.fr\\\/\",\"name\":\"A\u00e9ro-Club du Grand Lyon\",\"description\":\"l&#039;A\u00e9roclub qui vous aide \u00e0 concr\u00e9tiser vos r\u00eaves\",\"publisher\":{\"@id\":\"https:\\\/\\\/www.acgl.fr\\\/#organization\"},\"potentialAction\":[{\"@type\":\"SearchAction\",\"target\":{\"@type\":\"EntryPoint\",\"urlTemplate\":\"https:\\\/\\\/www.acgl.fr\\\/?s={search_term_string}\"},\"query-input\":{\"@type\":\"PropertyValueSpecification\",\"valueRequired\":true,\"valueName\":\"search_term_string\"}}],\"inLanguage\":\"fr-FR\"},{\"@type\":\"Organization\",\"@id\":\"https:\\\/\\\/www.acgl.fr\\\/#organization\",\"name\":\"A\u00e9roclub du Grand Lyon\",\"url\":\"https:\\\/\\\/www.acgl.fr\\\/\",\"logo\":{\"@type\":\"ImageObject\",\"inLanguage\":\"fr-FR\",\"@id\":\"https:\\\/\\\/www.acgl.fr\\\/#\\\/schema\\\/logo\\\/image\\\/\",\"url\":\"https:\\\/\\\/www.acgl.fr\\\/wp-content\\\/uploads\\\/2021\\\/10\\\/AGCL_logo_190.png\",\"contentUrl\":\"https:\\\/\\\/www.acgl.fr\\\/wp-content\\\/uploads\\\/2021\\\/10\\\/AGCL_logo_190.png\",\"width\":190,\"height\":190,\"caption\":\"A\u00e9roclub du Grand Lyon\"},\"image\":{\"@id\":\"https:\\\/\\\/www.acgl.fr\\\/#\\\/schema\\\/logo\\\/image\\\/\"},\"sameAs\":[\"https:\\\/\\\/www.facebook.com\\\/AeroClubduGrandLyon\\\/\",\"https:\\\/\\\/www.instagram.com\\\/aeroclub_acgl\\\/\",\"https:\\\/\\\/www.youtube.com\\\/channel\\\/UCDYm_MaF1IlbRxICQXUDYmw\"]}]}<\/script>\n<!-- \/ Yoast SEO plugin. -->","yoast_head_json":{"title":"Vol d&#039;initiation - A\u00e9ro-Club du Grand Lyon","robots":{"index":"index","follow":"follow","max-snippet":"max-snippet:-1","max-image-preview":"max-image-preview:large","max-video-preview":"max-video-preview:-1"},"canonical":"https:\/\/www.acgl.fr\/index.php\/vol-dinitiation\/","og_locale":"fr_FR","og_type":"article","og_title":"Vol d&#039;initiation - A\u00e9ro-Club du Grand Lyon","og_description":"&nbsp; Vol d\u2019instruction : initiation au pilotage A la diff\u00e9rence du vol de d\u00e9couverte, l\u2019instructeur vous permettra de prendre les commandes. La dur\u00e9e du vol est de 45 minutes environ. Le prix comprend : Le pr\u00eat d'un casque Un briefing informatif avant vol L'assurance selon la r\u00e9glementation a\u00e9ronautique Une cotisation symbolique de membre Tarif : [&hellip;]","og_url":"https:\/\/www.acgl.fr\/index.php\/vol-dinitiation\/","og_site_name":"A\u00e9ro-Club du Grand Lyon","article_publisher":"https:\/\/www.facebook.com\/AeroClubduGrandLyon\/","article_modified_time":"2024-06-01T12:05:17+00:00","og_image":[{"url":"http:\/\/dev.acgl.fr\/wp-content\/uploads\/2021\/11\/logoancv.jpg","type":"","width":"","height":""}],"twitter_card":"summary_large_image","twitter_misc":{"Dur\u00e9e de lecture estim\u00e9e":"1 minute"},"schema":{"@context":"https:\/\/schema.org","@graph":[{"@type":"WebPage","@id":"https:\/\/www.acgl.fr\/index.php\/vol-dinitiation\/","url":"https:\/\/www.acgl.fr\/index.php\/vol-dinitiation\/","name":"Vol d&#039;initiation - A\u00e9ro-Club du Grand Lyon","isPartOf":{"@id":"https:\/\/www.acgl.fr\/#website"},"primaryImageOfPage":{"@id":"https:\/\/www.acgl.fr\/index.php\/vol-dinitiation\/#primaryimage"},"image":{"@id":"https:\/\/www.acgl.fr\/index.php\/vol-dinitiation\/#primaryimage"},"thumbnailUrl":"http:\/\/dev.acgl.fr\/wp-content\/uploads\/2021\/11\/logoancv.jpg","datePublished":"2021-11-03T21:55:56+00:00","dateModified":"2024-06-01T12:05:17+00:00","breadcrumb":{"@id":"https:\/\/www.acgl.fr\/index.php\/vol-dinitiation\/#breadcrumb"},"inLanguage":"fr-FR","potentialAction":[{"@type":"ReadAction","target":["https:\/\/www.acgl.fr\/index.php\/vol-dinitiation\/"]}]},{"@type":"ImageObject","inLanguage":"fr-FR","@id":"https:\/\/www.acgl.fr\/index.php\/vol-dinitiation\/#primaryimage","url":"http:\/\/dev.acgl.fr\/wp-content\/uploads\/2021\/11\/logoancv.jpg","contentUrl":"http:\/\/dev.acgl.fr\/wp-content\/uploads\/2021\/11\/logoancv.jpg"},{"@type":"BreadcrumbList","@id":"https:\/\/www.acgl.fr\/index.php\/vol-dinitiation\/#breadcrumb","itemListElement":[{"@type":"ListItem","position":1,"name":"Accueil","item":"https:\/\/www.acgl.fr\/"},{"@type":"ListItem","position":2,"name":"Vol d&#039;initiation"}]},{"@type":"WebSite","@id":"https:\/\/www.acgl.fr\/#website","url":"https:\/\/www.acgl.fr\/","name":"A\u00e9ro-Club du Grand Lyon","description":"l&#039;A\u00e9roclub qui vous aide \u00e0 concr\u00e9tiser vos r\u00eaves","publisher":{"@id":"https:\/\/www.acgl.fr\/#organization"},"potentialAction":[{"@type":"SearchAction","target":{"@type":"EntryPoint","urlTemplate":"https:\/\/www.acgl.fr\/?s={search_term_string}"},"query-input":{"@type":"PropertyValueSpecification","valueRequired":true,"valueName":"search_term_string"}}],"inLanguage":"fr-FR"},{"@type":"Organization","@id":"https:\/\/www.acgl.fr\/#organization","name":"A\u00e9roclub du Grand Lyon","url":"https:\/\/www.acgl.fr\/","logo":{"@type":"ImageObject","inLanguage":"fr-FR","@id":"https:\/\/www.acgl.fr\/#\/schema\/logo\/image\/","url":"https:\/\/www.acgl.fr\/wp-content\/uploads\/2021\/10\/AGCL_logo_190.png","contentUrl":"https:\/\/www.acgl.fr\/wp-content\/uploads\/2021\/10\/AGCL_logo_190.png","width":190,"height":190,"caption":"A\u00e9roclub du Grand Lyon"},"image":{"@id":"https:\/\/www.acgl.fr\/#\/schema\/logo\/image\/"},"sameAs":["https:\/\/www.facebook.com\/AeroClubduGrandLyon\/","https:\/\/www.instagram.com\/aeroclub_acgl\/","https:\/\/www.youtube.com\/channel\/UCDYm_MaF1IlbRxICQXUDYmw"]}]}},"_links":{"self":[{"href":"https:\/\/www.acgl.fr\/index.php\/wp-json\/wp\/v2\/pages\/766","targetHints":{"allow":["GET"]}}],"collection":[{"href":"https:\/\/www.acgl.fr\/index.php\/wp-json\/wp\/v2\/pages"}],"about":[{"href":"https:\/\/www.acgl.fr\/index.php\/wp-json\/wp\/v2\/types\/page"}],"author":[{"embeddable":true,"href":"https:\/\/www.acgl.fr\/index.php\/wp-json\/wp\/v2\/users\/1"}],"replies":[{"embeddable":true,"href":"https:\/\/www.acgl.fr\/index.php\/wp-json\/wp\/v2\/comments?post=766"}],"version-history":[{"count":19,"href":"https:\/\/www.acgl.fr\/index.php\/wp-json\/wp\/v2\/pages\/766\/revisions"}],"predecessor-version":[{"id":1990,"href":"https:\/\/www.acgl.fr\/index.php\/wp-json\/wp\/v2\/pages\/766\/revisions\/1990"}],"wp:attachment":[{"href":"https:\/\/www.acgl.fr\/index.php\/wp-json\/wp\/v2\/media?parent=766"}],"curies":[{"name":"wp","href":"https:\/\/api.w.org\/{rel}","templated":true}]}}