{"id":779,"date":"2021-11-03T23:30:22","date_gmt":"2021-11-03T22:30:22","guid":{"rendered":"https:\/\/www.acgl.fr\/?page_id=779"},"modified":"2022-12-26T17:31:03","modified_gmt":"2022-12-26T16:31:03","slug":"forfait-decouverte","status":"publish","type":"page","link":"https:\/\/www.acgl.fr\/index.php\/forfait-decouverte\/","title":{"rendered":"Forfait d\u00e9couverte"},"content":{"rendered":"<div class=\"vce-row-container\"><div class=\"vce-row vce-row--has-col-background vce-element--has-background vce-row--col-gap-30 vce-row-no-paddings vce-row-equal-height vce-row-content--top\" data-vce-full-width=\"true\" data-vce-stretch-content=\"true\" id=\"el-c71d4cb0\" data-vce-do-apply=\"all el-c71d4cb0\"><div class=\"vce-content-background-container\"><div class=\"vce-asset-parallax-container vce-visible-all-only\" data-vce-assets-parallax=\".vce-asset-parallax\" data-vce-assets-parallax-reverse=\"false\"><div class=\"vce-asset-parallax\" style=\"top: -30vh; bottom: -30vh; transform: translateY(-8.9095vh);\"><div class=\"vce-asset-background-simple-container vce-visible-all-only vce-asset-background-simple--style-cover vce-asset-background-simple--position-center-top\"><div class=\"vce-asset-background-simple\">\n              <div class=\"vce-asset-background-simple-item vcv-lozad\" data-background-image=\"http:\/\/dev.acgl.fr\/wp-content\/uploads\/2021\/11\/IMG_3211-scaled.jpg\"><\/div>\n              <noscript>\n                <div class=\"vce-asset-background-simple-item\" style=\"background-image: url(http:\/\/dev.acgl.fr\/wp-content\/uploads\/2021\/11\/IMG_3211-scaled.jpg)\"><\/div>\n              <\/noscript>\n            <\/div><\/div><\/div><\/div><\/div><div class=\"vce-row-content\" data-vce-element-content=\"true\"><div class=\"vce-col vce-col--md-15p vce-col--xs-1 vce-col--xs-last vce-col--xs-first vce-col--sm-last vce-col--sm-first vce-col--md-first vce-col--lg-first vce-col--xl-first\" id=\"el-f254af77\"><div class=\"vce-col-inner\" data-vce-do-apply=\"border margin background  el-f254af77\"><div class=\"vce-col-content\" data-vce-element-content=\"true\" data-vce-do-apply=\"padding el-f254af77\"><div><\/div><\/div><\/div><\/div><div class=\"vce-col vce-element--has-background vce-col--md-auto vce-col--xs-1 vce-col--xs-last vce-col--xs-first vce-col--sm-last vce-col--sm-first\" id=\"el-8b7014d3\"><div class=\"vce-col-inner\" data-vce-do-apply=\"border margin background  el-8b7014d3\"><div class=\"vce-content-background-container\"><\/div><div class=\"vce-col-content\" data-vce-element-content=\"true\" data-vce-do-apply=\"padding el-8b7014d3\"><div class=\"vce-text-block\"><div class=\"vce-text-block-wrapper vce\" id=\"el-dcef7477\" data-vce-do-apply=\"all el-dcef7477\"><h3>Forfait \"d\u00e9couverte de l'aviation l\u00e9g\u00e8re\"<\/h3>\n<h2><!-- \/wp:heading --><!-- wp:paragraph --><\/h2>\n<p>Ce forfait vous permet de d\u00e9couvrir le monde a\u00e9ronautique de mani\u00e8re plus approfondie que par un simple bapt\u00eame, \u00e0 un&nbsp;<strong>co\u00fbt ma\u00eetris\u00e9<\/strong>&nbsp;et&nbsp;<strong>sans engagement ult\u00e9rieur.<\/strong><\/p>\n<h2><!-- \/wp:paragraph --><!-- wp:paragraph --><\/h2>\n<p>Aux commandes de l'un de ses appareils, l\u2019A\u00e9ro-Club du Grand Lyon vous propose une d\u00e9couverte du monde a\u00e9ronautique avec <strong>trois vols d\u2019environ 45 minutes<\/strong> effectu\u00e9s avec un instructeur. <br>L\u2019instructeur assure pour chaque vol le briefing et le d\u00e9briefing, en situation d\u2019instruction et vous fait d\u00e9couvrir le milieu a\u00e9ronautique. Vous \u00eates install\u00e9 en position Pilote et vous pouvez vous faire accompagner par la personne de votre choix en place arri\u00e8re de l'avion.<\/p>\n<h2><!-- \/wp:paragraph --><!-- wp:heading {\"level\":5} --><\/h2>\n<h5><strong>Le forfait d'un montant de 700,00 \u20ac int\u00e8gre :<\/strong><\/h5>\n<h2><!-- \/wp:heading --><!-- wp:qubely\/advancedlist {\"uniqueId\":\"7dad4f\",\"layout\":\"classic\",\"listItems\":[\"L'adh\u00e9sion ponctuelle au Club\",\"La Licence FFA\",\"Les trois s\u00e9ances Double Commande (DC) - environ 45 minutes chacune\",\"Le Carnet de vol et attestation\"]} --><\/h2>\n<div class=\"wp-block-qubely-advancedlist qubely-block-7dad4f\">\n<div class=\"qubely-block-advanced-list  qubely-alignment-left\">\n<ul>\n<li>L'adh\u00e9sion ponctuelle au Club<\/li>\n<li>La Licence FFA<\/li>\n<li>Les trois s\u00e9ances Double Commande (DC) - environ 45 minutes chacune<\/li>\n<li>Le Carnet de vol et attestation<\/li>\n<\/ul>\n<\/div>\n<\/div>\n<h2><!-- \/wp:qubely\/advancedlist --><!-- wp:pullquote --><\/h2>\n<figure class=\"wp-block-pullquote\">\n<blockquote>\n<p>Pour toute inscription d\u00e9finitive au club, \u00e0 la suite de cette d\u00e9couverte du monde a\u00e9ronautique, 50 euros seront d\u00e9duits de votre premi\u00e8re cotisation annuelle.<\/p>\n<\/blockquote>\n<\/figure>\n<h2><!-- \/wp:pullquote --><!-- wp:paragraph --><\/h2>\n<p>Conditions particuli\u00e8res appliquables aux C.E.<\/p>\n<p>Prise de renseignement ou de rendez-vous au&nbsp;<strong>04 72 37 51 32.&nbsp;<\/strong>La demande peut \u00eatre faite directement sur <a href=\"..\/nous-contacter\/\" data-type=\"URL\" data-id=\"index.php\/contact\/\">notre page de contact<\/a>.<\/p><\/div><\/div><div class=\"vce-button--style-basic-container vce-button--style-basic-container--align-left\"><span class=\"vce-button--style-basic-wrapper vce\" id=\"el-2f91e699\" data-vce-do-apply=\"margin el-2f91e699\"><a class=\"vce-button vce-button--style-basic vce-button--style-basic--border-square vce-button--style-basic--size-medium vce-button--style-basic--color-557cbf--fff\" href=\"\/index.php\/accueil\" title=\"\" data-vce-do-apply=\"padding border background  el-2f91e699\">Retour accueil<\/a><\/span><\/div><\/div><\/div><\/div><div class=\"vce-col vce-col--md-15p vce-col--xs-1 vce-col--xs-last vce-col--xs-first vce-col--sm-last vce-col--sm-first vce-col--md-last vce-col--lg-last vce-col--xl-last\" id=\"el-771f0c4c\"><div class=\"vce-col-inner\" data-vce-do-apply=\"border margin background  el-771f0c4c\"><div class=\"vce-col-content\" data-vce-element-content=\"true\" data-vce-do-apply=\"padding el-771f0c4c\"><!-- wp:vcwb\/empty-comment-element-wrapper --><div><\/div><!-- \/wp:vcwb\/empty-comment-element-wrapper --><\/div><\/div><\/div><\/div><\/div><\/div>","protected":false},"excerpt":{"rendered":"<p>Forfait \u00ab\u00a0d\u00e9couverte de l&rsquo;aviation l\u00e9g\u00e8re\u00a0\u00bb Ce forfait vous permet de d\u00e9couvrir le monde a\u00e9ronautique de mani\u00e8re plus approfondie que par un simple bapt\u00eame, \u00e0 un&nbsp;co\u00fbt ma\u00eetris\u00e9&nbsp;et&nbsp;sans engagement ult\u00e9rieur. Aux commandes de l&rsquo;un de ses appareils, l\u2019A\u00e9ro-Club du Grand Lyon vous propose une d\u00e9couverte du monde a\u00e9ronautique avec trois vols d\u2019environ 45 minutes effectu\u00e9s avec un [&hellip;]<\/p>\n","protected":false},"author":1,"featured_media":705,"parent":0,"menu_order":0,"comment_status":"closed","ping_status":"closed","template":"qubely_full_width","meta":{"qubely_global_settings":"","qubely_interactions":"","_monsterinsights_skip_tracking":false,"_monsterinsights_sitenote_active":false,"_monsterinsights_sitenote_note":"","_monsterinsights_sitenote_category":0,"footnotes":""},"class_list":["post-779","page","type-page","status-publish","has-post-thumbnail","hentry"],"blocksy_meta":{"styles_descriptor":{"styles":{"desktop":"","tablet":"","mobile":""},"google_fonts":[],"version":6}},"yoast_head":"<!-- This site is optimized with the Yoast SEO plugin v27.5 - https:\/\/yoast.com\/product\/yoast-seo-wordpress\/ -->\n<title>Forfait d\u00e9couverte - A\u00e9ro-Club du Grand Lyon<\/title>\n<meta name=\"robots\" content=\"index, follow, max-snippet:-1, max-image-preview:large, max-video-preview:-1\" \/>\n<link rel=\"canonical\" href=\"https:\/\/www.acgl.fr\/index.php\/forfait-decouverte\/\" \/>\n<meta property=\"og:locale\" content=\"fr_FR\" \/>\n<meta property=\"og:type\" content=\"article\" \/>\n<meta property=\"og:title\" content=\"Forfait d\u00e9couverte - A\u00e9ro-Club du Grand Lyon\" \/>\n<meta property=\"og:description\" content=\"Forfait &quot;d\u00e9couverte de l&#039;aviation l\u00e9g\u00e8re&quot; Ce forfait vous permet de d\u00e9couvrir le monde a\u00e9ronautique de mani\u00e8re plus approfondie que par un simple bapt\u00eame, \u00e0 un&nbsp;co\u00fbt ma\u00eetris\u00e9&nbsp;et&nbsp;sans engagement ult\u00e9rieur. Aux commandes de l&#039;un de ses appareils, l\u2019A\u00e9ro-Club du Grand Lyon vous propose une d\u00e9couverte du monde a\u00e9ronautique avec trois vols d\u2019environ 45 minutes effectu\u00e9s avec un [&hellip;]\" \/>\n<meta property=\"og:url\" content=\"https:\/\/www.acgl.fr\/index.php\/forfait-decouverte\/\" \/>\n<meta property=\"og:site_name\" content=\"A\u00e9ro-Club du Grand Lyon\" \/>\n<meta property=\"article:publisher\" content=\"https:\/\/www.facebook.com\/AeroClubduGrandLyon\/\" \/>\n<meta property=\"article:modified_time\" content=\"2022-12-26T16:31:03+00:00\" \/>\n<meta property=\"og:image\" content=\"https:\/\/www.acgl.fr\/wp-content\/uploads\/2021\/11\/TableauBord.jpg\" \/>\n\t<meta property=\"og:image:width\" content=\"1026\" \/>\n\t<meta property=\"og:image:height\" content=\"677\" \/>\n\t<meta property=\"og:image:type\" content=\"image\/jpeg\" \/>\n<meta name=\"twitter:card\" content=\"summary_large_image\" \/>\n<meta name=\"twitter:label1\" content=\"Dur\u00e9e de lecture estim\u00e9e\" \/>\n\t<meta name=\"twitter:data1\" content=\"1 minute\" \/>\n<script type=\"application\/ld+json\" class=\"yoast-schema-graph\">{\"@context\":\"https:\\\/\\\/schema.org\",\"@graph\":[{\"@type\":\"WebPage\",\"@id\":\"https:\\\/\\\/www.acgl.fr\\\/index.php\\\/forfait-decouverte\\\/\",\"url\":\"https:\\\/\\\/www.acgl.fr\\\/index.php\\\/forfait-decouverte\\\/\",\"name\":\"Forfait d\u00e9couverte - A\u00e9ro-Club du Grand Lyon\",\"isPartOf\":{\"@id\":\"https:\\\/\\\/www.acgl.fr\\\/#website\"},\"primaryImageOfPage\":{\"@id\":\"https:\\\/\\\/www.acgl.fr\\\/index.php\\\/forfait-decouverte\\\/#primaryimage\"},\"image\":{\"@id\":\"https:\\\/\\\/www.acgl.fr\\\/index.php\\\/forfait-decouverte\\\/#primaryimage\"},\"thumbnailUrl\":\"https:\\\/\\\/www.acgl.fr\\\/wp-content\\\/uploads\\\/2021\\\/11\\\/TableauBord.jpg\",\"datePublished\":\"2021-11-03T22:30:22+00:00\",\"dateModified\":\"2022-12-26T16:31:03+00:00\",\"breadcrumb\":{\"@id\":\"https:\\\/\\\/www.acgl.fr\\\/index.php\\\/forfait-decouverte\\\/#breadcrumb\"},\"inLanguage\":\"fr-FR\",\"potentialAction\":[{\"@type\":\"ReadAction\",\"target\":[\"https:\\\/\\\/www.acgl.fr\\\/index.php\\\/forfait-decouverte\\\/\"]}]},{\"@type\":\"ImageObject\",\"inLanguage\":\"fr-FR\",\"@id\":\"https:\\\/\\\/www.acgl.fr\\\/index.php\\\/forfait-decouverte\\\/#primaryimage\",\"url\":\"https:\\\/\\\/www.acgl.fr\\\/wp-content\\\/uploads\\\/2021\\\/11\\\/TableauBord.jpg\",\"contentUrl\":\"https:\\\/\\\/www.acgl.fr\\\/wp-content\\\/uploads\\\/2021\\\/11\\\/TableauBord.jpg\",\"width\":1026,\"height\":677},{\"@type\":\"BreadcrumbList\",\"@id\":\"https:\\\/\\\/www.acgl.fr\\\/index.php\\\/forfait-decouverte\\\/#breadcrumb\",\"itemListElement\":[{\"@type\":\"ListItem\",\"position\":1,\"name\":\"Accueil\",\"item\":\"https:\\\/\\\/www.acgl.fr\\\/\"},{\"@type\":\"ListItem\",\"position\":2,\"name\":\"Forfait d\u00e9couverte\"}]},{\"@type\":\"WebSite\",\"@id\":\"https:\\\/\\\/www.acgl.fr\\\/#website\",\"url\":\"https:\\\/\\\/www.acgl.fr\\\/\",\"name\":\"A\u00e9ro-Club du Grand Lyon\",\"description\":\"l&#039;A\u00e9roclub qui vous aide \u00e0 concr\u00e9tiser vos r\u00eaves\",\"publisher\":{\"@id\":\"https:\\\/\\\/www.acgl.fr\\\/#organization\"},\"potentialAction\":[{\"@type\":\"SearchAction\",\"target\":{\"@type\":\"EntryPoint\",\"urlTemplate\":\"https:\\\/\\\/www.acgl.fr\\\/?s={search_term_string}\"},\"query-input\":{\"@type\":\"PropertyValueSpecification\",\"valueRequired\":true,\"valueName\":\"search_term_string\"}}],\"inLanguage\":\"fr-FR\"},{\"@type\":\"Organization\",\"@id\":\"https:\\\/\\\/www.acgl.fr\\\/#organization\",\"name\":\"A\u00e9roclub du Grand Lyon\",\"url\":\"https:\\\/\\\/www.acgl.fr\\\/\",\"logo\":{\"@type\":\"ImageObject\",\"inLanguage\":\"fr-FR\",\"@id\":\"https:\\\/\\\/www.acgl.fr\\\/#\\\/schema\\\/logo\\\/image\\\/\",\"url\":\"https:\\\/\\\/www.acgl.fr\\\/wp-content\\\/uploads\\\/2021\\\/10\\\/AGCL_logo_190.png\",\"contentUrl\":\"https:\\\/\\\/www.acgl.fr\\\/wp-content\\\/uploads\\\/2021\\\/10\\\/AGCL_logo_190.png\",\"width\":190,\"height\":190,\"caption\":\"A\u00e9roclub du Grand Lyon\"},\"image\":{\"@id\":\"https:\\\/\\\/www.acgl.fr\\\/#\\\/schema\\\/logo\\\/image\\\/\"},\"sameAs\":[\"https:\\\/\\\/www.facebook.com\\\/AeroClubduGrandLyon\\\/\",\"https:\\\/\\\/www.instagram.com\\\/aeroclub_acgl\\\/\",\"https:\\\/\\\/www.youtube.com\\\/channel\\\/UCDYm_MaF1IlbRxICQXUDYmw\"]}]}<\/script>\n<!-- \/ Yoast SEO plugin. -->","yoast_head_json":{"title":"Forfait d\u00e9couverte - A\u00e9ro-Club du Grand Lyon","robots":{"index":"index","follow":"follow","max-snippet":"max-snippet:-1","max-image-preview":"max-image-preview:large","max-video-preview":"max-video-preview:-1"},"canonical":"https:\/\/www.acgl.fr\/index.php\/forfait-decouverte\/","og_locale":"fr_FR","og_type":"article","og_title":"Forfait d\u00e9couverte - A\u00e9ro-Club du Grand Lyon","og_description":"Forfait \"d\u00e9couverte de l'aviation l\u00e9g\u00e8re\" Ce forfait vous permet de d\u00e9couvrir le monde a\u00e9ronautique de mani\u00e8re plus approfondie que par un simple bapt\u00eame, \u00e0 un&nbsp;co\u00fbt ma\u00eetris\u00e9&nbsp;et&nbsp;sans engagement ult\u00e9rieur. Aux commandes de l'un de ses appareils, l\u2019A\u00e9ro-Club du Grand Lyon vous propose une d\u00e9couverte du monde a\u00e9ronautique avec trois vols d\u2019environ 45 minutes effectu\u00e9s avec un [&hellip;]","og_url":"https:\/\/www.acgl.fr\/index.php\/forfait-decouverte\/","og_site_name":"A\u00e9ro-Club du Grand Lyon","article_publisher":"https:\/\/www.facebook.com\/AeroClubduGrandLyon\/","article_modified_time":"2022-12-26T16:31:03+00:00","og_image":[{"width":1026,"height":677,"url":"https:\/\/www.acgl.fr\/wp-content\/uploads\/2021\/11\/TableauBord.jpg","type":"image\/jpeg"}],"twitter_card":"summary_large_image","twitter_misc":{"Dur\u00e9e de lecture estim\u00e9e":"1 minute"},"schema":{"@context":"https:\/\/schema.org","@graph":[{"@type":"WebPage","@id":"https:\/\/www.acgl.fr\/index.php\/forfait-decouverte\/","url":"https:\/\/www.acgl.fr\/index.php\/forfait-decouverte\/","name":"Forfait d\u00e9couverte - A\u00e9ro-Club du Grand Lyon","isPartOf":{"@id":"https:\/\/www.acgl.fr\/#website"},"primaryImageOfPage":{"@id":"https:\/\/www.acgl.fr\/index.php\/forfait-decouverte\/#primaryimage"},"image":{"@id":"https:\/\/www.acgl.fr\/index.php\/forfait-decouverte\/#primaryimage"},"thumbnailUrl":"https:\/\/www.acgl.fr\/wp-content\/uploads\/2021\/11\/TableauBord.jpg","datePublished":"2021-11-03T22:30:22+00:00","dateModified":"2022-12-26T16:31:03+00:00","breadcrumb":{"@id":"https:\/\/www.acgl.fr\/index.php\/forfait-decouverte\/#breadcrumb"},"inLanguage":"fr-FR","potentialAction":[{"@type":"ReadAction","target":["https:\/\/www.acgl.fr\/index.php\/forfait-decouverte\/"]}]},{"@type":"ImageObject","inLanguage":"fr-FR","@id":"https:\/\/www.acgl.fr\/index.php\/forfait-decouverte\/#primaryimage","url":"https:\/\/www.acgl.fr\/wp-content\/uploads\/2021\/11\/TableauBord.jpg","contentUrl":"https:\/\/www.acgl.fr\/wp-content\/uploads\/2021\/11\/TableauBord.jpg","width":1026,"height":677},{"@type":"BreadcrumbList","@id":"https:\/\/www.acgl.fr\/index.php\/forfait-decouverte\/#breadcrumb","itemListElement":[{"@type":"ListItem","position":1,"name":"Accueil","item":"https:\/\/www.acgl.fr\/"},{"@type":"ListItem","position":2,"name":"Forfait d\u00e9couverte"}]},{"@type":"WebSite","@id":"https:\/\/www.acgl.fr\/#website","url":"https:\/\/www.acgl.fr\/","name":"A\u00e9ro-Club du Grand Lyon","description":"l&#039;A\u00e9roclub qui vous aide \u00e0 concr\u00e9tiser vos r\u00eaves","publisher":{"@id":"https:\/\/www.acgl.fr\/#organization"},"potentialAction":[{"@type":"SearchAction","target":{"@type":"EntryPoint","urlTemplate":"https:\/\/www.acgl.fr\/?s={search_term_string}"},"query-input":{"@type":"PropertyValueSpecification","valueRequired":true,"valueName":"search_term_string"}}],"inLanguage":"fr-FR"},{"@type":"Organization","@id":"https:\/\/www.acgl.fr\/#organization","name":"A\u00e9roclub du Grand Lyon","url":"https:\/\/www.acgl.fr\/","logo":{"@type":"ImageObject","inLanguage":"fr-FR","@id":"https:\/\/www.acgl.fr\/#\/schema\/logo\/image\/","url":"https:\/\/www.acgl.fr\/wp-content\/uploads\/2021\/10\/AGCL_logo_190.png","contentUrl":"https:\/\/www.acgl.fr\/wp-content\/uploads\/2021\/10\/AGCL_logo_190.png","width":190,"height":190,"caption":"A\u00e9roclub du Grand Lyon"},"image":{"@id":"https:\/\/www.acgl.fr\/#\/schema\/logo\/image\/"},"sameAs":["https:\/\/www.facebook.com\/AeroClubduGrandLyon\/","https:\/\/www.instagram.com\/aeroclub_acgl\/","https:\/\/www.youtube.com\/channel\/UCDYm_MaF1IlbRxICQXUDYmw"]}]}},"_links":{"self":[{"href":"https:\/\/www.acgl.fr\/index.php\/wp-json\/wp\/v2\/pages\/779","targetHints":{"allow":["GET"]}}],"collection":[{"href":"https:\/\/www.acgl.fr\/index.php\/wp-json\/wp\/v2\/pages"}],"about":[{"href":"https:\/\/www.acgl.fr\/index.php\/wp-json\/wp\/v2\/types\/page"}],"author":[{"embeddable":true,"href":"https:\/\/www.acgl.fr\/index.php\/wp-json\/wp\/v2\/users\/1"}],"replies":[{"embeddable":true,"href":"https:\/\/www.acgl.fr\/index.php\/wp-json\/wp\/v2\/comments?post=779"}],"version-history":[{"count":25,"href":"https:\/\/www.acgl.fr\/index.php\/wp-json\/wp\/v2\/pages\/779\/revisions"}],"predecessor-version":[{"id":1943,"href":"https:\/\/www.acgl.fr\/index.php\/wp-json\/wp\/v2\/pages\/779\/revisions\/1943"}],"wp:featuredmedia":[{"embeddable":true,"href":"https:\/\/www.acgl.fr\/index.php\/wp-json\/wp\/v2\/media\/705"}],"wp:attachment":[{"href":"https:\/\/www.acgl.fr\/index.php\/wp-json\/wp\/v2\/media?parent=779"}],"curies":[{"name":"wp","href":"https:\/\/api.w.org\/{rel}","templated":true}]}}